{"id":4089,"date":"2024-11-05T14:38:01","date_gmt":"2024-11-05T14:38:01","guid":{"rendered":"https:\/\/trevotech.com\/produto\/articulating-booms\/"},"modified":"2025-08-05T15:48:21","modified_gmt":"2025-08-05T15:48:21","slug":"nacelles-articulees","status":"publish","type":"product","link":"https:\/\/trevotech.com\/fr\/produto\/nacelles-articulees\/","title":{"rendered":"Nacelles Articul\u00e9es"},"content":{"rendered":"<p><span style=\"font-weight: 400;\">Les nacelles articul\u00e9es Skyjack sont reconnues pour leur fiabilit\u00e9, leur durabilit\u00e9 et leur facilit\u00e9 d&rsquo;utilisation dans diverses applications, notamment dans des environnements de travail exigeants. Ces plateformes \u00e9l\u00e9vatrices a\u00e9riennes offrent une port\u00e9e impressionnante et une grande flexibilit\u00e9, avec une large gamme de mod\u00e8les d\u00e9velopp\u00e9s pour r\u00e9pondre \u00e0 diff\u00e9rents besoins op\u00e9rationnels.<\/span><\/p>\n<p><span style=\"font-weight: 400;\">Par exemple, le mod\u00e8le SJ30 AR offre une hauteur de travail de 10,89 m\u00e8tres et une port\u00e9e horizontale allant jusqu&rsquo;\u00e0 6,1 m\u00e8tres, tandis que le SJ46 AJ offre une port\u00e9e sup\u00e9rieure, avec une hauteur de travail de 15,92 m\u00e8tres et une port\u00e9e horizontale de 7,6 m\u00e8tres.<\/span><\/p>\n<p><span style=\"font-weight: 400;\">\u00c9quip\u00e9es de commandes intuitives et d&rsquo;une construction robuste, les nacelles articul\u00e9es Skyjack sont id\u00e9ales pour des t\u00e2ches n\u00e9cessitant une man\u0153uvrabilit\u00e9 pr\u00e9cise dans des espaces restreints. Leurs fonctionnalit\u00e9s avanc\u00e9es, telles que la rotation de la plateforme \u00e0 360 degr\u00e9s, les plateformes extensibles et les performances solides dans des conditions ext\u00e9rieures, en font un choix privil\u00e9gi\u00e9 pour les travaux de construction, de maintenance et industriels. Chaque mod\u00e8le est con\u00e7u en tenant compte de la s\u00e9curit\u00e9 et du confort de l&rsquo;op\u00e9rateur, avec des surfaces antid\u00e9rapantes et des syst\u00e8mes de nivellement automatique pour am\u00e9liorer la stabilit\u00e9 et la facilit\u00e9 d&rsquo;utilisation.<\/span><\/p>\n<p><span style=\"font-weight: 400;\">Les nacelles articul\u00e9es Skyjack sont reconnues pour leur fiabilit\u00e9, leur durabilit\u00e9 et leur facilit\u00e9 d&rsquo;utilisation dans diverses applications, notamment dans des environnements de travail exigeants. Ces plateformes \u00e9l\u00e9vatrices a\u00e9riennes offrent une port\u00e9e impressionnante et une grande flexibilit\u00e9, avec une large gamme de mod\u00e8les d\u00e9velopp\u00e9s pour r\u00e9pondre \u00e0 diff\u00e9rents besoins op\u00e9rationnels.<\/span><\/p>\n<p><span style=\"font-weight: 400;\">Par exemple, le mod\u00e8le SJ30 AR offre une hauteur de travail de 10,89 m\u00e8tres et une port\u00e9e horizontale allant jusqu&rsquo;\u00e0 6,1 m\u00e8tres, tandis que le SJ46 AJ offre une port\u00e9e sup\u00e9rieure, avec une hauteur de travail de 15,92 m\u00e8tres et une port\u00e9e horizontale de 7,6 m\u00e8tres.<\/span><\/p>\n<p><span style=\"font-weight: 400;\">\u00c9quip\u00e9es de commandes intuitives et d&rsquo;une construction robuste, les nacelles articul\u00e9es Skyjack sont id\u00e9ales pour des t\u00e2ches n\u00e9cessitant une man\u0153uvrabilit\u00e9 pr\u00e9cise dans des espaces restreints. Leurs fonctionnalit\u00e9s avanc\u00e9es, telles que la rotation de la plateforme \u00e0 360 degr\u00e9s, les plateformes extensibles et les performances solides dans des conditions ext\u00e9rieures, en font un choix privil\u00e9gi\u00e9 pour les travaux de construction, de maintenance et industriels. Chaque mod\u00e8le est con\u00e7u en tenant compte de la s\u00e9curit\u00e9 et du confort de l&rsquo;op\u00e9rateur, avec des surfaces antid\u00e9rapantes et des syst\u00e8mes de nivellement automatique pour am\u00e9liorer la stabilit\u00e9 et la facilit\u00e9 d&rsquo;utilisation.<\/span><\/p>\n","protected":false},"excerpt":{"rendered":"<p><span style=\"font-weight: 400;\">Les nacelles articul\u00e9es Skyjack sont appr\u00e9ci\u00e9es pour leur fiabilit\u00e9, leur durabilit\u00e9 et leur facilit\u00e9 d&rsquo;utilisation dans des environnements de travail exigeants.<\/span><span style=\"font-weight: 400;\"><br \/>\n<\/span><span style=\"font-weight: 400;\">Ces plateformes \u00e9l\u00e9vatrices offrent une port\u00e9e impressionnante et une grande flexibilit\u00e9, avec plusieurs mod\u00e8les con\u00e7us pour r\u00e9pondre \u00e0 diff\u00e9rents besoins op\u00e9rationnels.<\/span><span style=\"font-weight: 400;\"><br \/>\n<\/span><span style=\"font-weight: 400;\">Le mod\u00e8le SJ30 AR, par exemple, atteint une hauteur de travail de 10,89 m\u00e8tres et une port\u00e9e horizontale de 6,1 m\u00e8tres, tandis que la SJ46 AJ offre une hauteur de travail de 15,92 m\u00e8tres et une port\u00e9e horizontale de 7,6 m\u00e8tres.<\/span><span style=\"font-weight: 400;\"><br \/>\n<\/span><span style=\"font-weight: 400;\">Gr\u00e2ce \u00e0 leurs commandes intuitives et leur conception robuste, ces nacelles sont id\u00e9ales pour des travaux n\u00e9cessitant une man\u0153uvrabilit\u00e9 pr\u00e9cise dans des espaces restreints.<\/span><span style=\"font-weight: 400;\"><br \/>\n<\/span><span style=\"font-weight: 400;\"> Parmi leurs caract\u00e9ristiques avanc\u00e9es figurent la rotation de la tourelle \u00e0 360\u00b0, des plateformes extensibles, et d\u2019excellentes performances en ext\u00e9rieur.<\/span><span style=\"font-weight: 400;\"><br \/>\n<\/span><span style=\"font-weight: 400;\">Chaque mod\u00e8le est pens\u00e9 pour la s\u00e9curit\u00e9 et le confort de l\u2019op\u00e9rateur, avec des surfaces antid\u00e9rapantes et des syst\u00e8mes de mise \u00e0 niveau automatique garantissant stabilit\u00e9 et facilit\u00e9 d\u2019utilisation.<\/span><\/p>\n","protected":false},"featured_media":4090,"comment_status":"open","ping_status":"closed","template":"","meta":{"_acf_changed":false},"product_brand":[],"product_cat":[458],"product_tag":[],"class_list":{"0":"post-4089","1":"product","2":"type-product","3":"status-publish","4":"has-post-thumbnail","6":"product_cat-sem-categoria-fr","7":"setores-industrie","8":"setores-petrole-et-gaz","9":"marcas-skyjack","10":"tipo_produto-nacelles-articulees","12":"first","13":"instock","14":"shipping-taxable","15":"product-type-simple"},"acf":[],"yoast_head":"<!-- This site is optimized with the Yoast SEO plugin v25.2 - https:\/\/yoast.com\/wordpress\/plugins\/seo\/ -->\n<title>Nacelles Articul\u00e9es Skyjack - Trevotech Group<\/title>\n<meta name=\"description\" content=\"Les nacelles articul\u00e9es Skyjack sont reconnues pour leur fiabilit\u00e9, leur durabilit\u00e9 et leur facilit\u00e9 d&#039;utilisation dans diverses applications, notamment...\" \/>\n<meta name=\"robots\" content=\"index, follow, max-snippet:-1, max-image-preview:large, max-video-preview:-1\" \/>\n<link rel=\"canonical\" href=\"https:\/\/trevotech.com\/fr\/produto\/nacelles-articulees\/\" \/>\n<meta property=\"og:locale\" content=\"fr_FR\" \/>\n<meta property=\"og:type\" content=\"article\" \/>\n<meta property=\"og:title\" content=\"Nacelles Articul\u00e9es Skyjack - Trevotech Group\" \/>\n<meta property=\"og:description\" content=\"Les nacelles articul\u00e9es Skyjack sont reconnues pour leur fiabilit\u00e9, leur durabilit\u00e9 et leur facilit\u00e9 d&#039;utilisation dans diverses applications, notamment...\" \/>\n<meta property=\"og:url\" content=\"https:\/\/trevotech.com\/fr\/produto\/nacelles-articulees\/\" \/>\n<meta property=\"og:site_name\" content=\"Trevotech Group\" \/>\n<meta property=\"article:modified_time\" content=\"2025-08-05T15:48:21+00:00\" \/>\n<meta property=\"og:image\" content=\"https:\/\/trevotech.com\/wp-content\/uploads\/2024\/11\/Skyjack-04-1.webp\" \/>\n\t<meta property=\"og:image:width\" content=\"1000\" \/>\n\t<meta property=\"og:image:height\" content=\"1000\" \/>\n\t<meta property=\"og:image:type\" content=\"image\/webp\" \/>\n<meta name=\"twitter:card\" content=\"summary_large_image\" \/>\n<meta name=\"twitter:label1\" content=\"Dur\u00e9e de lecture estim\u00e9e\" \/>\n\t<meta name=\"twitter:data1\" content=\"3 minutes\" \/>\n<script type=\"application\/ld+json\" class=\"yoast-schema-graph\">{\"@context\":\"https:\/\/schema.org\",\"@graph\":[{\"@type\":\"WebPage\",\"@id\":\"https:\/\/trevotech.com\/fr\/produto\/nacelles-articulees\/\",\"url\":\"https:\/\/trevotech.com\/fr\/produto\/nacelles-articulees\/\",\"name\":\"Nacelles Articul\u00e9es Skyjack - Trevotech Group\",\"isPartOf\":{\"@id\":\"https:\/\/trevotech.com\/fr\/#website\"},\"primaryImageOfPage\":{\"@id\":\"https:\/\/trevotech.com\/fr\/produto\/nacelles-articulees\/#primaryimage\"},\"image\":{\"@id\":\"https:\/\/trevotech.com\/fr\/produto\/nacelles-articulees\/#primaryimage\"},\"thumbnailUrl\":\"https:\/\/trevotech.com\/wp-content\/uploads\/2024\/11\/Skyjack-04-1.webp\",\"datePublished\":\"2024-11-05T14:38:01+00:00\",\"dateModified\":\"2025-08-05T15:48:21+00:00\",\"description\":\"Les nacelles articul\u00e9es Skyjack sont reconnues pour leur fiabilit\u00e9, leur durabilit\u00e9 et leur facilit\u00e9 d'utilisation dans diverses applications, notamment...\",\"breadcrumb\":{\"@id\":\"https:\/\/trevotech.com\/fr\/produto\/nacelles-articulees\/#breadcrumb\"},\"inLanguage\":\"fr-FR\",\"potentialAction\":[{\"@type\":\"ReadAction\",\"target\":[\"https:\/\/trevotech.com\/fr\/produto\/nacelles-articulees\/\"]}]},{\"@type\":\"ImageObject\",\"inLanguage\":\"fr-FR\",\"@id\":\"https:\/\/trevotech.com\/fr\/produto\/nacelles-articulees\/#primaryimage\",\"url\":\"https:\/\/trevotech.com\/wp-content\/uploads\/2024\/11\/Skyjack-04-1.webp\",\"contentUrl\":\"https:\/\/trevotech.com\/wp-content\/uploads\/2024\/11\/Skyjack-04-1.webp\",\"width\":1000,\"height\":1000,\"caption\":\"Articulating Booms\"},{\"@type\":\"BreadcrumbList\",\"@id\":\"https:\/\/trevotech.com\/fr\/produto\/nacelles-articulees\/#breadcrumb\",\"itemListElement\":[{\"@type\":\"ListItem\",\"position\":1,\"name\":\"In\u00edcio\",\"item\":\"https:\/\/trevotech.com\/fr\/\"},{\"@type\":\"ListItem\",\"position\":2,\"name\":\"Produits\",\"item\":\"https:\/\/trevotech.com\/fr\/shop\/\"},{\"@type\":\"ListItem\",\"position\":3,\"name\":\"Nacelles Articul\u00e9es\"}]},{\"@type\":\"WebSite\",\"@id\":\"https:\/\/trevotech.com\/fr\/#website\",\"url\":\"https:\/\/trevotech.com\/fr\/\",\"name\":\"Trevotech Group\",\"description\":\"\",\"potentialAction\":[{\"@type\":\"SearchAction\",\"target\":{\"@type\":\"EntryPoint\",\"urlTemplate\":\"https:\/\/trevotech.com\/fr\/?s={search_term_string}\"},\"query-input\":{\"@type\":\"PropertyValueSpecification\",\"valueRequired\":true,\"valueName\":\"search_term_string\"}}],\"inLanguage\":\"fr-FR\"}]}<\/script>\n<!-- \/ Yoast SEO plugin. -->","yoast_head_json":{"title":"Nacelles Articul\u00e9es Skyjack - Trevotech Group","description":"Les nacelles articul\u00e9es Skyjack sont reconnues pour leur fiabilit\u00e9, leur durabilit\u00e9 et leur facilit\u00e9 d'utilisation dans diverses applications, notamment...","robots":{"index":"index","follow":"follow","max-snippet":"max-snippet:-1","max-image-preview":"max-image-preview:large","max-video-preview":"max-video-preview:-1"},"canonical":"https:\/\/trevotech.com\/fr\/produto\/nacelles-articulees\/","og_locale":"fr_FR","og_type":"article","og_title":"Nacelles Articul\u00e9es Skyjack - Trevotech Group","og_description":"Les nacelles articul\u00e9es Skyjack sont reconnues pour leur fiabilit\u00e9, leur durabilit\u00e9 et leur facilit\u00e9 d'utilisation dans diverses applications, notamment...","og_url":"https:\/\/trevotech.com\/fr\/produto\/nacelles-articulees\/","og_site_name":"Trevotech Group","article_modified_time":"2025-08-05T15:48:21+00:00","og_image":[{"width":1000,"height":1000,"url":"https:\/\/trevotech.com\/wp-content\/uploads\/2024\/11\/Skyjack-04-1.webp","type":"image\/webp"}],"twitter_card":"summary_large_image","twitter_misc":{"Dur\u00e9e de lecture estim\u00e9e":"3 minutes"},"schema":{"@context":"https:\/\/schema.org","@graph":[{"@type":"WebPage","@id":"https:\/\/trevotech.com\/fr\/produto\/nacelles-articulees\/","url":"https:\/\/trevotech.com\/fr\/produto\/nacelles-articulees\/","name":"Nacelles Articul\u00e9es Skyjack - Trevotech Group","isPartOf":{"@id":"https:\/\/trevotech.com\/fr\/#website"},"primaryImageOfPage":{"@id":"https:\/\/trevotech.com\/fr\/produto\/nacelles-articulees\/#primaryimage"},"image":{"@id":"https:\/\/trevotech.com\/fr\/produto\/nacelles-articulees\/#primaryimage"},"thumbnailUrl":"https:\/\/trevotech.com\/wp-content\/uploads\/2024\/11\/Skyjack-04-1.webp","datePublished":"2024-11-05T14:38:01+00:00","dateModified":"2025-08-05T15:48:21+00:00","description":"Les nacelles articul\u00e9es Skyjack sont reconnues pour leur fiabilit\u00e9, leur durabilit\u00e9 et leur facilit\u00e9 d'utilisation dans diverses applications, notamment...","breadcrumb":{"@id":"https:\/\/trevotech.com\/fr\/produto\/nacelles-articulees\/#breadcrumb"},"inLanguage":"fr-FR","potentialAction":[{"@type":"ReadAction","target":["https:\/\/trevotech.com\/fr\/produto\/nacelles-articulees\/"]}]},{"@type":"ImageObject","inLanguage":"fr-FR","@id":"https:\/\/trevotech.com\/fr\/produto\/nacelles-articulees\/#primaryimage","url":"https:\/\/trevotech.com\/wp-content\/uploads\/2024\/11\/Skyjack-04-1.webp","contentUrl":"https:\/\/trevotech.com\/wp-content\/uploads\/2024\/11\/Skyjack-04-1.webp","width":1000,"height":1000,"caption":"Articulating Booms"},{"@type":"BreadcrumbList","@id":"https:\/\/trevotech.com\/fr\/produto\/nacelles-articulees\/#breadcrumb","itemListElement":[{"@type":"ListItem","position":1,"name":"In\u00edcio","item":"https:\/\/trevotech.com\/fr\/"},{"@type":"ListItem","position":2,"name":"Produits","item":"https:\/\/trevotech.com\/fr\/shop\/"},{"@type":"ListItem","position":3,"name":"Nacelles Articul\u00e9es"}]},{"@type":"WebSite","@id":"https:\/\/trevotech.com\/fr\/#website","url":"https:\/\/trevotech.com\/fr\/","name":"Trevotech Group","description":"","potentialAction":[{"@type":"SearchAction","target":{"@type":"EntryPoint","urlTemplate":"https:\/\/trevotech.com\/fr\/?s={search_term_string}"},"query-input":{"@type":"PropertyValueSpecification","valueRequired":true,"valueName":"search_term_string"}}],"inLanguage":"fr-FR"}]}},"_links":{"self":[{"href":"https:\/\/trevotech.com\/fr\/wp-json\/wp\/v2\/product\/4089","targetHints":{"allow":["GET"]}}],"collection":[{"href":"https:\/\/trevotech.com\/fr\/wp-json\/wp\/v2\/product"}],"about":[{"href":"https:\/\/trevotech.com\/fr\/wp-json\/wp\/v2\/types\/product"}],"replies":[{"embeddable":true,"href":"https:\/\/trevotech.com\/fr\/wp-json\/wp\/v2\/comments?post=4089"}],"wp:featuredmedia":[{"embeddable":true,"href":"https:\/\/trevotech.com\/fr\/wp-json\/wp\/v2\/media\/4090"}],"wp:attachment":[{"href":"https:\/\/trevotech.com\/fr\/wp-json\/wp\/v2\/media?parent=4089"}],"wp:term":[{"taxonomy":"product_brand","embeddable":true,"href":"https:\/\/trevotech.com\/fr\/wp-json\/wp\/v2\/product_brand?post=4089"},{"taxonomy":"product_cat","embeddable":true,"href":"https:\/\/trevotech.com\/fr\/wp-json\/wp\/v2\/product_cat?post=4089"},{"taxonomy":"product_tag","embeddable":true,"href":"https:\/\/trevotech.com\/fr\/wp-json\/wp\/v2\/product_tag?post=4089"}],"curies":[{"name":"wp","href":"https:\/\/api.w.org\/{rel}","templated":true}]}}