{"id":4104,"date":"2024-11-05T14:35:43","date_gmt":"2024-11-05T14:35:43","guid":{"rendered":"https:\/\/trevotech.com\/produto\/telescopic-booms\/"},"modified":"2025-08-05T15:48:32","modified_gmt":"2025-08-05T15:48:32","slug":"nacelles-telescopiques","status":"publish","type":"product","link":"https:\/\/trevotech.com\/fr\/produto\/nacelles-telescopiques\/","title":{"rendered":"Nacelles T\u00e9lescopiques"},"content":{"rendered":"<p><span style=\"font-weight: 400;\">Les nacelles t\u00e9lescopiques Skyjack sont con\u00e7ues pour les applications en hauteur n\u00e9cessitant une port\u00e9e horizontale importante, offrant flexibilit\u00e9 et pr\u00e9cision exceptionnelles. Elles sont parfaites pour les travaux de construction, de maintenance et d\u2019industrie n\u00e9cessitant \u00e0 la fois \u00e9l\u00e9vation verticale et port\u00e9e lat\u00e9rale.<\/span><span style=\"font-weight: 400;\"><br \/>\n<\/span><span style=\"font-weight: 400;\">Les mod\u00e8les SJ46T et SJ66T, par exemple, offrent des hauteurs de travail de 15,8 \u00e0 22 m\u00e8tres, avec une port\u00e9e horizontale pouvant atteindre 12,6 m\u00e8tres selon le mod\u00e8le.<\/span><span style=\"font-weight: 400;\"><br \/>\n<\/span><span style=\"font-weight: 400;\">Les capacit\u00e9s de charge des plateformes varient g\u00e9n\u00e9ralement entre 230 et 340 kg, permettant aux op\u00e9rateurs de transporter facilement leurs outils et \u00e9quipements.<\/span><span style=\"font-weight: 400;\"><br \/>\n<\/span><span style=\"font-weight: 400;\">Dot\u00e9es d\u2019un puissant syst\u00e8me de traction int\u00e9grale (4WD) et d\u2019une garde au sol \u00e9lev\u00e9e, ces nacelles assurent des performances sup\u00e9rieures sur terrains difficiles.<\/span><span style=\"font-weight: 400;\"><br \/>\n<\/span><span style=\"font-weight: 400;\">Elles sont \u00e9galement \u00e9quip\u00e9es de commandes par joystick avanc\u00e9es pour une utilisation fluide et un contr\u00f4le optimal en hauteur.<\/span><span style=\"font-weight: 400;\"><br \/>\n<\/span><span style=\"font-weight: 400;\">Connues pour leur construction robuste, leur polyvalence et leur facilit\u00e9 d\u2019entretien, les nacelles t\u00e9lescopiques Skyjack repr\u00e9sentent une solution id\u00e9ale pour travailler en hauteur dans des conditions exigeantes, tout en assurant productivit\u00e9 et s\u00e9curit\u00e9.<\/span><\/p>\n<p><span style=\"font-weight: 400;\">Les nacelles t\u00e9lescopiques Skyjack sont con\u00e7ues pour les applications en hauteur n\u00e9cessitant une port\u00e9e horizontale importante, offrant flexibilit\u00e9 et pr\u00e9cision exceptionnelles. Elles sont parfaites pour les travaux de construction, de maintenance et d\u2019industrie n\u00e9cessitant \u00e0 la fois \u00e9l\u00e9vation verticale et port\u00e9e lat\u00e9rale.<\/span><span style=\"font-weight: 400;\"><br \/>\n<\/span><span style=\"font-weight: 400;\">Les mod\u00e8les SJ46T et SJ66T, par exemple, offrent des hauteurs de travail de 15,8 \u00e0 22 m\u00e8tres, avec une port\u00e9e horizontale pouvant atteindre 12,6 m\u00e8tres selon le mod\u00e8le.<\/span><span style=\"font-weight: 400;\"><br \/>\n<\/span><span style=\"font-weight: 400;\">Les capacit\u00e9s de charge des plateformes varient g\u00e9n\u00e9ralement entre 230 et 340 kg, permettant aux op\u00e9rateurs de transporter facilement leurs outils et \u00e9quipements.<\/span><span style=\"font-weight: 400;\"><br \/>\n<\/span><span style=\"font-weight: 400;\">Dot\u00e9es d\u2019un puissant syst\u00e8me de traction int\u00e9grale (4WD) et d\u2019une garde au sol \u00e9lev\u00e9e, ces nacelles assurent des performances sup\u00e9rieures sur terrains difficiles.<\/span><span style=\"font-weight: 400;\"><br \/>\n<\/span><span style=\"font-weight: 400;\">Elles sont \u00e9galement \u00e9quip\u00e9es de commandes par joystick avanc\u00e9es pour une utilisation fluide et un contr\u00f4le optimal en hauteur.<\/span><span style=\"font-weight: 400;\"><br \/>\n<\/span><span style=\"font-weight: 400;\">Connues pour leur construction robuste, leur polyvalence et leur facilit\u00e9 d\u2019entretien, les nacelles t\u00e9lescopiques Skyjack repr\u00e9sentent une solution id\u00e9ale pour travailler en hauteur dans des conditions exigeantes, tout en assurant productivit\u00e9 et s\u00e9curit\u00e9.<\/span><\/p>\n","protected":false},"excerpt":{"rendered":"<p><span style=\"font-weight: 400;\">Les nacelles t\u00e9lescopiques Skyjack sont con\u00e7ues pour les applications en hauteur n\u00e9cessitant une port\u00e9e horizontale importante, offrant flexibilit\u00e9 et pr\u00e9cision exceptionnelles. Elles sont parfaites pour les travaux de construction, de maintenance et d\u2019industrie n\u00e9cessitant \u00e0 la fois \u00e9l\u00e9vation verticale et port\u00e9e lat\u00e9rale.<\/span><span style=\"font-weight: 400;\"><br \/>\n<\/span><span style=\"font-weight: 400;\">Les mod\u00e8les SJ46T et SJ66T, par exemple, offrent des hauteurs de travail de 15,8 \u00e0 22 m\u00e8tres, avec une port\u00e9e horizontale pouvant atteindre 12,6 m\u00e8tres selon le mod\u00e8le.<\/span><span style=\"font-weight: 400;\"><br \/>\n<\/span><span style=\"font-weight: 400;\">Les capacit\u00e9s de charge des plateformes varient g\u00e9n\u00e9ralement entre 230 et 340 kg, permettant aux op\u00e9rateurs de transporter facilement leurs outils et \u00e9quipements.<\/span><span style=\"font-weight: 400;\"><br \/>\n<\/span><span style=\"font-weight: 400;\">Dot\u00e9es d\u2019un puissant syst\u00e8me de traction int\u00e9grale (4WD) et d\u2019une garde au sol \u00e9lev\u00e9e, ces nacelles assurent des performances sup\u00e9rieures sur terrains difficiles.<\/span><span style=\"font-weight: 400;\"><br \/>\n<\/span><span style=\"font-weight: 400;\">Elles sont \u00e9galement \u00e9quip\u00e9es de commandes par joystick avanc\u00e9es pour une utilisation fluide et un contr\u00f4le optimal en hauteur.<\/span><span style=\"font-weight: 400;\"><br \/>\n<\/span><span style=\"font-weight: 400;\">Connues pour leur construction robuste, leur polyvalence et leur facilit\u00e9 d\u2019entretien, les nacelles t\u00e9lescopiques Skyjack repr\u00e9sentent une solution id\u00e9ale pour travailler en hauteur dans des conditions exigeantes, tout en assurant productivit\u00e9 et s\u00e9curit\u00e9.<\/span><\/p>\n","protected":false},"featured_media":4105,"comment_status":"open","ping_status":"closed","template":"","meta":{"_acf_changed":false},"product_brand":[],"product_cat":[458],"product_tag":[],"class_list":{"0":"post-4104","1":"product","2":"type-product","3":"status-publish","4":"has-post-thumbnail","6":"product_cat-sem-categoria-fr","7":"setores-industrie","8":"setores-petrole-et-gaz","9":"marcas-skyjack","10":"tipo_produto-nacelles-telescopiques","12":"first","13":"instock","14":"shipping-taxable","15":"product-type-simple"},"acf":[],"yoast_head":"<!-- This site is optimized with the Yoast SEO plugin v25.2 - https:\/\/yoast.com\/wordpress\/plugins\/seo\/ -->\n<title>Nacelles T\u00e9lescopiques Skyjack - Trevotech Group<\/title>\n<meta name=\"description\" content=\"Les nacelles t\u00e9lescopiques Skyjack sont con\u00e7ues pour les applications en hauteur n\u00e9cessitant une port\u00e9e horizontale importante, offrant...\" \/>\n<meta name=\"robots\" content=\"index, follow, max-snippet:-1, max-image-preview:large, max-video-preview:-1\" \/>\n<link rel=\"canonical\" href=\"https:\/\/trevotech.com\/fr\/produto\/nacelles-telescopiques\/\" \/>\n<meta property=\"og:locale\" content=\"fr_FR\" \/>\n<meta property=\"og:type\" content=\"article\" \/>\n<meta property=\"og:title\" content=\"Nacelles T\u00e9lescopiques Skyjack - Trevotech Group\" \/>\n<meta property=\"og:description\" content=\"Les nacelles t\u00e9lescopiques Skyjack sont con\u00e7ues pour les applications en hauteur n\u00e9cessitant une port\u00e9e horizontale importante, offrant...\" \/>\n<meta property=\"og:url\" content=\"https:\/\/trevotech.com\/fr\/produto\/nacelles-telescopiques\/\" \/>\n<meta property=\"og:site_name\" content=\"Trevotech Group\" \/>\n<meta property=\"article:modified_time\" content=\"2025-08-05T15:48:32+00:00\" \/>\n<meta property=\"og:image\" content=\"https:\/\/trevotech.com\/wp-content\/uploads\/2024\/11\/Skyjack-03-1.webp\" \/>\n\t<meta property=\"og:image:width\" content=\"1000\" \/>\n\t<meta property=\"og:image:height\" content=\"1000\" \/>\n\t<meta property=\"og:image:type\" content=\"image\/webp\" \/>\n<meta name=\"twitter:card\" content=\"summary_large_image\" \/>\n<meta name=\"twitter:label1\" content=\"Dur\u00e9e de lecture estim\u00e9e\" \/>\n\t<meta name=\"twitter:data1\" content=\"3 minutes\" \/>\n<script type=\"application\/ld+json\" class=\"yoast-schema-graph\">{\"@context\":\"https:\/\/schema.org\",\"@graph\":[{\"@type\":\"WebPage\",\"@id\":\"https:\/\/trevotech.com\/fr\/produto\/nacelles-telescopiques\/\",\"url\":\"https:\/\/trevotech.com\/fr\/produto\/nacelles-telescopiques\/\",\"name\":\"Nacelles T\u00e9lescopiques Skyjack - Trevotech Group\",\"isPartOf\":{\"@id\":\"https:\/\/trevotech.com\/fr\/#website\"},\"primaryImageOfPage\":{\"@id\":\"https:\/\/trevotech.com\/fr\/produto\/nacelles-telescopiques\/#primaryimage\"},\"image\":{\"@id\":\"https:\/\/trevotech.com\/fr\/produto\/nacelles-telescopiques\/#primaryimage\"},\"thumbnailUrl\":\"https:\/\/trevotech.com\/wp-content\/uploads\/2024\/11\/Skyjack-03-1.webp\",\"datePublished\":\"2024-11-05T14:35:43+00:00\",\"dateModified\":\"2025-08-05T15:48:32+00:00\",\"description\":\"Les nacelles t\u00e9lescopiques Skyjack sont con\u00e7ues pour les applications en hauteur n\u00e9cessitant une port\u00e9e horizontale importante, offrant...\",\"breadcrumb\":{\"@id\":\"https:\/\/trevotech.com\/fr\/produto\/nacelles-telescopiques\/#breadcrumb\"},\"inLanguage\":\"fr-FR\",\"potentialAction\":[{\"@type\":\"ReadAction\",\"target\":[\"https:\/\/trevotech.com\/fr\/produto\/nacelles-telescopiques\/\"]}]},{\"@type\":\"ImageObject\",\"inLanguage\":\"fr-FR\",\"@id\":\"https:\/\/trevotech.com\/fr\/produto\/nacelles-telescopiques\/#primaryimage\",\"url\":\"https:\/\/trevotech.com\/wp-content\/uploads\/2024\/11\/Skyjack-03-1.webp\",\"contentUrl\":\"https:\/\/trevotech.com\/wp-content\/uploads\/2024\/11\/Skyjack-03-1.webp\",\"width\":1000,\"height\":1000,\"caption\":\"Lan\u00e7as Telesc\u00f3picas\"},{\"@type\":\"BreadcrumbList\",\"@id\":\"https:\/\/trevotech.com\/fr\/produto\/nacelles-telescopiques\/#breadcrumb\",\"itemListElement\":[{\"@type\":\"ListItem\",\"position\":1,\"name\":\"In\u00edcio\",\"item\":\"https:\/\/trevotech.com\/fr\/\"},{\"@type\":\"ListItem\",\"position\":2,\"name\":\"Produits\",\"item\":\"https:\/\/trevotech.com\/fr\/shop\/\"},{\"@type\":\"ListItem\",\"position\":3,\"name\":\"Nacelles T\u00e9lescopiques\"}]},{\"@type\":\"WebSite\",\"@id\":\"https:\/\/trevotech.com\/fr\/#website\",\"url\":\"https:\/\/trevotech.com\/fr\/\",\"name\":\"Trevotech Group\",\"description\":\"\",\"potentialAction\":[{\"@type\":\"SearchAction\",\"target\":{\"@type\":\"EntryPoint\",\"urlTemplate\":\"https:\/\/trevotech.com\/fr\/?s={search_term_string}\"},\"query-input\":{\"@type\":\"PropertyValueSpecification\",\"valueRequired\":true,\"valueName\":\"search_term_string\"}}],\"inLanguage\":\"fr-FR\"}]}<\/script>\n<!-- \/ Yoast SEO plugin. -->","yoast_head_json":{"title":"Nacelles T\u00e9lescopiques Skyjack - Trevotech Group","description":"Les nacelles t\u00e9lescopiques Skyjack sont con\u00e7ues pour les applications en hauteur n\u00e9cessitant une port\u00e9e horizontale importante, offrant...","robots":{"index":"index","follow":"follow","max-snippet":"max-snippet:-1","max-image-preview":"max-image-preview:large","max-video-preview":"max-video-preview:-1"},"canonical":"https:\/\/trevotech.com\/fr\/produto\/nacelles-telescopiques\/","og_locale":"fr_FR","og_type":"article","og_title":"Nacelles T\u00e9lescopiques Skyjack - Trevotech Group","og_description":"Les nacelles t\u00e9lescopiques Skyjack sont con\u00e7ues pour les applications en hauteur n\u00e9cessitant une port\u00e9e horizontale importante, offrant...","og_url":"https:\/\/trevotech.com\/fr\/produto\/nacelles-telescopiques\/","og_site_name":"Trevotech Group","article_modified_time":"2025-08-05T15:48:32+00:00","og_image":[{"width":1000,"height":1000,"url":"https:\/\/trevotech.com\/wp-content\/uploads\/2024\/11\/Skyjack-03-1.webp","type":"image\/webp"}],"twitter_card":"summary_large_image","twitter_misc":{"Dur\u00e9e de lecture estim\u00e9e":"3 minutes"},"schema":{"@context":"https:\/\/schema.org","@graph":[{"@type":"WebPage","@id":"https:\/\/trevotech.com\/fr\/produto\/nacelles-telescopiques\/","url":"https:\/\/trevotech.com\/fr\/produto\/nacelles-telescopiques\/","name":"Nacelles T\u00e9lescopiques Skyjack - Trevotech Group","isPartOf":{"@id":"https:\/\/trevotech.com\/fr\/#website"},"primaryImageOfPage":{"@id":"https:\/\/trevotech.com\/fr\/produto\/nacelles-telescopiques\/#primaryimage"},"image":{"@id":"https:\/\/trevotech.com\/fr\/produto\/nacelles-telescopiques\/#primaryimage"},"thumbnailUrl":"https:\/\/trevotech.com\/wp-content\/uploads\/2024\/11\/Skyjack-03-1.webp","datePublished":"2024-11-05T14:35:43+00:00","dateModified":"2025-08-05T15:48:32+00:00","description":"Les nacelles t\u00e9lescopiques Skyjack sont con\u00e7ues pour les applications en hauteur n\u00e9cessitant une port\u00e9e horizontale importante, offrant...","breadcrumb":{"@id":"https:\/\/trevotech.com\/fr\/produto\/nacelles-telescopiques\/#breadcrumb"},"inLanguage":"fr-FR","potentialAction":[{"@type":"ReadAction","target":["https:\/\/trevotech.com\/fr\/produto\/nacelles-telescopiques\/"]}]},{"@type":"ImageObject","inLanguage":"fr-FR","@id":"https:\/\/trevotech.com\/fr\/produto\/nacelles-telescopiques\/#primaryimage","url":"https:\/\/trevotech.com\/wp-content\/uploads\/2024\/11\/Skyjack-03-1.webp","contentUrl":"https:\/\/trevotech.com\/wp-content\/uploads\/2024\/11\/Skyjack-03-1.webp","width":1000,"height":1000,"caption":"Lan\u00e7as Telesc\u00f3picas"},{"@type":"BreadcrumbList","@id":"https:\/\/trevotech.com\/fr\/produto\/nacelles-telescopiques\/#breadcrumb","itemListElement":[{"@type":"ListItem","position":1,"name":"In\u00edcio","item":"https:\/\/trevotech.com\/fr\/"},{"@type":"ListItem","position":2,"name":"Produits","item":"https:\/\/trevotech.com\/fr\/shop\/"},{"@type":"ListItem","position":3,"name":"Nacelles T\u00e9lescopiques"}]},{"@type":"WebSite","@id":"https:\/\/trevotech.com\/fr\/#website","url":"https:\/\/trevotech.com\/fr\/","name":"Trevotech Group","description":"","potentialAction":[{"@type":"SearchAction","target":{"@type":"EntryPoint","urlTemplate":"https:\/\/trevotech.com\/fr\/?s={search_term_string}"},"query-input":{"@type":"PropertyValueSpecification","valueRequired":true,"valueName":"search_term_string"}}],"inLanguage":"fr-FR"}]}},"_links":{"self":[{"href":"https:\/\/trevotech.com\/fr\/wp-json\/wp\/v2\/product\/4104","targetHints":{"allow":["GET"]}}],"collection":[{"href":"https:\/\/trevotech.com\/fr\/wp-json\/wp\/v2\/product"}],"about":[{"href":"https:\/\/trevotech.com\/fr\/wp-json\/wp\/v2\/types\/product"}],"replies":[{"embeddable":true,"href":"https:\/\/trevotech.com\/fr\/wp-json\/wp\/v2\/comments?post=4104"}],"wp:featuredmedia":[{"embeddable":true,"href":"https:\/\/trevotech.com\/fr\/wp-json\/wp\/v2\/media\/4105"}],"wp:attachment":[{"href":"https:\/\/trevotech.com\/fr\/wp-json\/wp\/v2\/media?parent=4104"}],"wp:term":[{"taxonomy":"product_brand","embeddable":true,"href":"https:\/\/trevotech.com\/fr\/wp-json\/wp\/v2\/product_brand?post=4104"},{"taxonomy":"product_cat","embeddable":true,"href":"https:\/\/trevotech.com\/fr\/wp-json\/wp\/v2\/product_cat?post=4104"},{"taxonomy":"product_tag","embeddable":true,"href":"https:\/\/trevotech.com\/fr\/wp-json\/wp\/v2\/product_tag?post=4104"}],"curies":[{"name":"wp","href":"https:\/\/api.w.org\/{rel}","templated":true}]}}