{"id":4107,"date":"2024-11-05T14:49:49","date_gmt":"2024-11-05T14:49:49","guid":{"rendered":"https:\/\/trevotech.com\/produto\/rough-terrain-scissors\/"},"modified":"2025-08-05T15:46:06","modified_gmt":"2025-08-05T15:46:06","slug":"nacelles-a-ciseaux-tout-terrain","status":"publish","type":"product","link":"https:\/\/trevotech.com\/fr\/produto\/nacelles-a-ciseaux-tout-terrain\/","title":{"rendered":"Nacelles \u00e0 Ciseaux Tout-terrain"},"content":{"rendered":"<p><span style=\"font-weight: 400;\">Les nacelles \u00e0 ciseaux tout-terrain Skyjack sont con\u00e7ues pour offrir des performances exceptionnelles dans des environnements ext\u00e9rieurs difficiles, alliant stabilit\u00e9 renforc\u00e9e et robustesse pour les travaux en hauteur.<\/span><span style=\"font-weight: 400;\"><br \/>\n<\/span><span style=\"font-weight: 400;\">Dot\u00e9es de capacit\u00e9s 4 roues motrices puissantes et de pneus pneumatiques larges, elles naviguent facilement sur des surfaces irr\u00e9guli\u00e8res, graviers ou terrains boueux.<\/span><span style=\"font-weight: 400;\"><br \/>\n<\/span><span style=\"font-weight: 400;\">Le mod\u00e8le SJ6832 RT, par exemple, offre une hauteur de plateforme de 10,06 m\u00e8tres et une hauteur de travail de 12,06 m\u00e8tres, tandis que la SJ9253 RT atteint 11,75 m\u00e8tres de plateforme et 13,75 m\u00e8tres de hauteur de travail.<\/span><span style=\"font-weight: 400;\"><br \/>\n<\/span><span style=\"font-weight: 400;\">Ces nacelles int\u00e8grent des syst\u00e8mes hydrauliques avanc\u00e9s pour un fonctionnement fluide et fiable, m\u00eame par conditions m\u00e9t\u00e9orologiques extr\u00eames.<\/span><span style=\"font-weight: 400;\"><br \/>\n<\/span><span style=\"font-weight: 400;\">Les plateformes spacieuses permettent \u00e0 plusieurs op\u00e9rateurs de travailler simultan\u00e9ment, avec leurs outils et mat\u00e9riaux, augmentant ainsi la productivit\u00e9.<\/span><span style=\"font-weight: 400;\"><br \/>\n<\/span><span style=\"font-weight: 400;\">Skyjack met \u00e9galement l\u2019accent sur la s\u00e9curit\u00e9 et le confort avec des caract\u00e9ristiques telles que des surfaces antid\u00e9rapantes, des extensions de plateaux coulissants et des capacit\u00e9s d\u2019auto-nivellement \u2013 id\u00e9ales pour les projets de construction, d\u2019am\u00e9nagement paysager ou de maintenance sur terrains difficiles.<\/span><\/p>\n<p><span style=\"font-weight: 400;\">Les nacelles \u00e0 ciseaux tout-terrain Skyjack sont con\u00e7ues pour offrir des performances exceptionnelles dans des environnements ext\u00e9rieurs difficiles, alliant stabilit\u00e9 renforc\u00e9e et robustesse pour les travaux en hauteur.<\/span><span style=\"font-weight: 400;\"><br \/>\n<\/span><span style=\"font-weight: 400;\">Dot\u00e9es de capacit\u00e9s 4 roues motrices puissantes et de pneus pneumatiques larges, elles naviguent facilement sur des surfaces irr\u00e9guli\u00e8res, graviers ou terrains boueux.<\/span><span style=\"font-weight: 400;\"><br \/>\n<\/span><span style=\"font-weight: 400;\">Le mod\u00e8le SJ6832 RT, par exemple, offre une hauteur de plateforme de 10,06 m\u00e8tres et une hauteur de travail de 12,06 m\u00e8tres, tandis que la SJ9253 RT atteint 11,75 m\u00e8tres de plateforme et 13,75 m\u00e8tres de hauteur de travail.<\/span><span style=\"font-weight: 400;\"><br \/>\n<\/span><span style=\"font-weight: 400;\">Ces nacelles int\u00e8grent des syst\u00e8mes hydrauliques avanc\u00e9s pour un fonctionnement fluide et fiable, m\u00eame par conditions m\u00e9t\u00e9orologiques extr\u00eames.<\/span><span style=\"font-weight: 400;\"><br \/>\n<\/span><span style=\"font-weight: 400;\">Les plateformes spacieuses permettent \u00e0 plusieurs op\u00e9rateurs de travailler simultan\u00e9ment, avec leurs outils et mat\u00e9riaux, augmentant ainsi la productivit\u00e9.<\/span><span style=\"font-weight: 400;\"><br \/>\n<\/span><span style=\"font-weight: 400;\">Skyjack met \u00e9galement l\u2019accent sur la s\u00e9curit\u00e9 et le confort avec des caract\u00e9ristiques telles que des surfaces antid\u00e9rapantes, des extensions de plateaux coulissants et des capacit\u00e9s d\u2019auto-nivellement \u2013 id\u00e9ales pour les projets de construction, d\u2019am\u00e9nagement paysager ou de maintenance sur terrains difficiles.<\/span><\/p>\n","protected":false},"excerpt":{"rendered":"<p><span style=\"font-weight: 400;\">Les nacelles \u00e0 ciseaux tout-terrain Skyjack sont con\u00e7ues pour offrir des performances exceptionnelles dans des environnements ext\u00e9rieurs difficiles, alliant stabilit\u00e9 renforc\u00e9e et robustesse pour les travaux en hauteur.<\/span><span style=\"font-weight: 400;\"><br \/>\n<\/span><span style=\"font-weight: 400;\">Dot\u00e9es de capacit\u00e9s 4 roues motrices puissantes et de pneus pneumatiques larges, elles naviguent facilement sur des surfaces irr\u00e9guli\u00e8res, graviers ou terrains boueux.<\/span><span style=\"font-weight: 400;\"><br \/>\n<\/span><span style=\"font-weight: 400;\">Le mod\u00e8le SJ6832 RT, par exemple, offre une hauteur de plateforme de 10,06 m\u00e8tres et une hauteur de travail de 12,06 m\u00e8tres, tandis que la SJ9253 RT atteint 11,75 m\u00e8tres de plateforme et 13,75 m\u00e8tres de hauteur de travail.<\/span><span style=\"font-weight: 400;\"><br \/>\n<\/span><span style=\"font-weight: 400;\">Ces nacelles int\u00e8grent des syst\u00e8mes hydrauliques avanc\u00e9s pour un fonctionnement fluide et fiable, m\u00eame par conditions m\u00e9t\u00e9orologiques extr\u00eames.<\/span><span style=\"font-weight: 400;\"><br \/>\n<\/span><span style=\"font-weight: 400;\">Les plateformes spacieuses permettent \u00e0 plusieurs op\u00e9rateurs de travailler simultan\u00e9ment, avec leurs outils et mat\u00e9riaux, augmentant ainsi la productivit\u00e9.<\/span><span style=\"font-weight: 400;\"><br \/>\n<\/span><span style=\"font-weight: 400;\">Skyjack met \u00e9galement l\u2019accent sur la s\u00e9curit\u00e9 et le confort avec des caract\u00e9ristiques telles que des surfaces antid\u00e9rapantes, des extensions de plateaux coulissants et des capacit\u00e9s d\u2019auto-nivellement \u2013 id\u00e9ales pour les projets de construction, d\u2019am\u00e9nagement paysager ou de maintenance sur terrains difficiles.<\/span><\/p>\n","protected":false},"featured_media":4108,"comment_status":"open","ping_status":"closed","template":"","meta":{"_acf_changed":false},"product_brand":[],"product_cat":[458],"product_tag":[],"class_list":{"0":"post-4107","1":"product","2":"type-product","3":"status-publish","4":"has-post-thumbnail","6":"product_cat-sem-categoria-fr","7":"setores-industrie","8":"setores-petrole-et-gaz","9":"marcas-skyjack","10":"tipo_produto-nacelles-a-ciseaux-tout-terrain","12":"first","13":"instock","14":"shipping-taxable","15":"product-type-simple"},"acf":[],"yoast_head":"<!-- This site is optimized with the Yoast SEO plugin v25.2 - https:\/\/yoast.com\/wordpress\/plugins\/seo\/ -->\n<title>Nacelles \u00e0 Ciseaux Tout-terrain Skyjack - Trevotech Group<\/title>\n<meta name=\"description\" content=\"Les nacelles \u00e0 ciseaux tout-terrain Skyjack sont con\u00e7ues pour offrir des performances exceptionnelles dans des environnements ext\u00e9rieurs...\" \/>\n<meta name=\"robots\" content=\"index, follow, max-snippet:-1, max-image-preview:large, max-video-preview:-1\" \/>\n<link rel=\"canonical\" href=\"https:\/\/trevotech.com\/fr\/produto\/nacelles-a-ciseaux-tout-terrain\/\" \/>\n<meta property=\"og:locale\" content=\"fr_FR\" \/>\n<meta property=\"og:type\" content=\"article\" \/>\n<meta property=\"og:title\" content=\"Nacelles \u00e0 Ciseaux Tout-terrain Skyjack - Trevotech Group\" \/>\n<meta property=\"og:description\" content=\"Les nacelles \u00e0 ciseaux tout-terrain Skyjack sont con\u00e7ues pour offrir des performances exceptionnelles dans des environnements ext\u00e9rieurs...\" \/>\n<meta property=\"og:url\" content=\"https:\/\/trevotech.com\/fr\/produto\/nacelles-a-ciseaux-tout-terrain\/\" \/>\n<meta property=\"og:site_name\" content=\"Trevotech Group\" \/>\n<meta property=\"article:modified_time\" content=\"2025-08-05T15:46:06+00:00\" \/>\n<meta property=\"og:image\" content=\"https:\/\/trevotech.com\/wp-content\/uploads\/2024\/11\/Skyjack-05-1.webp\" \/>\n\t<meta property=\"og:image:width\" content=\"1000\" \/>\n\t<meta property=\"og:image:height\" content=\"1000\" \/>\n\t<meta property=\"og:image:type\" content=\"image\/webp\" \/>\n<meta name=\"twitter:card\" content=\"summary_large_image\" \/>\n<meta name=\"twitter:label1\" content=\"Dur\u00e9e de lecture estim\u00e9e\" \/>\n\t<meta name=\"twitter:data1\" content=\"3 minutes\" \/>\n<script type=\"application\/ld+json\" class=\"yoast-schema-graph\">{\"@context\":\"https:\/\/schema.org\",\"@graph\":[{\"@type\":\"WebPage\",\"@id\":\"https:\/\/trevotech.com\/fr\/produto\/nacelles-a-ciseaux-tout-terrain\/\",\"url\":\"https:\/\/trevotech.com\/fr\/produto\/nacelles-a-ciseaux-tout-terrain\/\",\"name\":\"Nacelles \u00e0 Ciseaux Tout-terrain Skyjack - Trevotech Group\",\"isPartOf\":{\"@id\":\"https:\/\/trevotech.com\/fr\/#website\"},\"primaryImageOfPage\":{\"@id\":\"https:\/\/trevotech.com\/fr\/produto\/nacelles-a-ciseaux-tout-terrain\/#primaryimage\"},\"image\":{\"@id\":\"https:\/\/trevotech.com\/fr\/produto\/nacelles-a-ciseaux-tout-terrain\/#primaryimage\"},\"thumbnailUrl\":\"https:\/\/trevotech.com\/wp-content\/uploads\/2024\/11\/Skyjack-05-1.webp\",\"datePublished\":\"2024-11-05T14:49:49+00:00\",\"dateModified\":\"2025-08-05T15:46:06+00:00\",\"description\":\"Les nacelles \u00e0 ciseaux tout-terrain Skyjack sont con\u00e7ues pour offrir des performances exceptionnelles dans des environnements ext\u00e9rieurs...\",\"breadcrumb\":{\"@id\":\"https:\/\/trevotech.com\/fr\/produto\/nacelles-a-ciseaux-tout-terrain\/#breadcrumb\"},\"inLanguage\":\"fr-FR\",\"potentialAction\":[{\"@type\":\"ReadAction\",\"target\":[\"https:\/\/trevotech.com\/fr\/produto\/nacelles-a-ciseaux-tout-terrain\/\"]}]},{\"@type\":\"ImageObject\",\"inLanguage\":\"fr-FR\",\"@id\":\"https:\/\/trevotech.com\/fr\/produto\/nacelles-a-ciseaux-tout-terrain\/#primaryimage\",\"url\":\"https:\/\/trevotech.com\/wp-content\/uploads\/2024\/11\/Skyjack-05-1.webp\",\"contentUrl\":\"https:\/\/trevotech.com\/wp-content\/uploads\/2024\/11\/Skyjack-05-1.webp\",\"width\":1000,\"height\":1000,\"caption\":\"Rough Terrain Scissors\"},{\"@type\":\"BreadcrumbList\",\"@id\":\"https:\/\/trevotech.com\/fr\/produto\/nacelles-a-ciseaux-tout-terrain\/#breadcrumb\",\"itemListElement\":[{\"@type\":\"ListItem\",\"position\":1,\"name\":\"In\u00edcio\",\"item\":\"https:\/\/trevotech.com\/fr\/\"},{\"@type\":\"ListItem\",\"position\":2,\"name\":\"Produits\",\"item\":\"https:\/\/trevotech.com\/fr\/shop\/\"},{\"@type\":\"ListItem\",\"position\":3,\"name\":\"Nacelles \u00e0 Ciseaux Tout-terrain\"}]},{\"@type\":\"WebSite\",\"@id\":\"https:\/\/trevotech.com\/fr\/#website\",\"url\":\"https:\/\/trevotech.com\/fr\/\",\"name\":\"Trevotech Group\",\"description\":\"\",\"potentialAction\":[{\"@type\":\"SearchAction\",\"target\":{\"@type\":\"EntryPoint\",\"urlTemplate\":\"https:\/\/trevotech.com\/fr\/?s={search_term_string}\"},\"query-input\":{\"@type\":\"PropertyValueSpecification\",\"valueRequired\":true,\"valueName\":\"search_term_string\"}}],\"inLanguage\":\"fr-FR\"}]}<\/script>\n<!-- \/ Yoast SEO plugin. -->","yoast_head_json":{"title":"Nacelles \u00e0 Ciseaux Tout-terrain Skyjack - Trevotech Group","description":"Les nacelles \u00e0 ciseaux tout-terrain Skyjack sont con\u00e7ues pour offrir des performances exceptionnelles dans des environnements ext\u00e9rieurs...","robots":{"index":"index","follow":"follow","max-snippet":"max-snippet:-1","max-image-preview":"max-image-preview:large","max-video-preview":"max-video-preview:-1"},"canonical":"https:\/\/trevotech.com\/fr\/produto\/nacelles-a-ciseaux-tout-terrain\/","og_locale":"fr_FR","og_type":"article","og_title":"Nacelles \u00e0 Ciseaux Tout-terrain Skyjack - Trevotech Group","og_description":"Les nacelles \u00e0 ciseaux tout-terrain Skyjack sont con\u00e7ues pour offrir des performances exceptionnelles dans des environnements ext\u00e9rieurs...","og_url":"https:\/\/trevotech.com\/fr\/produto\/nacelles-a-ciseaux-tout-terrain\/","og_site_name":"Trevotech Group","article_modified_time":"2025-08-05T15:46:06+00:00","og_image":[{"width":1000,"height":1000,"url":"https:\/\/trevotech.com\/wp-content\/uploads\/2024\/11\/Skyjack-05-1.webp","type":"image\/webp"}],"twitter_card":"summary_large_image","twitter_misc":{"Dur\u00e9e de lecture estim\u00e9e":"3 minutes"},"schema":{"@context":"https:\/\/schema.org","@graph":[{"@type":"WebPage","@id":"https:\/\/trevotech.com\/fr\/produto\/nacelles-a-ciseaux-tout-terrain\/","url":"https:\/\/trevotech.com\/fr\/produto\/nacelles-a-ciseaux-tout-terrain\/","name":"Nacelles \u00e0 Ciseaux Tout-terrain Skyjack - Trevotech Group","isPartOf":{"@id":"https:\/\/trevotech.com\/fr\/#website"},"primaryImageOfPage":{"@id":"https:\/\/trevotech.com\/fr\/produto\/nacelles-a-ciseaux-tout-terrain\/#primaryimage"},"image":{"@id":"https:\/\/trevotech.com\/fr\/produto\/nacelles-a-ciseaux-tout-terrain\/#primaryimage"},"thumbnailUrl":"https:\/\/trevotech.com\/wp-content\/uploads\/2024\/11\/Skyjack-05-1.webp","datePublished":"2024-11-05T14:49:49+00:00","dateModified":"2025-08-05T15:46:06+00:00","description":"Les nacelles \u00e0 ciseaux tout-terrain Skyjack sont con\u00e7ues pour offrir des performances exceptionnelles dans des environnements ext\u00e9rieurs...","breadcrumb":{"@id":"https:\/\/trevotech.com\/fr\/produto\/nacelles-a-ciseaux-tout-terrain\/#breadcrumb"},"inLanguage":"fr-FR","potentialAction":[{"@type":"ReadAction","target":["https:\/\/trevotech.com\/fr\/produto\/nacelles-a-ciseaux-tout-terrain\/"]}]},{"@type":"ImageObject","inLanguage":"fr-FR","@id":"https:\/\/trevotech.com\/fr\/produto\/nacelles-a-ciseaux-tout-terrain\/#primaryimage","url":"https:\/\/trevotech.com\/wp-content\/uploads\/2024\/11\/Skyjack-05-1.webp","contentUrl":"https:\/\/trevotech.com\/wp-content\/uploads\/2024\/11\/Skyjack-05-1.webp","width":1000,"height":1000,"caption":"Rough Terrain Scissors"},{"@type":"BreadcrumbList","@id":"https:\/\/trevotech.com\/fr\/produto\/nacelles-a-ciseaux-tout-terrain\/#breadcrumb","itemListElement":[{"@type":"ListItem","position":1,"name":"In\u00edcio","item":"https:\/\/trevotech.com\/fr\/"},{"@type":"ListItem","position":2,"name":"Produits","item":"https:\/\/trevotech.com\/fr\/shop\/"},{"@type":"ListItem","position":3,"name":"Nacelles \u00e0 Ciseaux Tout-terrain"}]},{"@type":"WebSite","@id":"https:\/\/trevotech.com\/fr\/#website","url":"https:\/\/trevotech.com\/fr\/","name":"Trevotech Group","description":"","potentialAction":[{"@type":"SearchAction","target":{"@type":"EntryPoint","urlTemplate":"https:\/\/trevotech.com\/fr\/?s={search_term_string}"},"query-input":{"@type":"PropertyValueSpecification","valueRequired":true,"valueName":"search_term_string"}}],"inLanguage":"fr-FR"}]}},"_links":{"self":[{"href":"https:\/\/trevotech.com\/fr\/wp-json\/wp\/v2\/product\/4107","targetHints":{"allow":["GET"]}}],"collection":[{"href":"https:\/\/trevotech.com\/fr\/wp-json\/wp\/v2\/product"}],"about":[{"href":"https:\/\/trevotech.com\/fr\/wp-json\/wp\/v2\/types\/product"}],"replies":[{"embeddable":true,"href":"https:\/\/trevotech.com\/fr\/wp-json\/wp\/v2\/comments?post=4107"}],"wp:featuredmedia":[{"embeddable":true,"href":"https:\/\/trevotech.com\/fr\/wp-json\/wp\/v2\/media\/4108"}],"wp:attachment":[{"href":"https:\/\/trevotech.com\/fr\/wp-json\/wp\/v2\/media?parent=4107"}],"wp:term":[{"taxonomy":"product_brand","embeddable":true,"href":"https:\/\/trevotech.com\/fr\/wp-json\/wp\/v2\/product_brand?post=4107"},{"taxonomy":"product_cat","embeddable":true,"href":"https:\/\/trevotech.com\/fr\/wp-json\/wp\/v2\/product_cat?post=4107"},{"taxonomy":"product_tag","embeddable":true,"href":"https:\/\/trevotech.com\/fr\/wp-json\/wp\/v2\/product_tag?post=4107"}],"curies":[{"name":"wp","href":"https:\/\/api.w.org\/{rel}","templated":true}]}}