{"id":4109,"date":"2024-11-05T14:31:08","date_gmt":"2024-11-05T14:31:08","guid":{"rendered":"https:\/\/trevotech.com\/produto\/dc-electric-scissors\/"},"modified":"2025-08-05T15:51:45","modified_gmt":"2025-08-05T15:51:45","slug":"nacelles-a-ciseaux-electriques","status":"publish","type":"product","link":"https:\/\/trevotech.com\/fr\/produto\/nacelles-a-ciseaux-electriques\/","title":{"rendered":"Nacelles \u00e0 Ciseaux \u00c9lectriques"},"content":{"rendered":"<p><span style=\"font-weight: 400;\">Les nacelles \u00e0 ciseaux \u00e9lectriques Skyjack sont reconnues pour leur haute performance, leur polyvalence et leur fonctionnement \u00e9cologique, ce qui les rend id\u00e9ales pour une utilisation int\u00e9rieure et ext\u00e9rieure dans de nombreux secteurs, notamment la construction, la maintenance et la logistique.<\/span><span style=\"font-weight: 400;\"><br \/>\n<\/span><span style=\"font-weight: 400;\">Propuls\u00e9es par des moteurs \u00e9lectriques, elles offrent un fonctionnement silencieux et sans \u00e9missions, particuli\u00e8rement avantageux dans les espaces clos ou sensibles.<\/span><span style=\"font-weight: 400;\"><br \/>\n<\/span><span style=\"font-weight: 400;\">Des mod\u00e8les phares comme les SJ3219, SJ4632 et SJ6832 permettent des hauteurs de travail allant de 7,8 \u00e0 12 m\u00e8tres, avec des capacit\u00e9s de charge comprises entre 454 kg et 680 kg selon le mod\u00e8le.<\/span><span style=\"font-weight: 400;\"><br \/>\n<\/span><span style=\"font-weight: 400;\">Leur conception robuste leur permet de soulever des charges lourdes tout en assurant une excellente stabilit\u00e9. Les pneus non marquants garantissent un usage s\u00e9curis\u00e9 sur des sols d\u00e9licats.<\/span><span style=\"font-weight: 400;\"><br \/>\n<\/span><span style=\"font-weight: 400;\">Con\u00e7ues pour une productivit\u00e9 maximale, les nacelles \u00e0 ciseaux \u00e9lectriques Skyjack offrent de larges plateformes et une maniabilit\u00e9 optimale dans les espaces restreints. Elles int\u00e8grent \u00e9galement des technologies avanc\u00e9es comme les commandes proportionnelles, assurant des mouvements fluides et pr\u00e9cis \u2013 un choix id\u00e9al pour un acc\u00e8s en hauteur fiable et efficace.<\/span><\/p>\n<p><span style=\"font-weight: 400;\">Les nacelles \u00e0 ciseaux \u00e9lectriques Skyjack sont reconnues pour leur haute performance, leur polyvalence et leur fonctionnement \u00e9cologique, ce qui les rend id\u00e9ales pour une utilisation int\u00e9rieure et ext\u00e9rieure dans de nombreux secteurs, notamment la construction, la maintenance et la logistique.<\/span><span style=\"font-weight: 400;\"><br \/>\n<\/span><span style=\"font-weight: 400;\">Propuls\u00e9es par des moteurs \u00e9lectriques, elles offrent un fonctionnement silencieux et sans \u00e9missions, particuli\u00e8rement avantageux dans les espaces clos ou sensibles.<\/span><span style=\"font-weight: 400;\"><br \/>\n<\/span><span style=\"font-weight: 400;\">Des mod\u00e8les phares comme les SJ3219, SJ4632 et SJ6832 permettent des hauteurs de travail allant de 7,8 \u00e0 12 m\u00e8tres, avec des capacit\u00e9s de charge comprises entre 454 kg et 680 kg selon le mod\u00e8le.<\/span><span style=\"font-weight: 400;\"><br \/>\n<\/span><span style=\"font-weight: 400;\">Leur conception robuste leur permet de soulever des charges lourdes tout en assurant une excellente stabilit\u00e9. Les pneus non marquants garantissent un usage s\u00e9curis\u00e9 sur des sols d\u00e9licats.<\/span><span style=\"font-weight: 400;\"><br \/>\n<\/span><span style=\"font-weight: 400;\">Con\u00e7ues pour une productivit\u00e9 maximale, les nacelles \u00e0 ciseaux \u00e9lectriques Skyjack offrent de larges plateformes et une maniabilit\u00e9 optimale dans les espaces restreints. Elles int\u00e8grent \u00e9galement des technologies avanc\u00e9es comme les commandes proportionnelles, assurant des mouvements fluides et pr\u00e9cis \u2013 un choix id\u00e9al pour un acc\u00e8s en hauteur fiable et efficace.<\/span><\/p>\n","protected":false},"excerpt":{"rendered":"<p><span style=\"font-weight: 400;\">Les nacelles \u00e0 ciseaux \u00e9lectriques Skyjack sont reconnues pour leur haute performance, leur polyvalence et leur fonctionnement \u00e9cologique, ce qui les rend id\u00e9ales pour une utilisation int\u00e9rieure et ext\u00e9rieure dans de nombreux secteurs, notamment la construction, la maintenance et la logistique.<\/span><span style=\"font-weight: 400;\"><br \/>\n<\/span><span style=\"font-weight: 400;\">Propuls\u00e9es par des moteurs \u00e9lectriques, elles offrent un fonctionnement silencieux et sans \u00e9missions, particuli\u00e8rement avantageux dans les espaces clos ou sensibles.<\/span><span style=\"font-weight: 400;\"><br \/>\n<\/span><span style=\"font-weight: 400;\">Des mod\u00e8les phares comme les SJ3219, SJ4632 et SJ6832 permettent des hauteurs de travail allant de 7,8 \u00e0 12 m\u00e8tres, avec des capacit\u00e9s de charge comprises entre 454 kg et 680 kg selon le mod\u00e8le.<\/span><span style=\"font-weight: 400;\"><br \/>\n<\/span><span style=\"font-weight: 400;\">Leur conception robuste leur permet de soulever des charges lourdes tout en assurant une excellente stabilit\u00e9. Les pneus non marquants garantissent un usage s\u00e9curis\u00e9 sur des sols d\u00e9licats.<\/span><span style=\"font-weight: 400;\"><br \/>\n<\/span><span style=\"font-weight: 400;\">Con\u00e7ues pour une productivit\u00e9 maximale, les nacelles \u00e0 ciseaux \u00e9lectriques Skyjack offrent de larges plateformes et une maniabilit\u00e9 optimale dans les espaces restreints. Elles int\u00e8grent \u00e9galement des technologies avanc\u00e9es comme les commandes proportionnelles, assurant des mouvements fluides et pr\u00e9cis \u2013 un choix id\u00e9al pour un acc\u00e8s en hauteur fiable et efficace.<\/span><\/p>\n","protected":false},"featured_media":3856,"comment_status":"open","ping_status":"closed","template":"","meta":{"_acf_changed":false},"product_brand":[],"product_cat":[458],"product_tag":[],"class_list":{"0":"post-4109","1":"product","2":"type-product","3":"status-publish","4":"has-post-thumbnail","6":"product_cat-sem-categoria-fr","7":"setores-industrie","8":"setores-petrole-et-gaz","9":"marcas-skyjack","10":"tipo_produto-nacelles-a-ciseaux-electriques","12":"first","13":"instock","14":"shipping-taxable","15":"product-type-simple"},"acf":[],"yoast_head":"<!-- This site is optimized with the Yoast SEO plugin v25.2 - https:\/\/yoast.com\/wordpress\/plugins\/seo\/ -->\n<title>Nacelles \u00e0 Ciseaux \u00c9lectriques Skyjack - Trevotech Group<\/title>\n<meta name=\"description\" content=\"Les nacelles \u00e0 ciseaux \u00e9lectriques Skyjack sont reconnues pour leur haute performance, leur polyvalence et leur fonctionnement \u00e9cologique, ce...\" \/>\n<meta name=\"robots\" content=\"index, follow, max-snippet:-1, max-image-preview:large, max-video-preview:-1\" \/>\n<link rel=\"canonical\" href=\"https:\/\/trevotech.com\/fr\/produto\/nacelles-a-ciseaux-electriques\/\" \/>\n<meta property=\"og:locale\" content=\"fr_FR\" \/>\n<meta property=\"og:type\" content=\"article\" \/>\n<meta property=\"og:title\" content=\"Nacelles \u00e0 Ciseaux \u00c9lectriques Skyjack - Trevotech Group\" \/>\n<meta property=\"og:description\" content=\"Les nacelles \u00e0 ciseaux \u00e9lectriques Skyjack sont reconnues pour leur haute performance, leur polyvalence et leur fonctionnement \u00e9cologique, ce...\" \/>\n<meta property=\"og:url\" content=\"https:\/\/trevotech.com\/fr\/produto\/nacelles-a-ciseaux-electriques\/\" \/>\n<meta property=\"og:site_name\" content=\"Trevotech Group\" \/>\n<meta property=\"article:modified_time\" content=\"2025-08-05T15:51:45+00:00\" \/>\n<meta property=\"og:image\" content=\"https:\/\/trevotech.com\/wp-content\/uploads\/2024\/11\/Skyjack-02-1.webp\" \/>\n\t<meta property=\"og:image:width\" content=\"1000\" \/>\n\t<meta property=\"og:image:height\" content=\"1000\" \/>\n\t<meta property=\"og:image:type\" content=\"image\/webp\" \/>\n<meta name=\"twitter:card\" content=\"summary_large_image\" \/>\n<meta name=\"twitter:label1\" content=\"Dur\u00e9e de lecture estim\u00e9e\" \/>\n\t<meta name=\"twitter:data1\" content=\"3 minutes\" \/>\n<script type=\"application\/ld+json\" class=\"yoast-schema-graph\">{\"@context\":\"https:\/\/schema.org\",\"@graph\":[{\"@type\":\"WebPage\",\"@id\":\"https:\/\/trevotech.com\/fr\/produto\/nacelles-a-ciseaux-electriques\/\",\"url\":\"https:\/\/trevotech.com\/fr\/produto\/nacelles-a-ciseaux-electriques\/\",\"name\":\"Nacelles \u00e0 Ciseaux \u00c9lectriques Skyjack - Trevotech Group\",\"isPartOf\":{\"@id\":\"https:\/\/trevotech.com\/fr\/#website\"},\"primaryImageOfPage\":{\"@id\":\"https:\/\/trevotech.com\/fr\/produto\/nacelles-a-ciseaux-electriques\/#primaryimage\"},\"image\":{\"@id\":\"https:\/\/trevotech.com\/fr\/produto\/nacelles-a-ciseaux-electriques\/#primaryimage\"},\"thumbnailUrl\":\"https:\/\/trevotech.com\/wp-content\/uploads\/2024\/11\/Skyjack-02-1.webp\",\"datePublished\":\"2024-11-05T14:31:08+00:00\",\"dateModified\":\"2025-08-05T15:51:45+00:00\",\"description\":\"Les nacelles \u00e0 ciseaux \u00e9lectriques Skyjack sont reconnues pour leur haute performance, leur polyvalence et leur fonctionnement \u00e9cologique, ce...\",\"breadcrumb\":{\"@id\":\"https:\/\/trevotech.com\/fr\/produto\/nacelles-a-ciseaux-electriques\/#breadcrumb\"},\"inLanguage\":\"fr-FR\",\"potentialAction\":[{\"@type\":\"ReadAction\",\"target\":[\"https:\/\/trevotech.com\/fr\/produto\/nacelles-a-ciseaux-electriques\/\"]}]},{\"@type\":\"ImageObject\",\"inLanguage\":\"fr-FR\",\"@id\":\"https:\/\/trevotech.com\/fr\/produto\/nacelles-a-ciseaux-electriques\/#primaryimage\",\"url\":\"https:\/\/trevotech.com\/wp-content\/uploads\/2024\/11\/Skyjack-02-1.webp\",\"contentUrl\":\"https:\/\/trevotech.com\/wp-content\/uploads\/2024\/11\/Skyjack-02-1.webp\",\"width\":1000,\"height\":1000,\"caption\":\"Tesoura El\u00e9trica DC\"},{\"@type\":\"BreadcrumbList\",\"@id\":\"https:\/\/trevotech.com\/fr\/produto\/nacelles-a-ciseaux-electriques\/#breadcrumb\",\"itemListElement\":[{\"@type\":\"ListItem\",\"position\":1,\"name\":\"In\u00edcio\",\"item\":\"https:\/\/trevotech.com\/fr\/\"},{\"@type\":\"ListItem\",\"position\":2,\"name\":\"Produits\",\"item\":\"https:\/\/trevotech.com\/fr\/shop\/\"},{\"@type\":\"ListItem\",\"position\":3,\"name\":\"Nacelles \u00e0 Ciseaux \u00c9lectriques\"}]},{\"@type\":\"WebSite\",\"@id\":\"https:\/\/trevotech.com\/fr\/#website\",\"url\":\"https:\/\/trevotech.com\/fr\/\",\"name\":\"Trevotech Group\",\"description\":\"\",\"potentialAction\":[{\"@type\":\"SearchAction\",\"target\":{\"@type\":\"EntryPoint\",\"urlTemplate\":\"https:\/\/trevotech.com\/fr\/?s={search_term_string}\"},\"query-input\":{\"@type\":\"PropertyValueSpecification\",\"valueRequired\":true,\"valueName\":\"search_term_string\"}}],\"inLanguage\":\"fr-FR\"}]}<\/script>\n<!-- \/ Yoast SEO plugin. -->","yoast_head_json":{"title":"Nacelles \u00e0 Ciseaux \u00c9lectriques Skyjack - Trevotech Group","description":"Les nacelles \u00e0 ciseaux \u00e9lectriques Skyjack sont reconnues pour leur haute performance, leur polyvalence et leur fonctionnement \u00e9cologique, ce...","robots":{"index":"index","follow":"follow","max-snippet":"max-snippet:-1","max-image-preview":"max-image-preview:large","max-video-preview":"max-video-preview:-1"},"canonical":"https:\/\/trevotech.com\/fr\/produto\/nacelles-a-ciseaux-electriques\/","og_locale":"fr_FR","og_type":"article","og_title":"Nacelles \u00e0 Ciseaux \u00c9lectriques Skyjack - Trevotech Group","og_description":"Les nacelles \u00e0 ciseaux \u00e9lectriques Skyjack sont reconnues pour leur haute performance, leur polyvalence et leur fonctionnement \u00e9cologique, ce...","og_url":"https:\/\/trevotech.com\/fr\/produto\/nacelles-a-ciseaux-electriques\/","og_site_name":"Trevotech Group","article_modified_time":"2025-08-05T15:51:45+00:00","og_image":[{"width":1000,"height":1000,"url":"https:\/\/trevotech.com\/wp-content\/uploads\/2024\/11\/Skyjack-02-1.webp","type":"image\/webp"}],"twitter_card":"summary_large_image","twitter_misc":{"Dur\u00e9e de lecture estim\u00e9e":"3 minutes"},"schema":{"@context":"https:\/\/schema.org","@graph":[{"@type":"WebPage","@id":"https:\/\/trevotech.com\/fr\/produto\/nacelles-a-ciseaux-electriques\/","url":"https:\/\/trevotech.com\/fr\/produto\/nacelles-a-ciseaux-electriques\/","name":"Nacelles \u00e0 Ciseaux \u00c9lectriques Skyjack - Trevotech Group","isPartOf":{"@id":"https:\/\/trevotech.com\/fr\/#website"},"primaryImageOfPage":{"@id":"https:\/\/trevotech.com\/fr\/produto\/nacelles-a-ciseaux-electriques\/#primaryimage"},"image":{"@id":"https:\/\/trevotech.com\/fr\/produto\/nacelles-a-ciseaux-electriques\/#primaryimage"},"thumbnailUrl":"https:\/\/trevotech.com\/wp-content\/uploads\/2024\/11\/Skyjack-02-1.webp","datePublished":"2024-11-05T14:31:08+00:00","dateModified":"2025-08-05T15:51:45+00:00","description":"Les nacelles \u00e0 ciseaux \u00e9lectriques Skyjack sont reconnues pour leur haute performance, leur polyvalence et leur fonctionnement \u00e9cologique, ce...","breadcrumb":{"@id":"https:\/\/trevotech.com\/fr\/produto\/nacelles-a-ciseaux-electriques\/#breadcrumb"},"inLanguage":"fr-FR","potentialAction":[{"@type":"ReadAction","target":["https:\/\/trevotech.com\/fr\/produto\/nacelles-a-ciseaux-electriques\/"]}]},{"@type":"ImageObject","inLanguage":"fr-FR","@id":"https:\/\/trevotech.com\/fr\/produto\/nacelles-a-ciseaux-electriques\/#primaryimage","url":"https:\/\/trevotech.com\/wp-content\/uploads\/2024\/11\/Skyjack-02-1.webp","contentUrl":"https:\/\/trevotech.com\/wp-content\/uploads\/2024\/11\/Skyjack-02-1.webp","width":1000,"height":1000,"caption":"Tesoura El\u00e9trica DC"},{"@type":"BreadcrumbList","@id":"https:\/\/trevotech.com\/fr\/produto\/nacelles-a-ciseaux-electriques\/#breadcrumb","itemListElement":[{"@type":"ListItem","position":1,"name":"In\u00edcio","item":"https:\/\/trevotech.com\/fr\/"},{"@type":"ListItem","position":2,"name":"Produits","item":"https:\/\/trevotech.com\/fr\/shop\/"},{"@type":"ListItem","position":3,"name":"Nacelles \u00e0 Ciseaux \u00c9lectriques"}]},{"@type":"WebSite","@id":"https:\/\/trevotech.com\/fr\/#website","url":"https:\/\/trevotech.com\/fr\/","name":"Trevotech Group","description":"","potentialAction":[{"@type":"SearchAction","target":{"@type":"EntryPoint","urlTemplate":"https:\/\/trevotech.com\/fr\/?s={search_term_string}"},"query-input":{"@type":"PropertyValueSpecification","valueRequired":true,"valueName":"search_term_string"}}],"inLanguage":"fr-FR"}]}},"_links":{"self":[{"href":"https:\/\/trevotech.com\/fr\/wp-json\/wp\/v2\/product\/4109","targetHints":{"allow":["GET"]}}],"collection":[{"href":"https:\/\/trevotech.com\/fr\/wp-json\/wp\/v2\/product"}],"about":[{"href":"https:\/\/trevotech.com\/fr\/wp-json\/wp\/v2\/types\/product"}],"replies":[{"embeddable":true,"href":"https:\/\/trevotech.com\/fr\/wp-json\/wp\/v2\/comments?post=4109"}],"wp:featuredmedia":[{"embeddable":true,"href":"https:\/\/trevotech.com\/fr\/wp-json\/wp\/v2\/media\/3856"}],"wp:attachment":[{"href":"https:\/\/trevotech.com\/fr\/wp-json\/wp\/v2\/media?parent=4109"}],"wp:term":[{"taxonomy":"product_brand","embeddable":true,"href":"https:\/\/trevotech.com\/fr\/wp-json\/wp\/v2\/product_brand?post=4109"},{"taxonomy":"product_cat","embeddable":true,"href":"https:\/\/trevotech.com\/fr\/wp-json\/wp\/v2\/product_cat?post=4109"},{"taxonomy":"product_tag","embeddable":true,"href":"https:\/\/trevotech.com\/fr\/wp-json\/wp\/v2\/product_tag?post=4109"}],"curies":[{"name":"wp","href":"https:\/\/api.w.org\/{rel}","templated":true}]}}