{"id":4112,"date":"2024-11-05T12:29:35","date_gmt":"2024-11-05T12:29:35","guid":{"rendered":"https:\/\/trevotech.com\/produto\/vertical-mast-lifts\/"},"modified":"2025-08-05T15:51:20","modified_gmt":"2025-08-05T15:51:20","slug":"nacelles-a-mat-vertical","status":"publish","type":"product","link":"https:\/\/trevotech.com\/fr\/produto\/nacelles-a-mat-vertical\/","title":{"rendered":"Nacelles \u00e0 M\u00e2t Vertical"},"content":{"rendered":"<p><span style=\"font-weight: 400;\">Les nacelles \u00e0 m\u00e2t vertical Skyjack sont des plateformes \u00e9l\u00e9vatrices compactes, efficaces et polyvalentes, con\u00e7ues pour les travaux dans des espaces restreints. Elles sont id\u00e9ales pour les applications int\u00e9rieures telles que la maintenance, l&rsquo;installation et la pr\u00e9paration de commandes.<\/span><span style=\"font-weight: 400;\"><br \/>\n<\/span><span style=\"font-weight: 400;\">La gamme comprend plusieurs mod\u00e8les, notamment les SJ12, SJ16 et SJ18, avec des hauteurs de travail allant de 4,6 \u00e0 6,5 m\u00e8tres, offrant une port\u00e9e adapt\u00e9e \u00e0 une grande vari\u00e9t\u00e9 de t\u00e2ches. Chaque nacelle est \u00e9quip\u00e9e d\u2019une extension de plateforme de 1,07 m\u00e8tre, permettant de transporter en toute s\u00e9curit\u00e9 outils et mat\u00e9riaux en hauteur.<\/span><\/p>\n<p><span style=\"font-weight: 400;\">Les nacelles \u00e0 m\u00e2t vertical Skyjack offrent une capacit\u00e9 de charge allant jusqu&rsquo;\u00e0 159 kg (350 lb), selon le mod\u00e8le, et sont r\u00e9put\u00e9es pour leur simplicit\u00e9 d&rsquo;utilisation, leur faible besoin en maintenance et leur grande stabilit\u00e9.<\/span><span style=\"font-weight: 400;\"><br \/>\n<\/span><span style=\"font-weight: 400;\">Gr\u00e2ce \u00e0 leur structure l\u00e9g\u00e8re et leur excellente man\u0153uvrabilit\u00e9, elles sont parfaitement adapt\u00e9es aux all\u00e9es \u00e9troites et environnements exigus, assurant s\u00e9curit\u00e9 et efficacit\u00e9 sur le chantier.<\/span><\/p>\n<p><span style=\"font-weight: 400;\">Les nacelles \u00e0 m\u00e2t vertical Skyjack sont des plateformes \u00e9l\u00e9vatrices compactes, efficaces et polyvalentes, con\u00e7ues pour les travaux dans des espaces restreints. Elles sont id\u00e9ales pour les applications int\u00e9rieures telles que la maintenance, l&rsquo;installation et la pr\u00e9paration de commandes.<\/span><span style=\"font-weight: 400;\"><br \/>\n<\/span><span style=\"font-weight: 400;\">La gamme comprend plusieurs mod\u00e8les, notamment les SJ12, SJ16 et SJ18, avec des hauteurs de travail allant de 4,6 \u00e0 6,5 m\u00e8tres, offrant une port\u00e9e adapt\u00e9e \u00e0 une grande vari\u00e9t\u00e9 de t\u00e2ches. Chaque nacelle est \u00e9quip\u00e9e d\u2019une extension de plateforme de 1,07 m\u00e8tre, permettant de transporter en toute s\u00e9curit\u00e9 outils et mat\u00e9riaux en hauteur.<\/span><\/p>\n<p><span style=\"font-weight: 400;\">Les nacelles \u00e0 m\u00e2t vertical Skyjack offrent une capacit\u00e9 de charge allant jusqu&rsquo;\u00e0 159 kg (350 lb), selon le mod\u00e8le, et sont r\u00e9put\u00e9es pour leur simplicit\u00e9 d&rsquo;utilisation, leur faible besoin en maintenance et leur grande stabilit\u00e9.<\/span><span style=\"font-weight: 400;\"><br \/>\n<\/span><span style=\"font-weight: 400;\">Gr\u00e2ce \u00e0 leur structure l\u00e9g\u00e8re et leur excellente man\u0153uvrabilit\u00e9, elles sont parfaitement adapt\u00e9es aux all\u00e9es \u00e9troites et environnements exigus, assurant s\u00e9curit\u00e9 et efficacit\u00e9 sur le chantier.<\/span><\/p>\n","protected":false},"excerpt":{"rendered":"<p><span style=\"font-weight: 400;\">Les nacelles \u00e0 m\u00e2t vertical Skyjack sont des plateformes \u00e9l\u00e9vatrices compactes, efficaces et polyvalentes, con\u00e7ues pour les travaux dans des espaces restreints. Elles sont id\u00e9ales pour les applications int\u00e9rieures telles que la maintenance, l&rsquo;installation et la pr\u00e9paration de commandes.<\/span><span style=\"font-weight: 400;\"><br \/>\n<\/span><span style=\"font-weight: 400;\">La gamme comprend plusieurs mod\u00e8les, notamment les SJ12, SJ16 et SJ18, avec des hauteurs de travail allant de 4,6 \u00e0 6,5 m\u00e8tres, offrant une port\u00e9e adapt\u00e9e \u00e0 une grande vari\u00e9t\u00e9 de t\u00e2ches. Chaque nacelle est \u00e9quip\u00e9e d\u2019une extension de plateforme de 1,07 m\u00e8tre, permettant de transporter en toute s\u00e9curit\u00e9 outils et mat\u00e9riaux en hauteur.<\/span><\/p>\n<p><span style=\"font-weight: 400;\">Les nacelles \u00e0 m\u00e2t vertical Skyjack offrent une capacit\u00e9 de charge allant jusqu&rsquo;\u00e0 159 kg (350 lb), selon le mod\u00e8le, et sont r\u00e9put\u00e9es pour leur simplicit\u00e9 d&rsquo;utilisation, leur faible besoin en maintenance et leur grande stabilit\u00e9.<\/span><span style=\"font-weight: 400;\"><br \/>\n<\/span><span style=\"font-weight: 400;\">Gr\u00e2ce \u00e0 leur structure l\u00e9g\u00e8re et leur excellente man\u0153uvrabilit\u00e9, elles sont parfaitement adapt\u00e9es aux all\u00e9es \u00e9troites et environnements exigus, assurant s\u00e9curit\u00e9 et efficacit\u00e9 sur le chantier.<\/span><\/p>\n","protected":false},"featured_media":3855,"comment_status":"open","ping_status":"closed","template":"","meta":{"_acf_changed":false},"product_brand":[],"product_cat":[458],"product_tag":[],"class_list":{"0":"post-4112","1":"product","2":"type-product","3":"status-publish","4":"has-post-thumbnail","6":"product_cat-sem-categoria-fr","7":"setores-industrie","8":"setores-petrole-et-gaz","9":"marcas-skyjack","10":"tipo_produto-nacelles-a-mat-vertical","12":"first","13":"instock","14":"shipping-taxable","15":"product-type-simple"},"acf":[],"yoast_head":"<!-- This site is optimized with the Yoast SEO plugin v25.2 - https:\/\/yoast.com\/wordpress\/plugins\/seo\/ -->\n<title>Nacelles \u00e0 M\u00e2t Vertical Skyjack - Trevotech Group<\/title>\n<meta name=\"description\" content=\"Les nacelles \u00e0 m\u00e2t vertical Skyjack sont des plateformes \u00e9l\u00e9vatrices compactes, efficaces et polyvalentes, con\u00e7ues pour les travaux dans des espaces...\" \/>\n<meta name=\"robots\" content=\"index, follow, max-snippet:-1, max-image-preview:large, max-video-preview:-1\" \/>\n<link rel=\"canonical\" href=\"https:\/\/trevotech.com\/fr\/produto\/nacelles-a-mat-vertical\/\" \/>\n<meta property=\"og:locale\" content=\"fr_FR\" \/>\n<meta property=\"og:type\" content=\"article\" \/>\n<meta property=\"og:title\" content=\"Nacelles \u00e0 M\u00e2t Vertical Skyjack - Trevotech Group\" \/>\n<meta property=\"og:description\" content=\"Les nacelles \u00e0 m\u00e2t vertical Skyjack sont des plateformes \u00e9l\u00e9vatrices compactes, efficaces et polyvalentes, con\u00e7ues pour les travaux dans des espaces...\" \/>\n<meta property=\"og:url\" content=\"https:\/\/trevotech.com\/fr\/produto\/nacelles-a-mat-vertical\/\" \/>\n<meta property=\"og:site_name\" content=\"Trevotech Group\" \/>\n<meta property=\"article:modified_time\" content=\"2025-08-05T15:51:20+00:00\" \/>\n<meta property=\"og:image\" content=\"https:\/\/trevotech.com\/wp-content\/uploads\/2024\/11\/Skyjack-01-1-scaled.webp\" \/>\n\t<meta property=\"og:image:width\" content=\"2560\" \/>\n\t<meta property=\"og:image:height\" content=\"2560\" \/>\n\t<meta property=\"og:image:type\" content=\"image\/webp\" \/>\n<meta name=\"twitter:card\" content=\"summary_large_image\" \/>\n<meta name=\"twitter:label1\" content=\"Dur\u00e9e de lecture estim\u00e9e\" \/>\n\t<meta name=\"twitter:data1\" content=\"2 minutes\" \/>\n<script type=\"application\/ld+json\" class=\"yoast-schema-graph\">{\"@context\":\"https:\/\/schema.org\",\"@graph\":[{\"@type\":\"WebPage\",\"@id\":\"https:\/\/trevotech.com\/fr\/produto\/nacelles-a-mat-vertical\/\",\"url\":\"https:\/\/trevotech.com\/fr\/produto\/nacelles-a-mat-vertical\/\",\"name\":\"Nacelles \u00e0 M\u00e2t Vertical Skyjack - Trevotech Group\",\"isPartOf\":{\"@id\":\"https:\/\/trevotech.com\/fr\/#website\"},\"primaryImageOfPage\":{\"@id\":\"https:\/\/trevotech.com\/fr\/produto\/nacelles-a-mat-vertical\/#primaryimage\"},\"image\":{\"@id\":\"https:\/\/trevotech.com\/fr\/produto\/nacelles-a-mat-vertical\/#primaryimage\"},\"thumbnailUrl\":\"https:\/\/trevotech.com\/wp-content\/uploads\/2024\/11\/Skyjack-01-1-scaled.webp\",\"datePublished\":\"2024-11-05T12:29:35+00:00\",\"dateModified\":\"2025-08-05T15:51:20+00:00\",\"description\":\"Les nacelles \u00e0 m\u00e2t vertical Skyjack sont des plateformes \u00e9l\u00e9vatrices compactes, efficaces et polyvalentes, con\u00e7ues pour les travaux dans des espaces...\",\"breadcrumb\":{\"@id\":\"https:\/\/trevotech.com\/fr\/produto\/nacelles-a-mat-vertical\/#breadcrumb\"},\"inLanguage\":\"fr-FR\",\"potentialAction\":[{\"@type\":\"ReadAction\",\"target\":[\"https:\/\/trevotech.com\/fr\/produto\/nacelles-a-mat-vertical\/\"]}]},{\"@type\":\"ImageObject\",\"inLanguage\":\"fr-FR\",\"@id\":\"https:\/\/trevotech.com\/fr\/produto\/nacelles-a-mat-vertical\/#primaryimage\",\"url\":\"https:\/\/trevotech.com\/wp-content\/uploads\/2024\/11\/Skyjack-01-1-scaled.webp\",\"contentUrl\":\"https:\/\/trevotech.com\/wp-content\/uploads\/2024\/11\/Skyjack-01-1-scaled.webp\",\"width\":2560,\"height\":2560,\"caption\":\"Elevador Vertical\"},{\"@type\":\"BreadcrumbList\",\"@id\":\"https:\/\/trevotech.com\/fr\/produto\/nacelles-a-mat-vertical\/#breadcrumb\",\"itemListElement\":[{\"@type\":\"ListItem\",\"position\":1,\"name\":\"In\u00edcio\",\"item\":\"https:\/\/trevotech.com\/fr\/\"},{\"@type\":\"ListItem\",\"position\":2,\"name\":\"Produits\",\"item\":\"https:\/\/trevotech.com\/fr\/shop\/\"},{\"@type\":\"ListItem\",\"position\":3,\"name\":\"Nacelles \u00e0 M\u00e2t Vertical\"}]},{\"@type\":\"WebSite\",\"@id\":\"https:\/\/trevotech.com\/fr\/#website\",\"url\":\"https:\/\/trevotech.com\/fr\/\",\"name\":\"Trevotech Group\",\"description\":\"\",\"potentialAction\":[{\"@type\":\"SearchAction\",\"target\":{\"@type\":\"EntryPoint\",\"urlTemplate\":\"https:\/\/trevotech.com\/fr\/?s={search_term_string}\"},\"query-input\":{\"@type\":\"PropertyValueSpecification\",\"valueRequired\":true,\"valueName\":\"search_term_string\"}}],\"inLanguage\":\"fr-FR\"}]}<\/script>\n<!-- \/ Yoast SEO plugin. -->","yoast_head_json":{"title":"Nacelles \u00e0 M\u00e2t Vertical Skyjack - Trevotech Group","description":"Les nacelles \u00e0 m\u00e2t vertical Skyjack sont des plateformes \u00e9l\u00e9vatrices compactes, efficaces et polyvalentes, con\u00e7ues pour les travaux dans des espaces...","robots":{"index":"index","follow":"follow","max-snippet":"max-snippet:-1","max-image-preview":"max-image-preview:large","max-video-preview":"max-video-preview:-1"},"canonical":"https:\/\/trevotech.com\/fr\/produto\/nacelles-a-mat-vertical\/","og_locale":"fr_FR","og_type":"article","og_title":"Nacelles \u00e0 M\u00e2t Vertical Skyjack - Trevotech Group","og_description":"Les nacelles \u00e0 m\u00e2t vertical Skyjack sont des plateformes \u00e9l\u00e9vatrices compactes, efficaces et polyvalentes, con\u00e7ues pour les travaux dans des espaces...","og_url":"https:\/\/trevotech.com\/fr\/produto\/nacelles-a-mat-vertical\/","og_site_name":"Trevotech Group","article_modified_time":"2025-08-05T15:51:20+00:00","og_image":[{"width":2560,"height":2560,"url":"https:\/\/trevotech.com\/wp-content\/uploads\/2024\/11\/Skyjack-01-1-scaled.webp","type":"image\/webp"}],"twitter_card":"summary_large_image","twitter_misc":{"Dur\u00e9e de lecture estim\u00e9e":"2 minutes"},"schema":{"@context":"https:\/\/schema.org","@graph":[{"@type":"WebPage","@id":"https:\/\/trevotech.com\/fr\/produto\/nacelles-a-mat-vertical\/","url":"https:\/\/trevotech.com\/fr\/produto\/nacelles-a-mat-vertical\/","name":"Nacelles \u00e0 M\u00e2t Vertical Skyjack - Trevotech Group","isPartOf":{"@id":"https:\/\/trevotech.com\/fr\/#website"},"primaryImageOfPage":{"@id":"https:\/\/trevotech.com\/fr\/produto\/nacelles-a-mat-vertical\/#primaryimage"},"image":{"@id":"https:\/\/trevotech.com\/fr\/produto\/nacelles-a-mat-vertical\/#primaryimage"},"thumbnailUrl":"https:\/\/trevotech.com\/wp-content\/uploads\/2024\/11\/Skyjack-01-1-scaled.webp","datePublished":"2024-11-05T12:29:35+00:00","dateModified":"2025-08-05T15:51:20+00:00","description":"Les nacelles \u00e0 m\u00e2t vertical Skyjack sont des plateformes \u00e9l\u00e9vatrices compactes, efficaces et polyvalentes, con\u00e7ues pour les travaux dans des espaces...","breadcrumb":{"@id":"https:\/\/trevotech.com\/fr\/produto\/nacelles-a-mat-vertical\/#breadcrumb"},"inLanguage":"fr-FR","potentialAction":[{"@type":"ReadAction","target":["https:\/\/trevotech.com\/fr\/produto\/nacelles-a-mat-vertical\/"]}]},{"@type":"ImageObject","inLanguage":"fr-FR","@id":"https:\/\/trevotech.com\/fr\/produto\/nacelles-a-mat-vertical\/#primaryimage","url":"https:\/\/trevotech.com\/wp-content\/uploads\/2024\/11\/Skyjack-01-1-scaled.webp","contentUrl":"https:\/\/trevotech.com\/wp-content\/uploads\/2024\/11\/Skyjack-01-1-scaled.webp","width":2560,"height":2560,"caption":"Elevador Vertical"},{"@type":"BreadcrumbList","@id":"https:\/\/trevotech.com\/fr\/produto\/nacelles-a-mat-vertical\/#breadcrumb","itemListElement":[{"@type":"ListItem","position":1,"name":"In\u00edcio","item":"https:\/\/trevotech.com\/fr\/"},{"@type":"ListItem","position":2,"name":"Produits","item":"https:\/\/trevotech.com\/fr\/shop\/"},{"@type":"ListItem","position":3,"name":"Nacelles \u00e0 M\u00e2t Vertical"}]},{"@type":"WebSite","@id":"https:\/\/trevotech.com\/fr\/#website","url":"https:\/\/trevotech.com\/fr\/","name":"Trevotech Group","description":"","potentialAction":[{"@type":"SearchAction","target":{"@type":"EntryPoint","urlTemplate":"https:\/\/trevotech.com\/fr\/?s={search_term_string}"},"query-input":{"@type":"PropertyValueSpecification","valueRequired":true,"valueName":"search_term_string"}}],"inLanguage":"fr-FR"}]}},"_links":{"self":[{"href":"https:\/\/trevotech.com\/fr\/wp-json\/wp\/v2\/product\/4112","targetHints":{"allow":["GET"]}}],"collection":[{"href":"https:\/\/trevotech.com\/fr\/wp-json\/wp\/v2\/product"}],"about":[{"href":"https:\/\/trevotech.com\/fr\/wp-json\/wp\/v2\/types\/product"}],"replies":[{"embeddable":true,"href":"https:\/\/trevotech.com\/fr\/wp-json\/wp\/v2\/comments?post=4112"}],"wp:featuredmedia":[{"embeddable":true,"href":"https:\/\/trevotech.com\/fr\/wp-json\/wp\/v2\/media\/3855"}],"wp:attachment":[{"href":"https:\/\/trevotech.com\/fr\/wp-json\/wp\/v2\/media?parent=4112"}],"wp:term":[{"taxonomy":"product_brand","embeddable":true,"href":"https:\/\/trevotech.com\/fr\/wp-json\/wp\/v2\/product_brand?post=4112"},{"taxonomy":"product_cat","embeddable":true,"href":"https:\/\/trevotech.com\/fr\/wp-json\/wp\/v2\/product_cat?post=4112"},{"taxonomy":"product_tag","embeddable":true,"href":"https:\/\/trevotech.com\/fr\/wp-json\/wp\/v2\/product_tag?post=4112"}],"curies":[{"name":"wp","href":"https:\/\/api.w.org\/{rel}","templated":true}]}}