{"id":4123,"date":"2025-08-01T10:33:41","date_gmt":"2025-08-01T10:33:41","guid":{"rendered":"https:\/\/trevotech.com\/produto\/sewage-suction-trucks\/"},"modified":"2025-08-05T08:18:08","modified_gmt":"2025-08-05T08:18:08","slug":"camions-de-vidange","status":"publish","type":"product","link":"https:\/\/trevotech.com\/fr\/produto\/camions-de-vidange\/","title":{"rendered":"Camions de Vidange"},"content":{"rendered":"<p><span style=\"font-weight: 400;\">Les camions de vidange d\u2019Ashok Leyland sont des v\u00e9hicules fiables et efficaces, con\u00e7us pour les op\u00e9rations de nettoyage et de gestion des eaux us\u00e9es. Construits sur des ch\u00e2ssis commerciaux robustes, ces camions sont \u00e9quip\u00e9s de syst\u00e8mes de vide puissants et de r\u00e9servoirs de grande capacit\u00e9, ce qui les rend id\u00e9aux pour les services municipaux, le nettoyage industriel et la vidange de fosses septiques. Leur design compact assure une man\u0153uvrabilit\u00e9 facile en zones urbaines et rurales, tout en garantissant d&rsquo;excellentes performances et une grande durabilit\u00e9. Ces v\u00e9hicules peuvent \u00eatre personnalis\u00e9s en termes de mod\u00e8le et de capacit\u00e9, afin de r\u00e9pondre aux besoins sp\u00e9cifiques de chaque client ou op\u00e9ration.<\/span><\/p>\n<p><span style=\"font-weight: 400;\">Les camions de vidange d\u2019Ashok Leyland sont des v\u00e9hicules fiables et efficaces, con\u00e7us pour les op\u00e9rations de nettoyage et de gestion des eaux us\u00e9es. Construits sur des ch\u00e2ssis commerciaux robustes, ces camions sont \u00e9quip\u00e9s de syst\u00e8mes de vide puissants et de r\u00e9servoirs de grande capacit\u00e9, ce qui les rend id\u00e9aux pour les services municipaux, le nettoyage industriel et la vidange de fosses septiques. Leur design compact assure une man\u0153uvrabilit\u00e9 facile en zones urbaines et rurales, tout en garantissant d&rsquo;excellentes performances et une grande durabilit\u00e9. Ces v\u00e9hicules peuvent \u00eatre personnalis\u00e9s en termes de mod\u00e8le et de capacit\u00e9, afin de r\u00e9pondre aux besoins sp\u00e9cifiques de chaque client ou op\u00e9ration.<\/span><\/p>\n<p><span style=\"font-weight: 400;\">Les camions de vidange d\u2019Ashok Leyland sont des v\u00e9hicules fiables et efficaces, con\u00e7us pour les op\u00e9rations de nettoyage et de gestion des eaux us\u00e9es. Construits sur des ch\u00e2ssis commerciaux robustes, ces camions sont \u00e9quip\u00e9s de syst\u00e8mes de vide puissants et de r\u00e9servoirs de grande capacit\u00e9, ce qui les rend id\u00e9aux pour les services municipaux, le nettoyage industriel et la vidange de fosses septiques. Leur design compact assure une man\u0153uvrabilit\u00e9 facile en zones urbaines et rurales, tout en garantissant d&rsquo;excellentes performances et une grande durabilit\u00e9. Ces v\u00e9hicules peuvent \u00eatre personnalis\u00e9s en termes de mod\u00e8le et de capacit\u00e9, afin de r\u00e9pondre aux besoins sp\u00e9cifiques de chaque client ou op\u00e9ration.<\/span><\/p>\n","protected":false},"excerpt":{"rendered":"<p><span style=\"font-weight: 400;\">Les camions de vidange d\u2019Ashok Leyland sont des v\u00e9hicules fiables et efficaces, con\u00e7us pour les op\u00e9rations de nettoyage et de gestion des eaux us\u00e9es. Construits sur des ch\u00e2ssis commerciaux robustes, ces camions sont \u00e9quip\u00e9s de syst\u00e8mes de vide puissants et de r\u00e9servoirs de grande capacit\u00e9, ce qui les rend id\u00e9aux pour les services municipaux, le nettoyage industriel et la vidange de fosses septiques. Leur design compact assure une man\u0153uvrabilit\u00e9 facile en zones urbaines et rurales, tout en garantissant d&rsquo;excellentes performances et une grande durabilit\u00e9. Ces v\u00e9hicules peuvent \u00eatre personnalis\u00e9s en termes de mod\u00e8le et de capacit\u00e9, afin de r\u00e9pondre aux besoins sp\u00e9cifiques de chaque client ou op\u00e9ration.<\/span><\/p>\n","protected":false},"featured_media":4118,"comment_status":"closed","ping_status":"closed","template":"","meta":{"_acf_changed":false},"product_brand":[],"product_cat":[458],"product_tag":[],"class_list":{"0":"post-4123","1":"product","2":"type-product","3":"status-publish","4":"has-post-thumbnail","6":"product_cat-sem-categoria-fr","7":"setores-construction-et-mines","8":"marcas-ashok-leyland","9":"tipo_produto-camions-de-vidange","11":"first","12":"instock","13":"shipping-taxable","14":"product-type-simple"},"acf":[],"yoast_head":"<!-- This site is optimized with the Yoast SEO plugin v25.2 - https:\/\/yoast.com\/wordpress\/plugins\/seo\/ -->\n<title>Camions de Vidange - Trevotech Group<\/title>\n<meta name=\"description\" content=\"Les camions de vidange d\u2019Ashok Leyland sont des v\u00e9hicules fiables et efficaces, con\u00e7us pour les op\u00e9rations de nettoyage et de gestion des eaux...\" \/>\n<meta name=\"robots\" content=\"index, follow, max-snippet:-1, max-image-preview:large, max-video-preview:-1\" \/>\n<link rel=\"canonical\" href=\"https:\/\/trevotech.com\/fr\/produto\/camions-de-vidange\/\" \/>\n<meta property=\"og:locale\" content=\"fr_FR\" \/>\n<meta property=\"og:type\" content=\"article\" \/>\n<meta property=\"og:title\" content=\"Camions de Vidange - Trevotech Group\" \/>\n<meta property=\"og:description\" content=\"Les camions de vidange d\u2019Ashok Leyland sont des v\u00e9hicules fiables et efficaces, con\u00e7us pour les op\u00e9rations de nettoyage et de gestion des eaux...\" \/>\n<meta property=\"og:url\" content=\"https:\/\/trevotech.com\/fr\/produto\/camions-de-vidange\/\" \/>\n<meta property=\"og:site_name\" content=\"Trevotech Group\" \/>\n<meta property=\"article:modified_time\" content=\"2025-08-05T08:18:08+00:00\" \/>\n<meta property=\"og:image\" content=\"https:\/\/trevotech.com\/wp-content\/uploads\/2025\/08\/ashok-1.webp\" \/>\n\t<meta property=\"og:image:width\" content=\"1000\" \/>\n\t<meta property=\"og:image:height\" content=\"1000\" \/>\n\t<meta property=\"og:image:type\" content=\"image\/webp\" \/>\n<meta name=\"twitter:card\" content=\"summary_large_image\" \/>\n<meta name=\"twitter:label1\" content=\"Dur\u00e9e de lecture estim\u00e9e\" \/>\n\t<meta name=\"twitter:data1\" content=\"2 minutes\" \/>\n<script type=\"application\/ld+json\" class=\"yoast-schema-graph\">{\"@context\":\"https:\/\/schema.org\",\"@graph\":[{\"@type\":\"WebPage\",\"@id\":\"https:\/\/trevotech.com\/fr\/produto\/camions-de-vidange\/\",\"url\":\"https:\/\/trevotech.com\/fr\/produto\/camions-de-vidange\/\",\"name\":\"Camions de Vidange - Trevotech Group\",\"isPartOf\":{\"@id\":\"https:\/\/trevotech.com\/fr\/#website\"},\"primaryImageOfPage\":{\"@id\":\"https:\/\/trevotech.com\/fr\/produto\/camions-de-vidange\/#primaryimage\"},\"image\":{\"@id\":\"https:\/\/trevotech.com\/fr\/produto\/camions-de-vidange\/#primaryimage\"},\"thumbnailUrl\":\"https:\/\/trevotech.com\/wp-content\/uploads\/2025\/08\/ashok-1.webp\",\"datePublished\":\"2025-08-01T10:33:41+00:00\",\"dateModified\":\"2025-08-05T08:18:08+00:00\",\"description\":\"Les camions de vidange d\u2019Ashok Leyland sont des v\u00e9hicules fiables et efficaces, con\u00e7us pour les op\u00e9rations de nettoyage et de gestion des eaux...\",\"breadcrumb\":{\"@id\":\"https:\/\/trevotech.com\/fr\/produto\/camions-de-vidange\/#breadcrumb\"},\"inLanguage\":\"fr-FR\",\"potentialAction\":[{\"@type\":\"ReadAction\",\"target\":[\"https:\/\/trevotech.com\/fr\/produto\/camions-de-vidange\/\"]}]},{\"@type\":\"ImageObject\",\"inLanguage\":\"fr-FR\",\"@id\":\"https:\/\/trevotech.com\/fr\/produto\/camions-de-vidange\/#primaryimage\",\"url\":\"https:\/\/trevotech.com\/wp-content\/uploads\/2025\/08\/ashok-1.webp\",\"contentUrl\":\"https:\/\/trevotech.com\/wp-content\/uploads\/2025\/08\/ashok-1.webp\",\"width\":1000,\"height\":1000,\"caption\":\"Cami\u00f5es Cisterna\"},{\"@type\":\"BreadcrumbList\",\"@id\":\"https:\/\/trevotech.com\/fr\/produto\/camions-de-vidange\/#breadcrumb\",\"itemListElement\":[{\"@type\":\"ListItem\",\"position\":1,\"name\":\"In\u00edcio\",\"item\":\"https:\/\/trevotech.com\/fr\/\"},{\"@type\":\"ListItem\",\"position\":2,\"name\":\"Produits\",\"item\":\"https:\/\/trevotech.com\/fr\/shop\/\"},{\"@type\":\"ListItem\",\"position\":3,\"name\":\"Camions de Vidange\"}]},{\"@type\":\"WebSite\",\"@id\":\"https:\/\/trevotech.com\/fr\/#website\",\"url\":\"https:\/\/trevotech.com\/fr\/\",\"name\":\"Trevotech Group\",\"description\":\"\",\"potentialAction\":[{\"@type\":\"SearchAction\",\"target\":{\"@type\":\"EntryPoint\",\"urlTemplate\":\"https:\/\/trevotech.com\/fr\/?s={search_term_string}\"},\"query-input\":{\"@type\":\"PropertyValueSpecification\",\"valueRequired\":true,\"valueName\":\"search_term_string\"}}],\"inLanguage\":\"fr-FR\"}]}<\/script>\n<!-- \/ Yoast SEO plugin. -->","yoast_head_json":{"title":"Camions de Vidange - Trevotech Group","description":"Les camions de vidange d\u2019Ashok Leyland sont des v\u00e9hicules fiables et efficaces, con\u00e7us pour les op\u00e9rations de nettoyage et de gestion des eaux...","robots":{"index":"index","follow":"follow","max-snippet":"max-snippet:-1","max-image-preview":"max-image-preview:large","max-video-preview":"max-video-preview:-1"},"canonical":"https:\/\/trevotech.com\/fr\/produto\/camions-de-vidange\/","og_locale":"fr_FR","og_type":"article","og_title":"Camions de Vidange - Trevotech Group","og_description":"Les camions de vidange d\u2019Ashok Leyland sont des v\u00e9hicules fiables et efficaces, con\u00e7us pour les op\u00e9rations de nettoyage et de gestion des eaux...","og_url":"https:\/\/trevotech.com\/fr\/produto\/camions-de-vidange\/","og_site_name":"Trevotech Group","article_modified_time":"2025-08-05T08:18:08+00:00","og_image":[{"width":1000,"height":1000,"url":"https:\/\/trevotech.com\/wp-content\/uploads\/2025\/08\/ashok-1.webp","type":"image\/webp"}],"twitter_card":"summary_large_image","twitter_misc":{"Dur\u00e9e de lecture estim\u00e9e":"2 minutes"},"schema":{"@context":"https:\/\/schema.org","@graph":[{"@type":"WebPage","@id":"https:\/\/trevotech.com\/fr\/produto\/camions-de-vidange\/","url":"https:\/\/trevotech.com\/fr\/produto\/camions-de-vidange\/","name":"Camions de Vidange - Trevotech Group","isPartOf":{"@id":"https:\/\/trevotech.com\/fr\/#website"},"primaryImageOfPage":{"@id":"https:\/\/trevotech.com\/fr\/produto\/camions-de-vidange\/#primaryimage"},"image":{"@id":"https:\/\/trevotech.com\/fr\/produto\/camions-de-vidange\/#primaryimage"},"thumbnailUrl":"https:\/\/trevotech.com\/wp-content\/uploads\/2025\/08\/ashok-1.webp","datePublished":"2025-08-01T10:33:41+00:00","dateModified":"2025-08-05T08:18:08+00:00","description":"Les camions de vidange d\u2019Ashok Leyland sont des v\u00e9hicules fiables et efficaces, con\u00e7us pour les op\u00e9rations de nettoyage et de gestion des eaux...","breadcrumb":{"@id":"https:\/\/trevotech.com\/fr\/produto\/camions-de-vidange\/#breadcrumb"},"inLanguage":"fr-FR","potentialAction":[{"@type":"ReadAction","target":["https:\/\/trevotech.com\/fr\/produto\/camions-de-vidange\/"]}]},{"@type":"ImageObject","inLanguage":"fr-FR","@id":"https:\/\/trevotech.com\/fr\/produto\/camions-de-vidange\/#primaryimage","url":"https:\/\/trevotech.com\/wp-content\/uploads\/2025\/08\/ashok-1.webp","contentUrl":"https:\/\/trevotech.com\/wp-content\/uploads\/2025\/08\/ashok-1.webp","width":1000,"height":1000,"caption":"Cami\u00f5es Cisterna"},{"@type":"BreadcrumbList","@id":"https:\/\/trevotech.com\/fr\/produto\/camions-de-vidange\/#breadcrumb","itemListElement":[{"@type":"ListItem","position":1,"name":"In\u00edcio","item":"https:\/\/trevotech.com\/fr\/"},{"@type":"ListItem","position":2,"name":"Produits","item":"https:\/\/trevotech.com\/fr\/shop\/"},{"@type":"ListItem","position":3,"name":"Camions de Vidange"}]},{"@type":"WebSite","@id":"https:\/\/trevotech.com\/fr\/#website","url":"https:\/\/trevotech.com\/fr\/","name":"Trevotech Group","description":"","potentialAction":[{"@type":"SearchAction","target":{"@type":"EntryPoint","urlTemplate":"https:\/\/trevotech.com\/fr\/?s={search_term_string}"},"query-input":{"@type":"PropertyValueSpecification","valueRequired":true,"valueName":"search_term_string"}}],"inLanguage":"fr-FR"}]}},"_links":{"self":[{"href":"https:\/\/trevotech.com\/fr\/wp-json\/wp\/v2\/product\/4123","targetHints":{"allow":["GET"]}}],"collection":[{"href":"https:\/\/trevotech.com\/fr\/wp-json\/wp\/v2\/product"}],"about":[{"href":"https:\/\/trevotech.com\/fr\/wp-json\/wp\/v2\/types\/product"}],"replies":[{"embeddable":true,"href":"https:\/\/trevotech.com\/fr\/wp-json\/wp\/v2\/comments?post=4123"}],"wp:featuredmedia":[{"embeddable":true,"href":"https:\/\/trevotech.com\/fr\/wp-json\/wp\/v2\/media\/4118"}],"wp:attachment":[{"href":"https:\/\/trevotech.com\/fr\/wp-json\/wp\/v2\/media?parent=4123"}],"wp:term":[{"taxonomy":"product_brand","embeddable":true,"href":"https:\/\/trevotech.com\/fr\/wp-json\/wp\/v2\/product_brand?post=4123"},{"taxonomy":"product_cat","embeddable":true,"href":"https:\/\/trevotech.com\/fr\/wp-json\/wp\/v2\/product_cat?post=4123"},{"taxonomy":"product_tag","embeddable":true,"href":"https:\/\/trevotech.com\/fr\/wp-json\/wp\/v2\/product_tag?post=4123"}],"curies":[{"name":"wp","href":"https:\/\/api.w.org\/{rel}","templated":true}]}}