{"id":4516,"date":"2024-11-06T12:26:03","date_gmt":"2024-11-06T12:26:03","guid":{"rendered":"https:\/\/trevotech.com\/produto\/malting-brewing\/"},"modified":"2026-01-23T15:52:27","modified_gmt":"2026-01-23T15:52:27","slug":"maltage-et-brassage","status":"publish","type":"product","link":"https:\/\/trevotech.com\/fr\/produto\/maltage-et-brassage\/","title":{"rendered":"Maltage et Brassage"},"content":{"rendered":"<p data-start=\"805\" data-end=\"875\">Maltage et Brassage<\/p>\n<p data-start=\"805\" data-end=\"875\"><strong data-start=\"805\" data-end=\"875\">La fabrication d\u2019une bonne bi\u00e8re commence toujours par un bon malt<\/strong><\/p>\n<p data-start=\"877\" data-end=\"1263\">Le malt est un \u00e9l\u00e9ment cl\u00e9 dans la production de la bi\u00e8re et des spiritueux. Toutefois, pour produire un malt de qualit\u00e9, il est essentiel de disposer du bon proc\u00e9d\u00e9 \u2014 qu\u2019il s\u2019agisse du trempage, de la germination ou du touraillage. Nous pouvons vous accompagner depuis la r\u00e9ception et le stockage des c\u00e9r\u00e9ales dans les malteries jusqu\u2019\u00e0 la production du concassage dans les brasseries.<\/p>\n<p data-start=\"1265\" data-end=\"1549\" data-is-last-node=\"\" data-is-only-node=\"\"><strong data-start=\"1265\" data-end=\"1294\">Brassage et Distillation.<\/strong><br data-start=\"1294\" data-end=\"1297\" \/>D\u00e9couvrez les solutions innovantes de B\u00fchler pour le brassage et la distillation \u2014 con\u00e7ues pour am\u00e9liorer la qualit\u00e9, l\u2019efficacit\u00e9 et la durabilit\u00e9. Contactez-nous ou explorez notre expertise pour d\u00e9couvrir comment nous pouvons soutenir votre r\u00e9ussite.<\/p>\n<p data-start=\"1265\" data-end=\"1549\" data-is-last-node=\"\" data-is-only-node=\"\">Maltage et Brassage<\/p>\n<p data-start=\"475\" data-end=\"775\"><strong data-start=\"475\" data-end=\"512\">Produ\u00e7\u00e3o de Cerveja e Destila\u00e7\u00e3o.<\/strong><br data-start=\"512\" data-end=\"515\" \/>Descubra as solu\u00e7\u00f5es inovadoras da B\u00fchler para a produ\u00e7\u00e3o de cerveja e destila\u00e7\u00e3o \u2014 concebidas para melhorar a qualidade, a efici\u00eancia e a sustentabilidade. Entre em contacto connosco ou explore a nossa experi\u00eancia para saber como podemos apoiar o seu sucesso.<\/p>\n<p data-start=\"805\" data-end=\"875\"><strong data-start=\"805\" data-end=\"875\">La fabrication d\u2019une bonne bi\u00e8re commence toujours par un bon malt<\/strong><\/p>\n<p data-start=\"877\" data-end=\"1263\">Le malt est un \u00e9l\u00e9ment cl\u00e9 dans la production de la bi\u00e8re et des spiritueux. Toutefois, pour produire un malt de qualit\u00e9, il est essentiel de disposer du bon proc\u00e9d\u00e9 \u2014 qu\u2019il s\u2019agisse du trempage, de la germination ou du touraillage. Nous pouvons vous accompagner depuis la r\u00e9ception et le stockage des c\u00e9r\u00e9ales dans les malteries jusqu\u2019\u00e0 la production du concassage dans les brasseries.<\/p>\n<p data-start=\"1265\" data-end=\"1549\" data-is-last-node=\"\" data-is-only-node=\"\"><strong data-start=\"1265\" data-end=\"1294\">Brassage et Distillation.<\/strong><br data-start=\"1294\" data-end=\"1297\" \/>D\u00e9couvrez les solutions innovantes de B\u00fchler pour le brassage et la distillation \u2014 con\u00e7ues pour am\u00e9liorer la qualit\u00e9, l\u2019efficacit\u00e9 et la durabilit\u00e9. Contactez-nous ou explorez notre expertise pour d\u00e9couvrir comment nous pouvons soutenir votre r\u00e9ussite.<\/p>\n<p data-start=\"108\" data-end=\"168\"><strong data-start=\"108\" data-end=\"168\">A produ\u00e7\u00e3o de boa cerveja come\u00e7a sempre com um bom malte<\/strong><\/p>\n<p data-start=\"170\" data-end=\"473\">O malte \u00e9 essencial para a produ\u00e7\u00e3o de cerveja e bebidas espirituosas. No entanto, para produzir um bom malte, \u00e9 necess\u00e1rio o processo adequado \u2014 seja a macera\u00e7\u00e3o, a germina\u00e7\u00e3o ou a secagem. Podemos apoi\u00e1-lo desde a rece\u00e7\u00e3o e armazenamento do gr\u00e3o nas maltarias at\u00e9 \u00e0 produ\u00e7\u00e3o da moagem nas cervejeiras.<\/p>\n","protected":false},"excerpt":{"rendered":"<p data-start=\"805\" data-end=\"875\"><strong data-start=\"805\" data-end=\"875\">La fabrication d\u2019une bonne bi\u00e8re commence toujours par un bon malt<\/strong><\/p>\n<p data-start=\"877\" data-end=\"1263\">Le malt est un \u00e9l\u00e9ment cl\u00e9 dans la production de la bi\u00e8re et des spiritueux. Toutefois, pour produire un malt de qualit\u00e9, il est essentiel de disposer du bon proc\u00e9d\u00e9 \u2014 qu\u2019il s\u2019agisse du trempage, de la germination ou du touraillage. Nous pouvons vous accompagner depuis la r\u00e9ception et le stockage des c\u00e9r\u00e9ales dans les malteries jusqu\u2019\u00e0 la production du concassage dans les brasseries.<\/p>\n<p data-start=\"1265\" data-end=\"1549\" data-is-last-node=\"\" data-is-only-node=\"\"><strong data-start=\"1265\" data-end=\"1294\">Brassage et Distillation.<\/strong><br data-start=\"1294\" data-end=\"1297\" \/>D\u00e9couvrez les solutions innovantes de B\u00fchler pour le brassage et la distillation \u2014 con\u00e7ues pour am\u00e9liorer la qualit\u00e9, l\u2019efficacit\u00e9 et la durabilit\u00e9. Contactez-nous ou explorez notre expertise pour d\u00e9couvrir comment nous pouvons soutenir votre r\u00e9ussite.<\/p>\n","protected":false},"featured_media":4506,"comment_status":"closed","ping_status":"closed","template":"","meta":{"_acf_changed":false},"product_brand":[],"product_cat":[458],"product_tag":[],"class_list":{"0":"post-4516","1":"product","2":"type-product","3":"status-publish","4":"has-post-thumbnail","6":"product_cat-sem-categoria-fr","7":"setores-industrie","8":"marcas-buhler","9":"tipo_produto-malteacao-e-fabrico-de-cerveja-fr","11":"first","12":"instock","13":"shipping-taxable","14":"product-type-simple"},"acf":[],"yoast_head":"<!-- This site is optimized with the Yoast SEO plugin v25.2 - https:\/\/yoast.com\/wordpress\/plugins\/seo\/ -->\n<title>Maltage et Brassage Buhler - Trevotech Group<\/title>\n<meta name=\"description\" content=\"Maltage et Brassage: La fabrication d\u2019une bonne bi\u00e8re commence toujours par un bon maltLe malt est un \u00e9l\u00e9ment cl\u00e9 dans la production de...\" \/>\n<meta name=\"robots\" content=\"index, follow, max-snippet:-1, max-image-preview:large, max-video-preview:-1\" \/>\n<link rel=\"canonical\" href=\"https:\/\/trevotech.com\/fr\/produto\/maltage-et-brassage\/\" \/>\n<meta property=\"og:locale\" content=\"fr_FR\" \/>\n<meta property=\"og:type\" content=\"article\" \/>\n<meta property=\"og:title\" content=\"Maltage et Brassage Buhler - Trevotech Group\" \/>\n<meta property=\"og:description\" content=\"Maltage et Brassage: La fabrication d\u2019une bonne bi\u00e8re commence toujours par un bon maltLe malt est un \u00e9l\u00e9ment cl\u00e9 dans la production de...\" \/>\n<meta property=\"og:url\" content=\"https:\/\/trevotech.com\/fr\/produto\/maltage-et-brassage\/\" \/>\n<meta property=\"og:site_name\" content=\"Trevotech Group\" \/>\n<meta property=\"article:modified_time\" content=\"2026-01-23T15:52:27+00:00\" \/>\n<meta property=\"og:image\" content=\"https:\/\/trevotech.com\/wp-content\/uploads\/2024\/11\/Buhler_-04_Converted-Copia.webp\" \/>\n\t<meta property=\"og:image:width\" content=\"1000\" \/>\n\t<meta property=\"og:image:height\" content=\"1000\" \/>\n\t<meta property=\"og:image:type\" content=\"image\/webp\" \/>\n<meta name=\"twitter:card\" content=\"summary_large_image\" \/>\n<meta name=\"twitter:label1\" content=\"Dur\u00e9e de lecture estim\u00e9e\" \/>\n\t<meta name=\"twitter:data1\" content=\"3 minutes\" \/>\n<script type=\"application\/ld+json\" class=\"yoast-schema-graph\">{\"@context\":\"https:\/\/schema.org\",\"@graph\":[{\"@type\":\"WebPage\",\"@id\":\"https:\/\/trevotech.com\/fr\/produto\/maltage-et-brassage\/\",\"url\":\"https:\/\/trevotech.com\/fr\/produto\/maltage-et-brassage\/\",\"name\":\"Maltage et Brassage Buhler - Trevotech Group\",\"isPartOf\":{\"@id\":\"https:\/\/trevotech.com\/fr\/#website\"},\"primaryImageOfPage\":{\"@id\":\"https:\/\/trevotech.com\/fr\/produto\/maltage-et-brassage\/#primaryimage\"},\"image\":{\"@id\":\"https:\/\/trevotech.com\/fr\/produto\/maltage-et-brassage\/#primaryimage\"},\"thumbnailUrl\":\"https:\/\/trevotech.com\/wp-content\/uploads\/2024\/11\/Buhler_-04_Converted-Copia.webp\",\"datePublished\":\"2024-11-06T12:26:03+00:00\",\"dateModified\":\"2026-01-23T15:52:27+00:00\",\"description\":\"Maltage et Brassage: La fabrication d\u2019une bonne bi\u00e8re commence toujours par un bon maltLe malt est un \u00e9l\u00e9ment cl\u00e9 dans la production de...\",\"breadcrumb\":{\"@id\":\"https:\/\/trevotech.com\/fr\/produto\/maltage-et-brassage\/#breadcrumb\"},\"inLanguage\":\"fr-FR\",\"potentialAction\":[{\"@type\":\"ReadAction\",\"target\":[\"https:\/\/trevotech.com\/fr\/produto\/maltage-et-brassage\/\"]}]},{\"@type\":\"ImageObject\",\"inLanguage\":\"fr-FR\",\"@id\":\"https:\/\/trevotech.com\/fr\/produto\/maltage-et-brassage\/#primaryimage\",\"url\":\"https:\/\/trevotech.com\/wp-content\/uploads\/2024\/11\/Buhler_-04_Converted-Copia.webp\",\"contentUrl\":\"https:\/\/trevotech.com\/wp-content\/uploads\/2024\/11\/Buhler_-04_Converted-Copia.webp\",\"width\":1000,\"height\":1000,\"caption\":\"Maltea\u00e7\u00e3o e Fabrico de Cerveja\"},{\"@type\":\"BreadcrumbList\",\"@id\":\"https:\/\/trevotech.com\/fr\/produto\/maltage-et-brassage\/#breadcrumb\",\"itemListElement\":[{\"@type\":\"ListItem\",\"position\":1,\"name\":\"In\u00edcio\",\"item\":\"https:\/\/trevotech.com\/fr\/\"},{\"@type\":\"ListItem\",\"position\":2,\"name\":\"Produits\",\"item\":\"https:\/\/trevotech.com\/fr\/shop\/\"},{\"@type\":\"ListItem\",\"position\":3,\"name\":\"Maltage et Brassage\"}]},{\"@type\":\"WebSite\",\"@id\":\"https:\/\/trevotech.com\/fr\/#website\",\"url\":\"https:\/\/trevotech.com\/fr\/\",\"name\":\"Trevotech Group\",\"description\":\"\",\"potentialAction\":[{\"@type\":\"SearchAction\",\"target\":{\"@type\":\"EntryPoint\",\"urlTemplate\":\"https:\/\/trevotech.com\/fr\/?s={search_term_string}\"},\"query-input\":{\"@type\":\"PropertyValueSpecification\",\"valueRequired\":true,\"valueName\":\"search_term_string\"}}],\"inLanguage\":\"fr-FR\"}]}<\/script>\n<!-- \/ Yoast SEO plugin. -->","yoast_head_json":{"title":"Maltage et Brassage Buhler - Trevotech Group","description":"Maltage et Brassage: La fabrication d\u2019une bonne bi\u00e8re commence toujours par un bon maltLe malt est un \u00e9l\u00e9ment cl\u00e9 dans la production de...","robots":{"index":"index","follow":"follow","max-snippet":"max-snippet:-1","max-image-preview":"max-image-preview:large","max-video-preview":"max-video-preview:-1"},"canonical":"https:\/\/trevotech.com\/fr\/produto\/maltage-et-brassage\/","og_locale":"fr_FR","og_type":"article","og_title":"Maltage et Brassage Buhler - Trevotech Group","og_description":"Maltage et Brassage: La fabrication d\u2019une bonne bi\u00e8re commence toujours par un bon maltLe malt est un \u00e9l\u00e9ment cl\u00e9 dans la production de...","og_url":"https:\/\/trevotech.com\/fr\/produto\/maltage-et-brassage\/","og_site_name":"Trevotech Group","article_modified_time":"2026-01-23T15:52:27+00:00","og_image":[{"width":1000,"height":1000,"url":"https:\/\/trevotech.com\/wp-content\/uploads\/2024\/11\/Buhler_-04_Converted-Copia.webp","type":"image\/webp"}],"twitter_card":"summary_large_image","twitter_misc":{"Dur\u00e9e de lecture estim\u00e9e":"3 minutes"},"schema":{"@context":"https:\/\/schema.org","@graph":[{"@type":"WebPage","@id":"https:\/\/trevotech.com\/fr\/produto\/maltage-et-brassage\/","url":"https:\/\/trevotech.com\/fr\/produto\/maltage-et-brassage\/","name":"Maltage et Brassage Buhler - Trevotech Group","isPartOf":{"@id":"https:\/\/trevotech.com\/fr\/#website"},"primaryImageOfPage":{"@id":"https:\/\/trevotech.com\/fr\/produto\/maltage-et-brassage\/#primaryimage"},"image":{"@id":"https:\/\/trevotech.com\/fr\/produto\/maltage-et-brassage\/#primaryimage"},"thumbnailUrl":"https:\/\/trevotech.com\/wp-content\/uploads\/2024\/11\/Buhler_-04_Converted-Copia.webp","datePublished":"2024-11-06T12:26:03+00:00","dateModified":"2026-01-23T15:52:27+00:00","description":"Maltage et Brassage: La fabrication d\u2019une bonne bi\u00e8re commence toujours par un bon maltLe malt est un \u00e9l\u00e9ment cl\u00e9 dans la production de...","breadcrumb":{"@id":"https:\/\/trevotech.com\/fr\/produto\/maltage-et-brassage\/#breadcrumb"},"inLanguage":"fr-FR","potentialAction":[{"@type":"ReadAction","target":["https:\/\/trevotech.com\/fr\/produto\/maltage-et-brassage\/"]}]},{"@type":"ImageObject","inLanguage":"fr-FR","@id":"https:\/\/trevotech.com\/fr\/produto\/maltage-et-brassage\/#primaryimage","url":"https:\/\/trevotech.com\/wp-content\/uploads\/2024\/11\/Buhler_-04_Converted-Copia.webp","contentUrl":"https:\/\/trevotech.com\/wp-content\/uploads\/2024\/11\/Buhler_-04_Converted-Copia.webp","width":1000,"height":1000,"caption":"Maltea\u00e7\u00e3o e Fabrico de Cerveja"},{"@type":"BreadcrumbList","@id":"https:\/\/trevotech.com\/fr\/produto\/maltage-et-brassage\/#breadcrumb","itemListElement":[{"@type":"ListItem","position":1,"name":"In\u00edcio","item":"https:\/\/trevotech.com\/fr\/"},{"@type":"ListItem","position":2,"name":"Produits","item":"https:\/\/trevotech.com\/fr\/shop\/"},{"@type":"ListItem","position":3,"name":"Maltage et Brassage"}]},{"@type":"WebSite","@id":"https:\/\/trevotech.com\/fr\/#website","url":"https:\/\/trevotech.com\/fr\/","name":"Trevotech Group","description":"","potentialAction":[{"@type":"SearchAction","target":{"@type":"EntryPoint","urlTemplate":"https:\/\/trevotech.com\/fr\/?s={search_term_string}"},"query-input":{"@type":"PropertyValueSpecification","valueRequired":true,"valueName":"search_term_string"}}],"inLanguage":"fr-FR"}]}},"_links":{"self":[{"href":"https:\/\/trevotech.com\/fr\/wp-json\/wp\/v2\/product\/4516","targetHints":{"allow":["GET"]}}],"collection":[{"href":"https:\/\/trevotech.com\/fr\/wp-json\/wp\/v2\/product"}],"about":[{"href":"https:\/\/trevotech.com\/fr\/wp-json\/wp\/v2\/types\/product"}],"replies":[{"embeddable":true,"href":"https:\/\/trevotech.com\/fr\/wp-json\/wp\/v2\/comments?post=4516"}],"wp:featuredmedia":[{"embeddable":true,"href":"https:\/\/trevotech.com\/fr\/wp-json\/wp\/v2\/media\/4506"}],"wp:attachment":[{"href":"https:\/\/trevotech.com\/fr\/wp-json\/wp\/v2\/media?parent=4516"}],"wp:term":[{"taxonomy":"product_brand","embeddable":true,"href":"https:\/\/trevotech.com\/fr\/wp-json\/wp\/v2\/product_brand?post=4516"},{"taxonomy":"product_cat","embeddable":true,"href":"https:\/\/trevotech.com\/fr\/wp-json\/wp\/v2\/product_cat?post=4516"},{"taxonomy":"product_tag","embeddable":true,"href":"https:\/\/trevotech.com\/fr\/wp-json\/wp\/v2\/product_tag?post=4516"}],"curies":[{"name":"wp","href":"https:\/\/api.w.org\/{rel}","templated":true}]}}