{"id":4609,"date":"2026-02-27T07:36:24","date_gmt":"2026-02-27T07:36:24","guid":{"rendered":"https:\/\/trevotech.com\/produto\/mobile-jaw-crushers\/"},"modified":"2026-02-27T08:59:33","modified_gmt":"2026-02-27T08:59:33","slug":"concasseurs-a-machoires-mobiles","status":"publish","type":"product","link":"https:\/\/trevotech.com\/fr\/produto\/concasseurs-a-machoires-mobiles\/","title":{"rendered":"Concasseurs \u00e0 M\u00e2choires Mobiles"},"content":{"rendered":"<p><span style=\"font-weight: 400;\">Les concasseurs \u00e0 m\u00e2choires mobiles RUBBLE MASTER sont con\u00e7us pour assurer un concassage primaire fiable, tout en offrant une mobilit\u00e9 et une simplicit\u00e9 d\u2019utilisation exceptionnelles. Des mod\u00e8les tels que les RM 60, RM 70, RM 90 et RM 100 garantissent une capacit\u00e9 \u00e9lev\u00e9e et une alimentation r\u00e9guli\u00e8re pour les \u00e9tapes de traitement en aval, ce qui les rend adapt\u00e9s \u00e0 de nombreuses applications, notamment en carri\u00e8re, recyclage, d\u00e9molition et projets d\u2019infrastructure. Dot\u00e9s de m\u00e2choires renforc\u00e9es et d\u2019un ch\u00e2ssis robuste, ces concasseurs r\u00e9sistent aux conditions de chantier les plus exigeantes tout en produisant des mat\u00e9riaux homog\u00e8nes et de haute qualit\u00e9.<\/span><\/p>\n<p><span style=\"font-weight: 400;\">Pens\u00e9s pour l\u2019efficacit\u00e9 et la flexibilit\u00e9, les concasseurs \u00e0 m\u00e2choires RUBBLE MASTER offrent une mise en service rapide, une maintenance simplifi\u00e9e et des commandes ergonomiques afin de maximiser la disponibilit\u00e9 des machines et de r\u00e9duire les co\u00fbts d\u2019exploitation. Qu\u2019ils alimentent des concasseurs \u00e0 percussion ou des unit\u00e9s de criblage, ces concasseurs assurent un d\u00e9bit \u00e9lev\u00e9 et une excellente efficacit\u00e9 \u00e9nerg\u00e9tique. Associ\u00e9s au r\u00e9seau de service RUBBLE MASTER et aux solutions num\u00e9riques avanc\u00e9es, ils garantissent des performances optimales sur le long terme.<\/span><\/p>\n<p><span style=\"font-weight: 400;\">Les concasseurs \u00e0 m\u00e2choires mobiles RUBBLE MASTER sont con\u00e7us pour assurer un concassage primaire fiable, tout en offrant une mobilit\u00e9 et une simplicit\u00e9 d\u2019utilisation exceptionnelles. Des mod\u00e8les tels que les RM 60, RM 70, RM 90 et RM 100 garantissent une capacit\u00e9 \u00e9lev\u00e9e et une alimentation r\u00e9guli\u00e8re pour les \u00e9tapes de traitement en aval, ce qui les rend adapt\u00e9s \u00e0 de nombreuses applications, notamment en carri\u00e8re, recyclage, d\u00e9molition et projets d\u2019infrastructure. Dot\u00e9s de m\u00e2choires renforc\u00e9es et d\u2019un ch\u00e2ssis robuste, ces concasseurs r\u00e9sistent aux conditions de chantier les plus exigeantes tout en produisant des mat\u00e9riaux homog\u00e8nes et de haute qualit\u00e9.<\/span><\/p>\n<p><span style=\"font-weight: 400;\">Pens\u00e9s pour l\u2019efficacit\u00e9 et la flexibilit\u00e9, les concasseurs \u00e0 m\u00e2choires RUBBLE MASTER offrent une mise en service rapide, une maintenance simplifi\u00e9e et des commandes ergonomiques afin de maximiser la disponibilit\u00e9 des machines et de r\u00e9duire les co\u00fbts d\u2019exploitation. Qu\u2019ils alimentent des concasseurs \u00e0 percussion ou des unit\u00e9s de criblage, ces concasseurs assurent un d\u00e9bit \u00e9lev\u00e9 et une excellente efficacit\u00e9 \u00e9nerg\u00e9tique. Associ\u00e9s au r\u00e9seau de service RUBBLE MASTER et aux solutions num\u00e9riques avanc\u00e9es, ils garantissent des performances optimales sur le long terme.<\/span><\/p>\n","protected":false},"excerpt":{"rendered":"<p><span style=\"font-weight: 400;\">Les concasseurs \u00e0 m\u00e2choires mobiles RUBBLE MASTER sont con\u00e7us pour assurer un concassage primaire fiable, tout en offrant une mobilit\u00e9 et une simplicit\u00e9 d\u2019utilisation exceptionnelles. Des mod\u00e8les tels que les RM 60, RM 70, RM 90 et RM 100 garantissent une capacit\u00e9 \u00e9lev\u00e9e et une alimentation r\u00e9guli\u00e8re pour les \u00e9tapes de traitement en aval, ce qui les rend adapt\u00e9s \u00e0 de nombreuses applications, notamment en carri\u00e8re, recyclage, d\u00e9molition et projets d\u2019infrastructure. Dot\u00e9s de m\u00e2choires renforc\u00e9es et d\u2019un ch\u00e2ssis robuste, ces concasseurs r\u00e9sistent aux conditions de chantier les plus exigeantes tout en produisant des mat\u00e9riaux homog\u00e8nes et de haute qualit\u00e9.<\/span><\/p>\n<p><span style=\"font-weight: 400;\">Pens\u00e9s pour l\u2019efficacit\u00e9 et la flexibilit\u00e9, les concasseurs \u00e0 m\u00e2choires RUBBLE MASTER offrent une mise en service rapide, une maintenance simplifi\u00e9e et des commandes ergonomiques afin de maximiser la disponibilit\u00e9 des machines et de r\u00e9duire les co\u00fbts d\u2019exploitation. Qu\u2019ils alimentent des concasseurs \u00e0 percussion ou des unit\u00e9s de criblage, ces concasseurs assurent un d\u00e9bit \u00e9lev\u00e9 et une excellente efficacit\u00e9 \u00e9nerg\u00e9tique. Associ\u00e9s au r\u00e9seau de service RUBBLE MASTER et aux solutions num\u00e9riques avanc\u00e9es, ils garantissent des performances optimales sur le long terme.<\/span><\/p>\n","protected":false},"featured_media":4604,"comment_status":"closed","ping_status":"closed","template":"","meta":{"_acf_changed":false},"product_brand":[],"product_cat":[458],"product_tag":[],"class_list":{"0":"post-4609","1":"product","2":"type-product","3":"status-publish","4":"has-post-thumbnail","6":"product_cat-sem-categoria-fr","7":"setores-construction-et-mines","8":"marcas-rubble-master-fr","9":"tipo_produto-concasseurs-a-machoires-mobiles","11":"first","12":"instock","13":"shipping-taxable","14":"product-type-simple"},"acf":[],"yoast_head":"<!-- This site is optimized with the Yoast SEO plugin v25.2 - https:\/\/yoast.com\/wordpress\/plugins\/seo\/ -->\n<title>Concasseurs \u00e0 M\u00e2choires Mobiles - Trevotech Group<\/title>\n<meta name=\"description\" content=\"Les concasseurs \u00e0 m\u00e2choires mobiles RUBBLE MASTER sont con\u00e7us pour assurer un concassage primaire fiable, tout en offrant une mobilit\u00e9 et une...\" \/>\n<meta name=\"robots\" content=\"index, follow, max-snippet:-1, max-image-preview:large, max-video-preview:-1\" \/>\n<link rel=\"canonical\" href=\"https:\/\/trevotech.com\/fr\/produto\/concasseurs-a-machoires-mobiles\/\" \/>\n<meta property=\"og:locale\" content=\"fr_FR\" \/>\n<meta property=\"og:type\" content=\"article\" \/>\n<meta property=\"og:title\" content=\"Concasseurs \u00e0 M\u00e2choires Mobiles - Trevotech Group\" \/>\n<meta property=\"og:description\" content=\"Les concasseurs \u00e0 m\u00e2choires mobiles RUBBLE MASTER sont con\u00e7us pour assurer un concassage primaire fiable, tout en offrant une mobilit\u00e9 et une...\" \/>\n<meta property=\"og:url\" content=\"https:\/\/trevotech.com\/fr\/produto\/concasseurs-a-machoires-mobiles\/\" \/>\n<meta property=\"og:site_name\" content=\"Trevotech Group\" \/>\n<meta property=\"article:modified_time\" content=\"2026-02-27T08:59:33+00:00\" \/>\n<meta property=\"og:image\" content=\"https:\/\/trevotech.com\/wp-content\/uploads\/2026\/02\/Rubble_Master_Products-02-1-scaled.webp\" \/>\n\t<meta property=\"og:image:width\" content=\"2560\" \/>\n\t<meta property=\"og:image:height\" content=\"2560\" \/>\n\t<meta property=\"og:image:type\" content=\"image\/webp\" \/>\n<meta name=\"twitter:card\" content=\"summary_large_image\" \/>\n<meta name=\"twitter:label1\" content=\"Dur\u00e9e de lecture estim\u00e9e\" \/>\n\t<meta name=\"twitter:data1\" content=\"3 minutes\" \/>\n<script type=\"application\/ld+json\" class=\"yoast-schema-graph\">{\"@context\":\"https:\/\/schema.org\",\"@graph\":[{\"@type\":\"WebPage\",\"@id\":\"https:\/\/trevotech.com\/fr\/produto\/concasseurs-a-machoires-mobiles\/\",\"url\":\"https:\/\/trevotech.com\/fr\/produto\/concasseurs-a-machoires-mobiles\/\",\"name\":\"Concasseurs \u00e0 M\u00e2choires Mobiles - Trevotech Group\",\"isPartOf\":{\"@id\":\"https:\/\/trevotech.com\/fr\/#website\"},\"primaryImageOfPage\":{\"@id\":\"https:\/\/trevotech.com\/fr\/produto\/concasseurs-a-machoires-mobiles\/#primaryimage\"},\"image\":{\"@id\":\"https:\/\/trevotech.com\/fr\/produto\/concasseurs-a-machoires-mobiles\/#primaryimage\"},\"thumbnailUrl\":\"https:\/\/trevotech.com\/wp-content\/uploads\/2026\/02\/Rubble_Master_Products-02-1-scaled.webp\",\"datePublished\":\"2026-02-27T07:36:24+00:00\",\"dateModified\":\"2026-02-27T08:59:33+00:00\",\"description\":\"Les concasseurs \u00e0 m\u00e2choires mobiles RUBBLE MASTER sont con\u00e7us pour assurer un concassage primaire fiable, tout en offrant une mobilit\u00e9 et une...\",\"breadcrumb\":{\"@id\":\"https:\/\/trevotech.com\/fr\/produto\/concasseurs-a-machoires-mobiles\/#breadcrumb\"},\"inLanguage\":\"fr-FR\",\"potentialAction\":[{\"@type\":\"ReadAction\",\"target\":[\"https:\/\/trevotech.com\/fr\/produto\/concasseurs-a-machoires-mobiles\/\"]}]},{\"@type\":\"ImageObject\",\"inLanguage\":\"fr-FR\",\"@id\":\"https:\/\/trevotech.com\/fr\/produto\/concasseurs-a-machoires-mobiles\/#primaryimage\",\"url\":\"https:\/\/trevotech.com\/wp-content\/uploads\/2026\/02\/Rubble_Master_Products-02-1-scaled.webp\",\"contentUrl\":\"https:\/\/trevotech.com\/wp-content\/uploads\/2026\/02\/Rubble_Master_Products-02-1-scaled.webp\",\"width\":2560,\"height\":2560,\"caption\":\"Britadora de Mand\u00edbulas M\u00f3vel\"},{\"@type\":\"BreadcrumbList\",\"@id\":\"https:\/\/trevotech.com\/fr\/produto\/concasseurs-a-machoires-mobiles\/#breadcrumb\",\"itemListElement\":[{\"@type\":\"ListItem\",\"position\":1,\"name\":\"In\u00edcio\",\"item\":\"https:\/\/trevotech.com\/fr\/\"},{\"@type\":\"ListItem\",\"position\":2,\"name\":\"Produits\",\"item\":\"https:\/\/trevotech.com\/fr\/shop\/\"},{\"@type\":\"ListItem\",\"position\":3,\"name\":\"Concasseurs \u00e0 M\u00e2choires Mobiles\"}]},{\"@type\":\"WebSite\",\"@id\":\"https:\/\/trevotech.com\/fr\/#website\",\"url\":\"https:\/\/trevotech.com\/fr\/\",\"name\":\"Trevotech Group\",\"description\":\"\",\"potentialAction\":[{\"@type\":\"SearchAction\",\"target\":{\"@type\":\"EntryPoint\",\"urlTemplate\":\"https:\/\/trevotech.com\/fr\/?s={search_term_string}\"},\"query-input\":{\"@type\":\"PropertyValueSpecification\",\"valueRequired\":true,\"valueName\":\"search_term_string\"}}],\"inLanguage\":\"fr-FR\"}]}<\/script>\n<!-- \/ Yoast SEO plugin. -->","yoast_head_json":{"title":"Concasseurs \u00e0 M\u00e2choires Mobiles - Trevotech Group","description":"Les concasseurs \u00e0 m\u00e2choires mobiles RUBBLE MASTER sont con\u00e7us pour assurer un concassage primaire fiable, tout en offrant une mobilit\u00e9 et une...","robots":{"index":"index","follow":"follow","max-snippet":"max-snippet:-1","max-image-preview":"max-image-preview:large","max-video-preview":"max-video-preview:-1"},"canonical":"https:\/\/trevotech.com\/fr\/produto\/concasseurs-a-machoires-mobiles\/","og_locale":"fr_FR","og_type":"article","og_title":"Concasseurs \u00e0 M\u00e2choires Mobiles - Trevotech Group","og_description":"Les concasseurs \u00e0 m\u00e2choires mobiles RUBBLE MASTER sont con\u00e7us pour assurer un concassage primaire fiable, tout en offrant une mobilit\u00e9 et une...","og_url":"https:\/\/trevotech.com\/fr\/produto\/concasseurs-a-machoires-mobiles\/","og_site_name":"Trevotech Group","article_modified_time":"2026-02-27T08:59:33+00:00","og_image":[{"width":2560,"height":2560,"url":"https:\/\/trevotech.com\/wp-content\/uploads\/2026\/02\/Rubble_Master_Products-02-1-scaled.webp","type":"image\/webp"}],"twitter_card":"summary_large_image","twitter_misc":{"Dur\u00e9e de lecture estim\u00e9e":"3 minutes"},"schema":{"@context":"https:\/\/schema.org","@graph":[{"@type":"WebPage","@id":"https:\/\/trevotech.com\/fr\/produto\/concasseurs-a-machoires-mobiles\/","url":"https:\/\/trevotech.com\/fr\/produto\/concasseurs-a-machoires-mobiles\/","name":"Concasseurs \u00e0 M\u00e2choires Mobiles - Trevotech Group","isPartOf":{"@id":"https:\/\/trevotech.com\/fr\/#website"},"primaryImageOfPage":{"@id":"https:\/\/trevotech.com\/fr\/produto\/concasseurs-a-machoires-mobiles\/#primaryimage"},"image":{"@id":"https:\/\/trevotech.com\/fr\/produto\/concasseurs-a-machoires-mobiles\/#primaryimage"},"thumbnailUrl":"https:\/\/trevotech.com\/wp-content\/uploads\/2026\/02\/Rubble_Master_Products-02-1-scaled.webp","datePublished":"2026-02-27T07:36:24+00:00","dateModified":"2026-02-27T08:59:33+00:00","description":"Les concasseurs \u00e0 m\u00e2choires mobiles RUBBLE MASTER sont con\u00e7us pour assurer un concassage primaire fiable, tout en offrant une mobilit\u00e9 et une...","breadcrumb":{"@id":"https:\/\/trevotech.com\/fr\/produto\/concasseurs-a-machoires-mobiles\/#breadcrumb"},"inLanguage":"fr-FR","potentialAction":[{"@type":"ReadAction","target":["https:\/\/trevotech.com\/fr\/produto\/concasseurs-a-machoires-mobiles\/"]}]},{"@type":"ImageObject","inLanguage":"fr-FR","@id":"https:\/\/trevotech.com\/fr\/produto\/concasseurs-a-machoires-mobiles\/#primaryimage","url":"https:\/\/trevotech.com\/wp-content\/uploads\/2026\/02\/Rubble_Master_Products-02-1-scaled.webp","contentUrl":"https:\/\/trevotech.com\/wp-content\/uploads\/2026\/02\/Rubble_Master_Products-02-1-scaled.webp","width":2560,"height":2560,"caption":"Britadora de Mand\u00edbulas M\u00f3vel"},{"@type":"BreadcrumbList","@id":"https:\/\/trevotech.com\/fr\/produto\/concasseurs-a-machoires-mobiles\/#breadcrumb","itemListElement":[{"@type":"ListItem","position":1,"name":"In\u00edcio","item":"https:\/\/trevotech.com\/fr\/"},{"@type":"ListItem","position":2,"name":"Produits","item":"https:\/\/trevotech.com\/fr\/shop\/"},{"@type":"ListItem","position":3,"name":"Concasseurs \u00e0 M\u00e2choires Mobiles"}]},{"@type":"WebSite","@id":"https:\/\/trevotech.com\/fr\/#website","url":"https:\/\/trevotech.com\/fr\/","name":"Trevotech Group","description":"","potentialAction":[{"@type":"SearchAction","target":{"@type":"EntryPoint","urlTemplate":"https:\/\/trevotech.com\/fr\/?s={search_term_string}"},"query-input":{"@type":"PropertyValueSpecification","valueRequired":true,"valueName":"search_term_string"}}],"inLanguage":"fr-FR"}]}},"_links":{"self":[{"href":"https:\/\/trevotech.com\/fr\/wp-json\/wp\/v2\/product\/4609","targetHints":{"allow":["GET"]}}],"collection":[{"href":"https:\/\/trevotech.com\/fr\/wp-json\/wp\/v2\/product"}],"about":[{"href":"https:\/\/trevotech.com\/fr\/wp-json\/wp\/v2\/types\/product"}],"replies":[{"embeddable":true,"href":"https:\/\/trevotech.com\/fr\/wp-json\/wp\/v2\/comments?post=4609"}],"wp:featuredmedia":[{"embeddable":true,"href":"https:\/\/trevotech.com\/fr\/wp-json\/wp\/v2\/media\/4604"}],"wp:attachment":[{"href":"https:\/\/trevotech.com\/fr\/wp-json\/wp\/v2\/media?parent=4609"}],"wp:term":[{"taxonomy":"product_brand","embeddable":true,"href":"https:\/\/trevotech.com\/fr\/wp-json\/wp\/v2\/product_brand?post=4609"},{"taxonomy":"product_cat","embeddable":true,"href":"https:\/\/trevotech.com\/fr\/wp-json\/wp\/v2\/product_cat?post=4609"},{"taxonomy":"product_tag","embeddable":true,"href":"https:\/\/trevotech.com\/fr\/wp-json\/wp\/v2\/product_tag?post=4609"}],"curies":[{"name":"wp","href":"https:\/\/api.w.org\/{rel}","templated":true}]}}