{"id":4617,"date":"2026-02-27T07:34:19","date_gmt":"2026-02-27T07:34:19","guid":{"rendered":"https:\/\/trevotech.com\/produto\/scalping-screens\/"},"modified":"2026-02-27T09:09:06","modified_gmt":"2026-02-27T09:09:06","slug":"cribles-scalpeurs","status":"publish","type":"product","link":"https:\/\/trevotech.com\/fr\/produto\/cribles-scalpeurs\/","title":{"rendered":"Cribles Scalpeurs"},"content":{"rendered":"<p><span style=\"font-weight: 400;\">Les cribles scalpeurs RUBBLE MASTER de la s\u00e9rie RM HS sont con\u00e7us pour s\u2019adapter \u00e0 des conditions de chantier en constante \u00e9volution, en combinant scalpage intensif et criblage de pr\u00e9cision au sein d\u2019une seule installation polyvalente. La gamme comprend les mod\u00e8les RM HS3500M (jusqu\u2019\u00e0 200 t\/h), RM HS5000M (jusqu\u2019\u00e0 300 t\/h) et RM HS7500M (jusqu\u2019\u00e0 450 t\/h), permettant de s\u00e9lectionner la capacit\u00e9 la plus adapt\u00e9e tout en garantissant une s\u00e9paration homog\u00e8ne et une qualit\u00e9 \u00e9lev\u00e9e des produits finis. Ces machines sont id\u00e9ales pour le traitement des sols, granulats, sable et gravier, roches abattues, st\u00e9riles, fraisats d\u2019asphalte, paillis et autres mat\u00e9riaux.<\/span><\/p>\n<p><span style=\"font-weight: 400;\">Con\u00e7us pour les applications les plus exigeantes, les cribles scalpeurs de la s\u00e9rie RM HS excellent dans le traitement de mat\u00e9riaux volumineux et abrasifs tels que la roche dynamit\u00e9e, les mat\u00e9riaux excav\u00e9s et les d\u00e9chets de d\u00e9molition. Capables de r\u00e9aliser plusieurs applications avec une seule machine et de produire jusqu\u2019\u00e0 trois fractions finales (s\u00e9paration en 3 voies), ils maximisent la productivit\u00e9, am\u00e9liorent la circulation des mat\u00e9riaux et offrent la flexibilit\u00e9 n\u00e9cessaire aux entreprises pour d\u00e9velopper leurs activit\u00e9s.<\/span><\/p>\n<p><span style=\"font-weight: 400;\">Les cribles scalpeurs RUBBLE MASTER de la s\u00e9rie RM HS sont con\u00e7us pour s\u2019adapter \u00e0 des conditions de chantier en constante \u00e9volution, en combinant scalpage intensif et criblage de pr\u00e9cision au sein d\u2019une seule installation polyvalente. La gamme comprend les mod\u00e8les RM HS3500M (jusqu\u2019\u00e0 200 t\/h), RM HS5000M (jusqu\u2019\u00e0 300 t\/h) et RM HS7500M (jusqu\u2019\u00e0 450 t\/h), permettant de s\u00e9lectionner la capacit\u00e9 la plus adapt\u00e9e tout en garantissant une s\u00e9paration homog\u00e8ne et une qualit\u00e9 \u00e9lev\u00e9e des produits finis. Ces machines sont id\u00e9ales pour le traitement des sols, granulats, sable et gravier, roches abattues, st\u00e9riles, fraisats d\u2019asphalte, paillis et autres mat\u00e9riaux.<\/span><\/p>\n<p><span style=\"font-weight: 400;\">Con\u00e7us pour les applications les plus exigeantes, les cribles scalpeurs de la s\u00e9rie RM HS excellent dans le traitement de mat\u00e9riaux volumineux et abrasifs tels que la roche dynamit\u00e9e, les mat\u00e9riaux excav\u00e9s et les d\u00e9chets de d\u00e9molition. Capables de r\u00e9aliser plusieurs applications avec une seule machine et de produire jusqu\u2019\u00e0 trois fractions finales (s\u00e9paration en 3 voies), ils maximisent la productivit\u00e9, am\u00e9liorent la circulation des mat\u00e9riaux et offrent la flexibilit\u00e9 n\u00e9cessaire aux entreprises pour d\u00e9velopper leurs activit\u00e9s.<\/span><\/p>\n","protected":false},"excerpt":{"rendered":"<p><span style=\"font-weight: 400;\">Les cribles scalpeurs RUBBLE MASTER de la s\u00e9rie RM HS sont con\u00e7us pour s\u2019adapter \u00e0 des conditions de chantier en constante \u00e9volution, en combinant scalpage intensif et criblage de pr\u00e9cision au sein d\u2019une seule installation polyvalente. La gamme comprend les mod\u00e8les RM HS3500M (jusqu\u2019\u00e0 200 t\/h), RM HS5000M (jusqu\u2019\u00e0 300 t\/h) et RM HS7500M (jusqu\u2019\u00e0 450 t\/h), permettant de s\u00e9lectionner la capacit\u00e9 la plus adapt\u00e9e tout en garantissant une s\u00e9paration homog\u00e8ne et une qualit\u00e9 \u00e9lev\u00e9e des produits finis. Ces machines sont id\u00e9ales pour le traitement des sols, granulats, sable et gravier, roches abattues, st\u00e9riles, fraisats d\u2019asphalte, paillis et autres mat\u00e9riaux.<\/span><\/p>\n<p><span style=\"font-weight: 400;\">Con\u00e7us pour les applications les plus exigeantes, les cribles scalpeurs de la s\u00e9rie RM HS excellent dans le traitement de mat\u00e9riaux volumineux et abrasifs tels que la roche dynamit\u00e9e, les mat\u00e9riaux excav\u00e9s et les d\u00e9chets de d\u00e9molition. Capables de r\u00e9aliser plusieurs applications avec une seule machine et de produire jusqu\u2019\u00e0 trois fractions finales (s\u00e9paration en 3 voies), ils maximisent la productivit\u00e9, am\u00e9liorent la circulation des mat\u00e9riaux et offrent la flexibilit\u00e9 n\u00e9cessaire aux entreprises pour d\u00e9velopper leurs activit\u00e9s.<\/span><\/p>\n","protected":false},"featured_media":4615,"comment_status":"closed","ping_status":"closed","template":"","meta":{"_acf_changed":false},"product_brand":[],"product_cat":[458],"product_tag":[],"class_list":{"0":"post-4617","1":"product","2":"type-product","3":"status-publish","4":"has-post-thumbnail","6":"product_cat-sem-categoria-fr","7":"setores-construction-et-mines","8":"marcas-rubble-master-fr","9":"tipo_produto-cribles-scalpeurs","11":"first","12":"instock","13":"shipping-taxable","14":"product-type-simple"},"acf":[],"yoast_head":"<!-- This site is optimized with the Yoast SEO plugin v25.2 - https:\/\/yoast.com\/wordpress\/plugins\/seo\/ -->\n<title>Cribles Scalpeurs - Trevotech Group<\/title>\n<meta name=\"description\" content=\"Les cribles scalpeurs RUBBLE MASTER de la s\u00e9rie RM HS sont con\u00e7us pour s\u2019adapter \u00e0 des conditions de chantier en constante \u00e9volution, en combinant...\" \/>\n<meta name=\"robots\" content=\"index, follow, max-snippet:-1, max-image-preview:large, max-video-preview:-1\" \/>\n<link rel=\"canonical\" href=\"https:\/\/trevotech.com\/fr\/produto\/cribles-scalpeurs\/\" \/>\n<meta property=\"og:locale\" content=\"fr_FR\" \/>\n<meta property=\"og:type\" content=\"article\" \/>\n<meta property=\"og:title\" content=\"Cribles Scalpeurs - Trevotech Group\" \/>\n<meta property=\"og:description\" content=\"Les cribles scalpeurs RUBBLE MASTER de la s\u00e9rie RM HS sont con\u00e7us pour s\u2019adapter \u00e0 des conditions de chantier en constante \u00e9volution, en combinant...\" \/>\n<meta property=\"og:url\" content=\"https:\/\/trevotech.com\/fr\/produto\/cribles-scalpeurs\/\" \/>\n<meta property=\"og:site_name\" content=\"Trevotech Group\" \/>\n<meta property=\"article:modified_time\" content=\"2026-02-27T09:09:06+00:00\" \/>\n<meta property=\"og:image\" content=\"https:\/\/trevotech.com\/wp-content\/uploads\/2026\/02\/Rubble_Master_Products-03-scaled.webp\" \/>\n\t<meta property=\"og:image:width\" content=\"2560\" \/>\n\t<meta property=\"og:image:height\" content=\"2560\" \/>\n\t<meta property=\"og:image:type\" content=\"image\/webp\" \/>\n<meta name=\"twitter:card\" content=\"summary_large_image\" \/>\n<meta name=\"twitter:label1\" content=\"Dur\u00e9e de lecture estim\u00e9e\" \/>\n\t<meta name=\"twitter:data1\" content=\"3 minutes\" \/>\n<script type=\"application\/ld+json\" class=\"yoast-schema-graph\">{\"@context\":\"https:\/\/schema.org\",\"@graph\":[{\"@type\":\"WebPage\",\"@id\":\"https:\/\/trevotech.com\/fr\/produto\/cribles-scalpeurs\/\",\"url\":\"https:\/\/trevotech.com\/fr\/produto\/cribles-scalpeurs\/\",\"name\":\"Cribles Scalpeurs - Trevotech Group\",\"isPartOf\":{\"@id\":\"https:\/\/trevotech.com\/fr\/#website\"},\"primaryImageOfPage\":{\"@id\":\"https:\/\/trevotech.com\/fr\/produto\/cribles-scalpeurs\/#primaryimage\"},\"image\":{\"@id\":\"https:\/\/trevotech.com\/fr\/produto\/cribles-scalpeurs\/#primaryimage\"},\"thumbnailUrl\":\"https:\/\/trevotech.com\/wp-content\/uploads\/2026\/02\/Rubble_Master_Products-03-scaled.webp\",\"datePublished\":\"2026-02-27T07:34:19+00:00\",\"dateModified\":\"2026-02-27T09:09:06+00:00\",\"description\":\"Les cribles scalpeurs RUBBLE MASTER de la s\u00e9rie RM HS sont con\u00e7us pour s\u2019adapter \u00e0 des conditions de chantier en constante \u00e9volution, en combinant...\",\"breadcrumb\":{\"@id\":\"https:\/\/trevotech.com\/fr\/produto\/cribles-scalpeurs\/#breadcrumb\"},\"inLanguage\":\"fr-FR\",\"potentialAction\":[{\"@type\":\"ReadAction\",\"target\":[\"https:\/\/trevotech.com\/fr\/produto\/cribles-scalpeurs\/\"]}]},{\"@type\":\"ImageObject\",\"inLanguage\":\"fr-FR\",\"@id\":\"https:\/\/trevotech.com\/fr\/produto\/cribles-scalpeurs\/#primaryimage\",\"url\":\"https:\/\/trevotech.com\/wp-content\/uploads\/2026\/02\/Rubble_Master_Products-03-scaled.webp\",\"contentUrl\":\"https:\/\/trevotech.com\/wp-content\/uploads\/2026\/02\/Rubble_Master_Products-03-scaled.webp\",\"width\":2560,\"height\":2560,\"caption\":\"Crivos M\u00f3veis Tipo Scalper\"},{\"@type\":\"BreadcrumbList\",\"@id\":\"https:\/\/trevotech.com\/fr\/produto\/cribles-scalpeurs\/#breadcrumb\",\"itemListElement\":[{\"@type\":\"ListItem\",\"position\":1,\"name\":\"In\u00edcio\",\"item\":\"https:\/\/trevotech.com\/fr\/\"},{\"@type\":\"ListItem\",\"position\":2,\"name\":\"Produits\",\"item\":\"https:\/\/trevotech.com\/fr\/shop\/\"},{\"@type\":\"ListItem\",\"position\":3,\"name\":\"Cribles Scalpeurs\"}]},{\"@type\":\"WebSite\",\"@id\":\"https:\/\/trevotech.com\/fr\/#website\",\"url\":\"https:\/\/trevotech.com\/fr\/\",\"name\":\"Trevotech Group\",\"description\":\"\",\"potentialAction\":[{\"@type\":\"SearchAction\",\"target\":{\"@type\":\"EntryPoint\",\"urlTemplate\":\"https:\/\/trevotech.com\/fr\/?s={search_term_string}\"},\"query-input\":{\"@type\":\"PropertyValueSpecification\",\"valueRequired\":true,\"valueName\":\"search_term_string\"}}],\"inLanguage\":\"fr-FR\"}]}<\/script>\n<!-- \/ Yoast SEO plugin. -->","yoast_head_json":{"title":"Cribles Scalpeurs - Trevotech Group","description":"Les cribles scalpeurs RUBBLE MASTER de la s\u00e9rie RM HS sont con\u00e7us pour s\u2019adapter \u00e0 des conditions de chantier en constante \u00e9volution, en combinant...","robots":{"index":"index","follow":"follow","max-snippet":"max-snippet:-1","max-image-preview":"max-image-preview:large","max-video-preview":"max-video-preview:-1"},"canonical":"https:\/\/trevotech.com\/fr\/produto\/cribles-scalpeurs\/","og_locale":"fr_FR","og_type":"article","og_title":"Cribles Scalpeurs - Trevotech Group","og_description":"Les cribles scalpeurs RUBBLE MASTER de la s\u00e9rie RM HS sont con\u00e7us pour s\u2019adapter \u00e0 des conditions de chantier en constante \u00e9volution, en combinant...","og_url":"https:\/\/trevotech.com\/fr\/produto\/cribles-scalpeurs\/","og_site_name":"Trevotech Group","article_modified_time":"2026-02-27T09:09:06+00:00","og_image":[{"width":2560,"height":2560,"url":"https:\/\/trevotech.com\/wp-content\/uploads\/2026\/02\/Rubble_Master_Products-03-scaled.webp","type":"image\/webp"}],"twitter_card":"summary_large_image","twitter_misc":{"Dur\u00e9e de lecture estim\u00e9e":"3 minutes"},"schema":{"@context":"https:\/\/schema.org","@graph":[{"@type":"WebPage","@id":"https:\/\/trevotech.com\/fr\/produto\/cribles-scalpeurs\/","url":"https:\/\/trevotech.com\/fr\/produto\/cribles-scalpeurs\/","name":"Cribles Scalpeurs - Trevotech Group","isPartOf":{"@id":"https:\/\/trevotech.com\/fr\/#website"},"primaryImageOfPage":{"@id":"https:\/\/trevotech.com\/fr\/produto\/cribles-scalpeurs\/#primaryimage"},"image":{"@id":"https:\/\/trevotech.com\/fr\/produto\/cribles-scalpeurs\/#primaryimage"},"thumbnailUrl":"https:\/\/trevotech.com\/wp-content\/uploads\/2026\/02\/Rubble_Master_Products-03-scaled.webp","datePublished":"2026-02-27T07:34:19+00:00","dateModified":"2026-02-27T09:09:06+00:00","description":"Les cribles scalpeurs RUBBLE MASTER de la s\u00e9rie RM HS sont con\u00e7us pour s\u2019adapter \u00e0 des conditions de chantier en constante \u00e9volution, en combinant...","breadcrumb":{"@id":"https:\/\/trevotech.com\/fr\/produto\/cribles-scalpeurs\/#breadcrumb"},"inLanguage":"fr-FR","potentialAction":[{"@type":"ReadAction","target":["https:\/\/trevotech.com\/fr\/produto\/cribles-scalpeurs\/"]}]},{"@type":"ImageObject","inLanguage":"fr-FR","@id":"https:\/\/trevotech.com\/fr\/produto\/cribles-scalpeurs\/#primaryimage","url":"https:\/\/trevotech.com\/wp-content\/uploads\/2026\/02\/Rubble_Master_Products-03-scaled.webp","contentUrl":"https:\/\/trevotech.com\/wp-content\/uploads\/2026\/02\/Rubble_Master_Products-03-scaled.webp","width":2560,"height":2560,"caption":"Crivos M\u00f3veis Tipo Scalper"},{"@type":"BreadcrumbList","@id":"https:\/\/trevotech.com\/fr\/produto\/cribles-scalpeurs\/#breadcrumb","itemListElement":[{"@type":"ListItem","position":1,"name":"In\u00edcio","item":"https:\/\/trevotech.com\/fr\/"},{"@type":"ListItem","position":2,"name":"Produits","item":"https:\/\/trevotech.com\/fr\/shop\/"},{"@type":"ListItem","position":3,"name":"Cribles Scalpeurs"}]},{"@type":"WebSite","@id":"https:\/\/trevotech.com\/fr\/#website","url":"https:\/\/trevotech.com\/fr\/","name":"Trevotech Group","description":"","potentialAction":[{"@type":"SearchAction","target":{"@type":"EntryPoint","urlTemplate":"https:\/\/trevotech.com\/fr\/?s={search_term_string}"},"query-input":{"@type":"PropertyValueSpecification","valueRequired":true,"valueName":"search_term_string"}}],"inLanguage":"fr-FR"}]}},"_links":{"self":[{"href":"https:\/\/trevotech.com\/fr\/wp-json\/wp\/v2\/product\/4617","targetHints":{"allow":["GET"]}}],"collection":[{"href":"https:\/\/trevotech.com\/fr\/wp-json\/wp\/v2\/product"}],"about":[{"href":"https:\/\/trevotech.com\/fr\/wp-json\/wp\/v2\/types\/product"}],"replies":[{"embeddable":true,"href":"https:\/\/trevotech.com\/fr\/wp-json\/wp\/v2\/comments?post=4617"}],"wp:featuredmedia":[{"embeddable":true,"href":"https:\/\/trevotech.com\/fr\/wp-json\/wp\/v2\/media\/4615"}],"wp:attachment":[{"href":"https:\/\/trevotech.com\/fr\/wp-json\/wp\/v2\/media?parent=4617"}],"wp:term":[{"taxonomy":"product_brand","embeddable":true,"href":"https:\/\/trevotech.com\/fr\/wp-json\/wp\/v2\/product_brand?post=4617"},{"taxonomy":"product_cat","embeddable":true,"href":"https:\/\/trevotech.com\/fr\/wp-json\/wp\/v2\/product_cat?post=4617"},{"taxonomy":"product_tag","embeddable":true,"href":"https:\/\/trevotech.com\/fr\/wp-json\/wp\/v2\/product_tag?post=4617"}],"curies":[{"name":"wp","href":"https:\/\/api.w.org\/{rel}","templated":true}]}}