{"id":4623,"date":"2026-02-27T07:33:27","date_gmt":"2026-02-27T07:33:27","guid":{"rendered":"https:\/\/trevotech.com\/produto\/incline-screens\/"},"modified":"2026-02-27T09:14:23","modified_gmt":"2026-02-27T09:14:23","slug":"cribles-inclines","status":"publish","type":"product","link":"https:\/\/trevotech.com\/fr\/produto\/cribles-inclines\/","title":{"rendered":"Cribles Inclin\u00e9s"},"content":{"rendered":"<p><span style=\"font-weight: 400;\">Les cribles inclin\u00e9s RUBBLE MASTER de la s\u00e9rie RM MSC sont des installations de criblage haute performance, destin\u00e9es aux producteurs de granulats et aux exploitations de sable et gravier n\u00e9cessitant une s\u00e9paration pr\u00e9cise et \u00e0 haut d\u00e9bit. La gamme comprend les RM MSC8500M (jusqu\u2019\u00e0 400 t\/h) et RM MSC10500M (jusqu\u2019\u00e0 450 t\/h), offrant de larges surfaces de criblage pour le traitement efficace de la pierre concass\u00e9e, du sable, du gravier et des sols. Disponibles en configurations \u00e0 deux ou trois \u00e9tages, ces cribles permettent de produire plusieurs produits finis de mani\u00e8re rapide et constante, m\u00eame avec de forts volumes d\u2019alimentation.<\/span><\/p>\n<p><span style=\"font-weight: 400;\">Ax\u00e9s sur la productivit\u00e9 et la simplicit\u00e9 d\u2019utilisation, les cribles inclin\u00e9s RM MSC combinent des performances de criblage \u00e9lev\u00e9es, une exploitation intuitive et une tr\u00e9mie d\u2019alimentation g\u00e9n\u00e9reuse \u00e9quip\u00e9e d\u2019une grille basculante hydraulique, facilitant l\u2019alimentation par chargeuses de grande capacit\u00e9. Leur conception robuste et leur technologie de criblage \u00e9prouv\u00e9e garantissent un fonctionnement fiable, une excellente qualit\u00e9 des mat\u00e9riaux et la flexibilit\u00e9 n\u00e9cessaire pour r\u00e9pondre \u00e0 des objectifs de production exigeants.<\/span><\/p>\n<p><span style=\"font-weight: 400;\">Les cribles inclin\u00e9s RUBBLE MASTER de la s\u00e9rie RM MSC sont des installations de criblage haute performance, destin\u00e9es aux producteurs de granulats et aux exploitations de sable et gravier n\u00e9cessitant une s\u00e9paration pr\u00e9cise et \u00e0 haut d\u00e9bit. La gamme comprend les RM MSC8500M (jusqu\u2019\u00e0 400 t\/h) et RM MSC10500M (jusqu\u2019\u00e0 450 t\/h), offrant de larges surfaces de criblage pour le traitement efficace de la pierre concass\u00e9e, du sable, du gravier et des sols. Disponibles en configurations \u00e0 deux ou trois \u00e9tages, ces cribles permettent de produire plusieurs produits finis de mani\u00e8re rapide et constante, m\u00eame avec de forts volumes d\u2019alimentation.<\/span><\/p>\n<p><span style=\"font-weight: 400;\">Ax\u00e9s sur la productivit\u00e9 et la simplicit\u00e9 d\u2019utilisation, les cribles inclin\u00e9s RM MSC combinent des performances de criblage \u00e9lev\u00e9es, une exploitation intuitive et une tr\u00e9mie d\u2019alimentation g\u00e9n\u00e9reuse \u00e9quip\u00e9e d\u2019une grille basculante hydraulique, facilitant l\u2019alimentation par chargeuses de grande capacit\u00e9. Leur conception robuste et leur technologie de criblage \u00e9prouv\u00e9e garantissent un fonctionnement fiable, une excellente qualit\u00e9 des mat\u00e9riaux et la flexibilit\u00e9 n\u00e9cessaire pour r\u00e9pondre \u00e0 des objectifs de production exigeants.<\/span><\/p>\n","protected":false},"excerpt":{"rendered":"<p><span style=\"font-weight: 400;\">Les cribles inclin\u00e9s RUBBLE MASTER de la s\u00e9rie RM MSC sont des installations de criblage haute performance, destin\u00e9es aux producteurs de granulats et aux exploitations de sable et gravier n\u00e9cessitant une s\u00e9paration pr\u00e9cise et \u00e0 haut d\u00e9bit. La gamme comprend les RM MSC8500M (jusqu\u2019\u00e0 400 t\/h) et RM MSC10500M (jusqu\u2019\u00e0 450 t\/h), offrant de larges surfaces de criblage pour le traitement efficace de la pierre concass\u00e9e, du sable, du gravier et des sols. Disponibles en configurations \u00e0 deux ou trois \u00e9tages, ces cribles permettent de produire plusieurs produits finis de mani\u00e8re rapide et constante, m\u00eame avec de forts volumes d\u2019alimentation.<\/span><\/p>\n<p><span style=\"font-weight: 400;\">Ax\u00e9s sur la productivit\u00e9 et la simplicit\u00e9 d\u2019utilisation, les cribles inclin\u00e9s RM MSC combinent des performances de criblage \u00e9lev\u00e9es, une exploitation intuitive et une tr\u00e9mie d\u2019alimentation g\u00e9n\u00e9reuse \u00e9quip\u00e9e d\u2019une grille basculante hydraulique, facilitant l\u2019alimentation par chargeuses de grande capacit\u00e9. Leur conception robuste et leur technologie de criblage \u00e9prouv\u00e9e garantissent un fonctionnement fiable, une excellente qualit\u00e9 des mat\u00e9riaux et la flexibilit\u00e9 n\u00e9cessaire pour r\u00e9pondre \u00e0 des objectifs de production exigeants.<\/span><\/p>\n","protected":false},"featured_media":4621,"comment_status":"closed","ping_status":"closed","template":"","meta":{"_acf_changed":false},"product_brand":[],"product_cat":[458],"product_tag":[],"class_list":{"0":"post-4623","1":"product","2":"type-product","3":"status-publish","4":"has-post-thumbnail","6":"product_cat-sem-categoria-fr","7":"setores-construction-et-mines","8":"marcas-rubble-master-fr","9":"tipo_produto-cribles-inclines","11":"first","12":"instock","13":"shipping-taxable","14":"product-type-simple"},"acf":[],"yoast_head":"<!-- This site is optimized with the Yoast SEO plugin v25.2 - https:\/\/yoast.com\/wordpress\/plugins\/seo\/ -->\n<title>Cribles Inclin\u00e9s - Trevotech Group<\/title>\n<meta name=\"description\" content=\"Les cribles inclin\u00e9s RUBBLE MASTER de la s\u00e9rie RM MSC sont des installations de criblage haute performance, destin\u00e9es aux producteurs de granulats et...\" \/>\n<meta name=\"robots\" content=\"index, follow, max-snippet:-1, max-image-preview:large, max-video-preview:-1\" \/>\n<link rel=\"canonical\" href=\"https:\/\/trevotech.com\/fr\/produto\/cribles-inclines\/\" \/>\n<meta property=\"og:locale\" content=\"fr_FR\" \/>\n<meta property=\"og:type\" content=\"article\" \/>\n<meta property=\"og:title\" content=\"Cribles Inclin\u00e9s - Trevotech Group\" \/>\n<meta property=\"og:description\" content=\"Les cribles inclin\u00e9s RUBBLE MASTER de la s\u00e9rie RM MSC sont des installations de criblage haute performance, destin\u00e9es aux producteurs de granulats et...\" \/>\n<meta property=\"og:url\" content=\"https:\/\/trevotech.com\/fr\/produto\/cribles-inclines\/\" \/>\n<meta property=\"og:site_name\" content=\"Trevotech Group\" \/>\n<meta property=\"article:modified_time\" content=\"2026-02-27T09:14:23+00:00\" \/>\n<meta property=\"og:image\" content=\"https:\/\/trevotech.com\/wp-content\/uploads\/2026\/02\/Rubble_Master_Products-04-scaled.webp\" \/>\n\t<meta property=\"og:image:width\" content=\"2560\" \/>\n\t<meta property=\"og:image:height\" content=\"2560\" \/>\n\t<meta property=\"og:image:type\" content=\"image\/webp\" \/>\n<meta name=\"twitter:card\" content=\"summary_large_image\" \/>\n<meta name=\"twitter:label1\" content=\"Dur\u00e9e de lecture estim\u00e9e\" \/>\n\t<meta name=\"twitter:data1\" content=\"3 minutes\" \/>\n<script type=\"application\/ld+json\" class=\"yoast-schema-graph\">{\"@context\":\"https:\/\/schema.org\",\"@graph\":[{\"@type\":\"WebPage\",\"@id\":\"https:\/\/trevotech.com\/fr\/produto\/cribles-inclines\/\",\"url\":\"https:\/\/trevotech.com\/fr\/produto\/cribles-inclines\/\",\"name\":\"Cribles Inclin\u00e9s - Trevotech Group\",\"isPartOf\":{\"@id\":\"https:\/\/trevotech.com\/fr\/#website\"},\"primaryImageOfPage\":{\"@id\":\"https:\/\/trevotech.com\/fr\/produto\/cribles-inclines\/#primaryimage\"},\"image\":{\"@id\":\"https:\/\/trevotech.com\/fr\/produto\/cribles-inclines\/#primaryimage\"},\"thumbnailUrl\":\"https:\/\/trevotech.com\/wp-content\/uploads\/2026\/02\/Rubble_Master_Products-04-scaled.webp\",\"datePublished\":\"2026-02-27T07:33:27+00:00\",\"dateModified\":\"2026-02-27T09:14:23+00:00\",\"description\":\"Les cribles inclin\u00e9s RUBBLE MASTER de la s\u00e9rie RM MSC sont des installations de criblage haute performance, destin\u00e9es aux producteurs de granulats et...\",\"breadcrumb\":{\"@id\":\"https:\/\/trevotech.com\/fr\/produto\/cribles-inclines\/#breadcrumb\"},\"inLanguage\":\"fr-FR\",\"potentialAction\":[{\"@type\":\"ReadAction\",\"target\":[\"https:\/\/trevotech.com\/fr\/produto\/cribles-inclines\/\"]}]},{\"@type\":\"ImageObject\",\"inLanguage\":\"fr-FR\",\"@id\":\"https:\/\/trevotech.com\/fr\/produto\/cribles-inclines\/#primaryimage\",\"url\":\"https:\/\/trevotech.com\/wp-content\/uploads\/2026\/02\/Rubble_Master_Products-04-scaled.webp\",\"contentUrl\":\"https:\/\/trevotech.com\/wp-content\/uploads\/2026\/02\/Rubble_Master_Products-04-scaled.webp\",\"width\":2560,\"height\":2560,\"caption\":\"Crivos Vibrat\u00f3rios de Rastos\"},{\"@type\":\"BreadcrumbList\",\"@id\":\"https:\/\/trevotech.com\/fr\/produto\/cribles-inclines\/#breadcrumb\",\"itemListElement\":[{\"@type\":\"ListItem\",\"position\":1,\"name\":\"In\u00edcio\",\"item\":\"https:\/\/trevotech.com\/fr\/\"},{\"@type\":\"ListItem\",\"position\":2,\"name\":\"Produits\",\"item\":\"https:\/\/trevotech.com\/fr\/shop\/\"},{\"@type\":\"ListItem\",\"position\":3,\"name\":\"Cribles Inclin\u00e9s\"}]},{\"@type\":\"WebSite\",\"@id\":\"https:\/\/trevotech.com\/fr\/#website\",\"url\":\"https:\/\/trevotech.com\/fr\/\",\"name\":\"Trevotech Group\",\"description\":\"\",\"potentialAction\":[{\"@type\":\"SearchAction\",\"target\":{\"@type\":\"EntryPoint\",\"urlTemplate\":\"https:\/\/trevotech.com\/fr\/?s={search_term_string}\"},\"query-input\":{\"@type\":\"PropertyValueSpecification\",\"valueRequired\":true,\"valueName\":\"search_term_string\"}}],\"inLanguage\":\"fr-FR\"}]}<\/script>\n<!-- \/ Yoast SEO plugin. -->","yoast_head_json":{"title":"Cribles Inclin\u00e9s - Trevotech Group","description":"Les cribles inclin\u00e9s RUBBLE MASTER de la s\u00e9rie RM MSC sont des installations de criblage haute performance, destin\u00e9es aux producteurs de granulats et...","robots":{"index":"index","follow":"follow","max-snippet":"max-snippet:-1","max-image-preview":"max-image-preview:large","max-video-preview":"max-video-preview:-1"},"canonical":"https:\/\/trevotech.com\/fr\/produto\/cribles-inclines\/","og_locale":"fr_FR","og_type":"article","og_title":"Cribles Inclin\u00e9s - Trevotech Group","og_description":"Les cribles inclin\u00e9s RUBBLE MASTER de la s\u00e9rie RM MSC sont des installations de criblage haute performance, destin\u00e9es aux producteurs de granulats et...","og_url":"https:\/\/trevotech.com\/fr\/produto\/cribles-inclines\/","og_site_name":"Trevotech Group","article_modified_time":"2026-02-27T09:14:23+00:00","og_image":[{"width":2560,"height":2560,"url":"https:\/\/trevotech.com\/wp-content\/uploads\/2026\/02\/Rubble_Master_Products-04-scaled.webp","type":"image\/webp"}],"twitter_card":"summary_large_image","twitter_misc":{"Dur\u00e9e de lecture estim\u00e9e":"3 minutes"},"schema":{"@context":"https:\/\/schema.org","@graph":[{"@type":"WebPage","@id":"https:\/\/trevotech.com\/fr\/produto\/cribles-inclines\/","url":"https:\/\/trevotech.com\/fr\/produto\/cribles-inclines\/","name":"Cribles Inclin\u00e9s - Trevotech Group","isPartOf":{"@id":"https:\/\/trevotech.com\/fr\/#website"},"primaryImageOfPage":{"@id":"https:\/\/trevotech.com\/fr\/produto\/cribles-inclines\/#primaryimage"},"image":{"@id":"https:\/\/trevotech.com\/fr\/produto\/cribles-inclines\/#primaryimage"},"thumbnailUrl":"https:\/\/trevotech.com\/wp-content\/uploads\/2026\/02\/Rubble_Master_Products-04-scaled.webp","datePublished":"2026-02-27T07:33:27+00:00","dateModified":"2026-02-27T09:14:23+00:00","description":"Les cribles inclin\u00e9s RUBBLE MASTER de la s\u00e9rie RM MSC sont des installations de criblage haute performance, destin\u00e9es aux producteurs de granulats et...","breadcrumb":{"@id":"https:\/\/trevotech.com\/fr\/produto\/cribles-inclines\/#breadcrumb"},"inLanguage":"fr-FR","potentialAction":[{"@type":"ReadAction","target":["https:\/\/trevotech.com\/fr\/produto\/cribles-inclines\/"]}]},{"@type":"ImageObject","inLanguage":"fr-FR","@id":"https:\/\/trevotech.com\/fr\/produto\/cribles-inclines\/#primaryimage","url":"https:\/\/trevotech.com\/wp-content\/uploads\/2026\/02\/Rubble_Master_Products-04-scaled.webp","contentUrl":"https:\/\/trevotech.com\/wp-content\/uploads\/2026\/02\/Rubble_Master_Products-04-scaled.webp","width":2560,"height":2560,"caption":"Crivos Vibrat\u00f3rios de Rastos"},{"@type":"BreadcrumbList","@id":"https:\/\/trevotech.com\/fr\/produto\/cribles-inclines\/#breadcrumb","itemListElement":[{"@type":"ListItem","position":1,"name":"In\u00edcio","item":"https:\/\/trevotech.com\/fr\/"},{"@type":"ListItem","position":2,"name":"Produits","item":"https:\/\/trevotech.com\/fr\/shop\/"},{"@type":"ListItem","position":3,"name":"Cribles Inclin\u00e9s"}]},{"@type":"WebSite","@id":"https:\/\/trevotech.com\/fr\/#website","url":"https:\/\/trevotech.com\/fr\/","name":"Trevotech Group","description":"","potentialAction":[{"@type":"SearchAction","target":{"@type":"EntryPoint","urlTemplate":"https:\/\/trevotech.com\/fr\/?s={search_term_string}"},"query-input":{"@type":"PropertyValueSpecification","valueRequired":true,"valueName":"search_term_string"}}],"inLanguage":"fr-FR"}]}},"_links":{"self":[{"href":"https:\/\/trevotech.com\/fr\/wp-json\/wp\/v2\/product\/4623","targetHints":{"allow":["GET"]}}],"collection":[{"href":"https:\/\/trevotech.com\/fr\/wp-json\/wp\/v2\/product"}],"about":[{"href":"https:\/\/trevotech.com\/fr\/wp-json\/wp\/v2\/types\/product"}],"replies":[{"embeddable":true,"href":"https:\/\/trevotech.com\/fr\/wp-json\/wp\/v2\/comments?post=4623"}],"wp:featuredmedia":[{"embeddable":true,"href":"https:\/\/trevotech.com\/fr\/wp-json\/wp\/v2\/media\/4621"}],"wp:attachment":[{"href":"https:\/\/trevotech.com\/fr\/wp-json\/wp\/v2\/media?parent=4623"}],"wp:term":[{"taxonomy":"product_brand","embeddable":true,"href":"https:\/\/trevotech.com\/fr\/wp-json\/wp\/v2\/product_brand?post=4623"},{"taxonomy":"product_cat","embeddable":true,"href":"https:\/\/trevotech.com\/fr\/wp-json\/wp\/v2\/product_cat?post=4623"},{"taxonomy":"product_tag","embeddable":true,"href":"https:\/\/trevotech.com\/fr\/wp-json\/wp\/v2\/product_tag?post=4623"}],"curies":[{"name":"wp","href":"https:\/\/api.w.org\/{rel}","templated":true}]}}