{"id":4629,"date":"2026-02-27T07:32:49","date_gmt":"2026-02-27T07:32:49","guid":{"rendered":"https:\/\/trevotech.com\/produto\/compact-screens\/"},"modified":"2026-02-27T09:20:21","modified_gmt":"2026-02-27T09:20:21","slug":"cribles-compacts","status":"publish","type":"product","link":"https:\/\/trevotech.com\/fr\/produto\/cribles-compacts\/","title":{"rendered":"Cribles Compacts"},"content":{"rendered":"<p><span style=\"font-weight: 400;\">Les cribles compacts RUBBLE MASTER sont con\u00e7us pour offrir des performances de criblage efficaces et pr\u00e9cises dans un format compact et facilement transportable. La gamme comprend le RM CS3600, dot\u00e9 d\u2019une caisse de criblage de 1 200 \u00d7 3 000 mm, et le RM CS4800, avec une caisse plus grande de 1 300 \u00d7 3 500 mm, permettant d\u2019adapter la capacit\u00e9 aux besoins sp\u00e9cifiques de chaque chantier. Ces machines sont id\u00e9ales pour le criblage des granulats, sols, sable, gravier et mat\u00e9riaux recycl\u00e9s, tout en conservant une faible emprise au sol.<\/span><\/p>\n<p><span style=\"font-weight: 400;\">Pens\u00e9s pour la simplicit\u00e9 et la polyvalence, les cribles compacts RUBBLE MASTER associent une exploitation intuitive \u00e0 une construction robuste, ce qui les rend particuli\u00e8rement adapt\u00e9s aux entrepreneurs, aux op\u00e9rations de recyclage et aux applications de carri\u00e8res de petite et moyenne taille. Leur conception compacte permet une mise en service rapide, un transport ais\u00e9 et une int\u00e9gration efficace dans des lignes de traitement existantes, contribuant \u00e0 une qualit\u00e9 constante des mat\u00e9riaux et \u00e0 des co\u00fbts d\u2019exploitation r\u00e9duits.<\/span><\/p>\n<p><span style=\"font-weight: 400;\">Les cribles compacts RUBBLE MASTER sont con\u00e7us pour offrir des performances de criblage efficaces et pr\u00e9cises dans un format compact et facilement transportable. La gamme comprend le RM CS3600, dot\u00e9 d\u2019une caisse de criblage de 1 200 \u00d7 3 000 mm, et le RM CS4800, avec une caisse plus grande de 1 300 \u00d7 3 500 mm, permettant d\u2019adapter la capacit\u00e9 aux besoins sp\u00e9cifiques de chaque chantier. Ces machines sont id\u00e9ales pour le criblage des granulats, sols, sable, gravier et mat\u00e9riaux recycl\u00e9s, tout en conservant une faible emprise au sol.<\/span><\/p>\n<p><span style=\"font-weight: 400;\">Pens\u00e9s pour la simplicit\u00e9 et la polyvalence, les cribles compacts RUBBLE MASTER associent une exploitation intuitive \u00e0 une construction robuste, ce qui les rend particuli\u00e8rement adapt\u00e9s aux entrepreneurs, aux op\u00e9rations de recyclage et aux applications de carri\u00e8res de petite et moyenne taille. Leur conception compacte permet une mise en service rapide, un transport ais\u00e9 et une int\u00e9gration efficace dans des lignes de traitement existantes, contribuant \u00e0 une qualit\u00e9 constante des mat\u00e9riaux et \u00e0 des co\u00fbts d\u2019exploitation r\u00e9duits.<\/span><\/p>\n","protected":false},"excerpt":{"rendered":"<p><span style=\"font-weight: 400;\">Les cribles compacts RUBBLE MASTER sont con\u00e7us pour offrir des performances de criblage efficaces et pr\u00e9cises dans un format compact et facilement transportable. La gamme comprend le RM CS3600, dot\u00e9 d\u2019une caisse de criblage de 1 200 \u00d7 3 000 mm, et le RM CS4800, avec une caisse plus grande de 1 300 \u00d7 3 500 mm, permettant d\u2019adapter la capacit\u00e9 aux besoins sp\u00e9cifiques de chaque chantier. Ces machines sont id\u00e9ales pour le criblage des granulats, sols, sable, gravier et mat\u00e9riaux recycl\u00e9s, tout en conservant une faible emprise au sol.<\/span><\/p>\n<p><span style=\"font-weight: 400;\">Pens\u00e9s pour la simplicit\u00e9 et la polyvalence, les cribles compacts RUBBLE MASTER associent une exploitation intuitive \u00e0 une construction robuste, ce qui les rend particuli\u00e8rement adapt\u00e9s aux entrepreneurs, aux op\u00e9rations de recyclage et aux applications de carri\u00e8res de petite et moyenne taille. Leur conception compacte permet une mise en service rapide, un transport ais\u00e9 et une int\u00e9gration efficace dans des lignes de traitement existantes, contribuant \u00e0 une qualit\u00e9 constante des mat\u00e9riaux et \u00e0 des co\u00fbts d\u2019exploitation r\u00e9duits.<\/span><\/p>\n","protected":false},"featured_media":4627,"comment_status":"closed","ping_status":"closed","template":"","meta":{"_acf_changed":false},"product_brand":[],"product_cat":[458],"product_tag":[],"class_list":{"0":"post-4629","1":"product","2":"type-product","3":"status-publish","4":"has-post-thumbnail","6":"product_cat-sem-categoria-fr","7":"setores-construction-et-mines","8":"marcas-rubble-master-fr","9":"tipo_produto-cribles-compacts","11":"first","12":"instock","13":"shipping-taxable","14":"product-type-simple"},"acf":[],"yoast_head":"<!-- This site is optimized with the Yoast SEO plugin v25.2 - https:\/\/yoast.com\/wordpress\/plugins\/seo\/ -->\n<title>Cribles Compacts - Trevotech Group<\/title>\n<meta name=\"description\" content=\"Les cribles compacts RUBBLE MASTER sont con\u00e7us pour offrir des performances de criblage efficaces et pr\u00e9cises dans un format compact et facilement...\" \/>\n<meta name=\"robots\" content=\"index, follow, max-snippet:-1, max-image-preview:large, max-video-preview:-1\" \/>\n<link rel=\"canonical\" href=\"https:\/\/trevotech.com\/fr\/produto\/cribles-compacts\/\" \/>\n<meta property=\"og:locale\" content=\"fr_FR\" \/>\n<meta property=\"og:type\" content=\"article\" \/>\n<meta property=\"og:title\" content=\"Cribles Compacts - Trevotech Group\" \/>\n<meta property=\"og:description\" content=\"Les cribles compacts RUBBLE MASTER sont con\u00e7us pour offrir des performances de criblage efficaces et pr\u00e9cises dans un format compact et facilement...\" \/>\n<meta property=\"og:url\" content=\"https:\/\/trevotech.com\/fr\/produto\/cribles-compacts\/\" \/>\n<meta property=\"og:site_name\" content=\"Trevotech Group\" \/>\n<meta property=\"article:modified_time\" content=\"2026-02-27T09:20:21+00:00\" \/>\n<meta property=\"og:image\" content=\"https:\/\/trevotech.com\/wp-content\/uploads\/2026\/02\/Rubble_Master_Products-05-scaled.webp\" \/>\n\t<meta property=\"og:image:width\" content=\"2560\" \/>\n\t<meta property=\"og:image:height\" content=\"2560\" \/>\n\t<meta property=\"og:image:type\" content=\"image\/webp\" \/>\n<meta name=\"twitter:card\" content=\"summary_large_image\" \/>\n<meta name=\"twitter:label1\" content=\"Dur\u00e9e de lecture estim\u00e9e\" \/>\n\t<meta name=\"twitter:data1\" content=\"3 minutes\" \/>\n<script type=\"application\/ld+json\" class=\"yoast-schema-graph\">{\"@context\":\"https:\/\/schema.org\",\"@graph\":[{\"@type\":\"WebPage\",\"@id\":\"https:\/\/trevotech.com\/fr\/produto\/cribles-compacts\/\",\"url\":\"https:\/\/trevotech.com\/fr\/produto\/cribles-compacts\/\",\"name\":\"Cribles Compacts - Trevotech Group\",\"isPartOf\":{\"@id\":\"https:\/\/trevotech.com\/fr\/#website\"},\"primaryImageOfPage\":{\"@id\":\"https:\/\/trevotech.com\/fr\/produto\/cribles-compacts\/#primaryimage\"},\"image\":{\"@id\":\"https:\/\/trevotech.com\/fr\/produto\/cribles-compacts\/#primaryimage\"},\"thumbnailUrl\":\"https:\/\/trevotech.com\/wp-content\/uploads\/2026\/02\/Rubble_Master_Products-05-scaled.webp\",\"datePublished\":\"2026-02-27T07:32:49+00:00\",\"dateModified\":\"2026-02-27T09:20:21+00:00\",\"description\":\"Les cribles compacts RUBBLE MASTER sont con\u00e7us pour offrir des performances de criblage efficaces et pr\u00e9cises dans un format compact et facilement...\",\"breadcrumb\":{\"@id\":\"https:\/\/trevotech.com\/fr\/produto\/cribles-compacts\/#breadcrumb\"},\"inLanguage\":\"fr-FR\",\"potentialAction\":[{\"@type\":\"ReadAction\",\"target\":[\"https:\/\/trevotech.com\/fr\/produto\/cribles-compacts\/\"]}]},{\"@type\":\"ImageObject\",\"inLanguage\":\"fr-FR\",\"@id\":\"https:\/\/trevotech.com\/fr\/produto\/cribles-compacts\/#primaryimage\",\"url\":\"https:\/\/trevotech.com\/wp-content\/uploads\/2026\/02\/Rubble_Master_Products-05-scaled.webp\",\"contentUrl\":\"https:\/\/trevotech.com\/wp-content\/uploads\/2026\/02\/Rubble_Master_Products-05-scaled.webp\",\"width\":2560,\"height\":2560,\"caption\":\"Crivos Compactos\"},{\"@type\":\"BreadcrumbList\",\"@id\":\"https:\/\/trevotech.com\/fr\/produto\/cribles-compacts\/#breadcrumb\",\"itemListElement\":[{\"@type\":\"ListItem\",\"position\":1,\"name\":\"In\u00edcio\",\"item\":\"https:\/\/trevotech.com\/fr\/\"},{\"@type\":\"ListItem\",\"position\":2,\"name\":\"Produits\",\"item\":\"https:\/\/trevotech.com\/fr\/shop\/\"},{\"@type\":\"ListItem\",\"position\":3,\"name\":\"Cribles Compacts\"}]},{\"@type\":\"WebSite\",\"@id\":\"https:\/\/trevotech.com\/fr\/#website\",\"url\":\"https:\/\/trevotech.com\/fr\/\",\"name\":\"Trevotech Group\",\"description\":\"\",\"potentialAction\":[{\"@type\":\"SearchAction\",\"target\":{\"@type\":\"EntryPoint\",\"urlTemplate\":\"https:\/\/trevotech.com\/fr\/?s={search_term_string}\"},\"query-input\":{\"@type\":\"PropertyValueSpecification\",\"valueRequired\":true,\"valueName\":\"search_term_string\"}}],\"inLanguage\":\"fr-FR\"}]}<\/script>\n<!-- \/ Yoast SEO plugin. -->","yoast_head_json":{"title":"Cribles Compacts - Trevotech Group","description":"Les cribles compacts RUBBLE MASTER sont con\u00e7us pour offrir des performances de criblage efficaces et pr\u00e9cises dans un format compact et facilement...","robots":{"index":"index","follow":"follow","max-snippet":"max-snippet:-1","max-image-preview":"max-image-preview:large","max-video-preview":"max-video-preview:-1"},"canonical":"https:\/\/trevotech.com\/fr\/produto\/cribles-compacts\/","og_locale":"fr_FR","og_type":"article","og_title":"Cribles Compacts - Trevotech Group","og_description":"Les cribles compacts RUBBLE MASTER sont con\u00e7us pour offrir des performances de criblage efficaces et pr\u00e9cises dans un format compact et facilement...","og_url":"https:\/\/trevotech.com\/fr\/produto\/cribles-compacts\/","og_site_name":"Trevotech Group","article_modified_time":"2026-02-27T09:20:21+00:00","og_image":[{"width":2560,"height":2560,"url":"https:\/\/trevotech.com\/wp-content\/uploads\/2026\/02\/Rubble_Master_Products-05-scaled.webp","type":"image\/webp"}],"twitter_card":"summary_large_image","twitter_misc":{"Dur\u00e9e de lecture estim\u00e9e":"3 minutes"},"schema":{"@context":"https:\/\/schema.org","@graph":[{"@type":"WebPage","@id":"https:\/\/trevotech.com\/fr\/produto\/cribles-compacts\/","url":"https:\/\/trevotech.com\/fr\/produto\/cribles-compacts\/","name":"Cribles Compacts - Trevotech Group","isPartOf":{"@id":"https:\/\/trevotech.com\/fr\/#website"},"primaryImageOfPage":{"@id":"https:\/\/trevotech.com\/fr\/produto\/cribles-compacts\/#primaryimage"},"image":{"@id":"https:\/\/trevotech.com\/fr\/produto\/cribles-compacts\/#primaryimage"},"thumbnailUrl":"https:\/\/trevotech.com\/wp-content\/uploads\/2026\/02\/Rubble_Master_Products-05-scaled.webp","datePublished":"2026-02-27T07:32:49+00:00","dateModified":"2026-02-27T09:20:21+00:00","description":"Les cribles compacts RUBBLE MASTER sont con\u00e7us pour offrir des performances de criblage efficaces et pr\u00e9cises dans un format compact et facilement...","breadcrumb":{"@id":"https:\/\/trevotech.com\/fr\/produto\/cribles-compacts\/#breadcrumb"},"inLanguage":"fr-FR","potentialAction":[{"@type":"ReadAction","target":["https:\/\/trevotech.com\/fr\/produto\/cribles-compacts\/"]}]},{"@type":"ImageObject","inLanguage":"fr-FR","@id":"https:\/\/trevotech.com\/fr\/produto\/cribles-compacts\/#primaryimage","url":"https:\/\/trevotech.com\/wp-content\/uploads\/2026\/02\/Rubble_Master_Products-05-scaled.webp","contentUrl":"https:\/\/trevotech.com\/wp-content\/uploads\/2026\/02\/Rubble_Master_Products-05-scaled.webp","width":2560,"height":2560,"caption":"Crivos Compactos"},{"@type":"BreadcrumbList","@id":"https:\/\/trevotech.com\/fr\/produto\/cribles-compacts\/#breadcrumb","itemListElement":[{"@type":"ListItem","position":1,"name":"In\u00edcio","item":"https:\/\/trevotech.com\/fr\/"},{"@type":"ListItem","position":2,"name":"Produits","item":"https:\/\/trevotech.com\/fr\/shop\/"},{"@type":"ListItem","position":3,"name":"Cribles Compacts"}]},{"@type":"WebSite","@id":"https:\/\/trevotech.com\/fr\/#website","url":"https:\/\/trevotech.com\/fr\/","name":"Trevotech Group","description":"","potentialAction":[{"@type":"SearchAction","target":{"@type":"EntryPoint","urlTemplate":"https:\/\/trevotech.com\/fr\/?s={search_term_string}"},"query-input":{"@type":"PropertyValueSpecification","valueRequired":true,"valueName":"search_term_string"}}],"inLanguage":"fr-FR"}]}},"_links":{"self":[{"href":"https:\/\/trevotech.com\/fr\/wp-json\/wp\/v2\/product\/4629","targetHints":{"allow":["GET"]}}],"collection":[{"href":"https:\/\/trevotech.com\/fr\/wp-json\/wp\/v2\/product"}],"about":[{"href":"https:\/\/trevotech.com\/fr\/wp-json\/wp\/v2\/types\/product"}],"replies":[{"embeddable":true,"href":"https:\/\/trevotech.com\/fr\/wp-json\/wp\/v2\/comments?post=4629"}],"wp:featuredmedia":[{"embeddable":true,"href":"https:\/\/trevotech.com\/fr\/wp-json\/wp\/v2\/media\/4627"}],"wp:attachment":[{"href":"https:\/\/trevotech.com\/fr\/wp-json\/wp\/v2\/media?parent=4629"}],"wp:term":[{"taxonomy":"product_brand","embeddable":true,"href":"https:\/\/trevotech.com\/fr\/wp-json\/wp\/v2\/product_brand?post=4629"},{"taxonomy":"product_cat","embeddable":true,"href":"https:\/\/trevotech.com\/fr\/wp-json\/wp\/v2\/product_cat?post=4629"},{"taxonomy":"product_tag","embeddable":true,"href":"https:\/\/trevotech.com\/fr\/wp-json\/wp\/v2\/product_tag?post=4629"}],"curies":[{"name":"wp","href":"https:\/\/api.w.org\/{rel}","templated":true}]}}