{"id":4636,"date":"2026-02-27T07:31:00","date_gmt":"2026-02-27T07:31:00","guid":{"rendered":"https:\/\/trevotech.com\/produto\/electric-crushing-solutions\/"},"modified":"2026-02-27T09:26:12","modified_gmt":"2026-02-27T09:26:12","slug":"solutions-de-concassage-electrique","status":"publish","type":"product","link":"https:\/\/trevotech.com\/fr\/produto\/solutions-de-concassage-electrique\/","title":{"rendered":"Solutions de Concassage \u00c9lectrique"},"content":{"rendered":"<p><span style=\"font-weight: 400;\">Les solutions de concassage \u00e9lectrique RUBBLE MASTER sont con\u00e7ues pour offrir des performances \u00e9lev\u00e9es de traitement des mat\u00e9riaux, tout en r\u00e9duisant significativement les co\u00fbts d\u2019exploitation et l\u2019impact environnemental. La gamme comprend des concasseurs 100 % \u00e9lectriques, disponibles en unit\u00e9s portables mont\u00e9es sur skid, ainsi que des concasseurs hybrides combinant un fonctionnement diesel-\u00e9lectrique avec une option de raccordement au r\u00e9seau \u00e9lectrique. Ces solutions sont id\u00e9ales pour les exploitations recherchant une consommation de carburant r\u00e9duite, moins d\u2019\u00e9missions et un fonctionnement plus silencieux, sans compromis sur les performances et la fiabilit\u00e9 RUBBLE MASTER.<\/span><\/p>\n<p><span style=\"font-weight: 400;\">Con\u00e7us pour des op\u00e9rations flexibles et tourn\u00e9es vers l\u2019avenir, les concasseurs \u00e9lectriques et hybrides RUBBLE MASTER permettent de s\u2019adapter aux diff\u00e9rentes conditions de chantier, \u00e0 la disponibilit\u00e9 \u00e9nerg\u00e9tique et aux exigences de durabilit\u00e9. Qu\u2019ils fonctionnent enti\u00e8rement \u00e0 l\u2019\u00e9lectricit\u00e9 ou qu\u2019ils alternent entre les modes \u00e9lectrique et diesel-\u00e9lectrique, ces syst\u00e8mes assurent une gestion \u00e9nerg\u00e9tique efficace, des besoins de maintenance r\u00e9duits et un co\u00fbt total de possession optimis\u00e9, faisant du concassage \u00e9lectrique une solution id\u00e9ale pour le recyclage moderne, les carri\u00e8res et les chantiers urbains.<\/span><\/p>\n<p><span style=\"font-weight: 400;\">Les solutions de concassage \u00e9lectrique RUBBLE MASTER sont con\u00e7ues pour offrir des performances \u00e9lev\u00e9es de traitement des mat\u00e9riaux, tout en r\u00e9duisant significativement les co\u00fbts d\u2019exploitation et l\u2019impact environnemental. La gamme comprend des concasseurs 100 % \u00e9lectriques, disponibles en unit\u00e9s portables mont\u00e9es sur skid, ainsi que des concasseurs hybrides combinant un fonctionnement diesel-\u00e9lectrique avec une option de raccordement au r\u00e9seau \u00e9lectrique. Ces solutions sont id\u00e9ales pour les exploitations recherchant une consommation de carburant r\u00e9duite, moins d\u2019\u00e9missions et un fonctionnement plus silencieux, sans compromis sur les performances et la fiabilit\u00e9 RUBBLE MASTER.<\/span><\/p>\n<p><span style=\"font-weight: 400;\">Con\u00e7us pour des op\u00e9rations flexibles et tourn\u00e9es vers l\u2019avenir, les concasseurs \u00e9lectriques et hybrides RUBBLE MASTER permettent de s\u2019adapter aux diff\u00e9rentes conditions de chantier, \u00e0 la disponibilit\u00e9 \u00e9nerg\u00e9tique et aux exigences de durabilit\u00e9. Qu\u2019ils fonctionnent enti\u00e8rement \u00e0 l\u2019\u00e9lectricit\u00e9 ou qu\u2019ils alternent entre les modes \u00e9lectrique et diesel-\u00e9lectrique, ces syst\u00e8mes assurent une gestion \u00e9nerg\u00e9tique efficace, des besoins de maintenance r\u00e9duits et un co\u00fbt total de possession optimis\u00e9, faisant du concassage \u00e9lectrique une solution id\u00e9ale pour le recyclage moderne, les carri\u00e8res et les chantiers urbains.<\/span><\/p>\n","protected":false},"excerpt":{"rendered":"<p><span style=\"font-weight: 400;\">Les solutions de concassage \u00e9lectrique RUBBLE MASTER sont con\u00e7ues pour offrir des performances \u00e9lev\u00e9es de traitement des mat\u00e9riaux, tout en r\u00e9duisant significativement les co\u00fbts d\u2019exploitation et l\u2019impact environnemental. La gamme comprend des concasseurs 100 % \u00e9lectriques, disponibles en unit\u00e9s portables mont\u00e9es sur skid, ainsi que des concasseurs hybrides combinant un fonctionnement diesel-\u00e9lectrique avec une option de raccordement au r\u00e9seau \u00e9lectrique. Ces solutions sont id\u00e9ales pour les exploitations recherchant une consommation de carburant r\u00e9duite, moins d\u2019\u00e9missions et un fonctionnement plus silencieux, sans compromis sur les performances et la fiabilit\u00e9 RUBBLE MASTER.<\/span><\/p>\n<p><span style=\"font-weight: 400;\">Con\u00e7us pour des op\u00e9rations flexibles et tourn\u00e9es vers l\u2019avenir, les concasseurs \u00e9lectriques et hybrides RUBBLE MASTER permettent de s\u2019adapter aux diff\u00e9rentes conditions de chantier, \u00e0 la disponibilit\u00e9 \u00e9nerg\u00e9tique et aux exigences de durabilit\u00e9. Qu\u2019ils fonctionnent enti\u00e8rement \u00e0 l\u2019\u00e9lectricit\u00e9 ou qu\u2019ils alternent entre les modes \u00e9lectrique et diesel-\u00e9lectrique, ces syst\u00e8mes assurent une gestion \u00e9nerg\u00e9tique efficace, des besoins de maintenance r\u00e9duits et un co\u00fbt total de possession optimis\u00e9, faisant du concassage \u00e9lectrique une solution id\u00e9ale pour le recyclage moderne, les carri\u00e8res et les chantiers urbains.<\/span><\/p>\n","protected":false},"featured_media":4633,"comment_status":"closed","ping_status":"closed","template":"","meta":{"_acf_changed":false},"product_brand":[],"product_cat":[458],"product_tag":[],"class_list":{"0":"post-4636","1":"product","2":"type-product","3":"status-publish","4":"has-post-thumbnail","6":"product_cat-sem-categoria-fr","7":"setores-construction-et-mines","8":"marcas-rubble-master-fr","9":"tipo_produto-solutions-de-concassage-electrique","11":"first","12":"instock","13":"shipping-taxable","14":"product-type-simple"},"acf":[],"yoast_head":"<!-- This site is optimized with the Yoast SEO plugin v25.2 - https:\/\/yoast.com\/wordpress\/plugins\/seo\/ -->\n<title>Solutions de Concassage \u00c9lectrique - Trevotech Group<\/title>\n<meta name=\"description\" content=\"Les solutions de concassage \u00e9lectrique RUBBLE MASTER sont con\u00e7ues pour offrir des performances \u00e9lev\u00e9es de traitement des mat\u00e9riaux, tout en r\u00e9duisant...\" \/>\n<meta name=\"robots\" content=\"index, follow, max-snippet:-1, max-image-preview:large, max-video-preview:-1\" \/>\n<link rel=\"canonical\" href=\"https:\/\/trevotech.com\/fr\/produto\/solutions-de-concassage-electrique\/\" \/>\n<meta property=\"og:locale\" content=\"fr_FR\" \/>\n<meta property=\"og:type\" content=\"article\" \/>\n<meta property=\"og:title\" content=\"Solutions de Concassage \u00c9lectrique - Trevotech Group\" \/>\n<meta property=\"og:description\" content=\"Les solutions de concassage \u00e9lectrique RUBBLE MASTER sont con\u00e7ues pour offrir des performances \u00e9lev\u00e9es de traitement des mat\u00e9riaux, tout en r\u00e9duisant...\" \/>\n<meta property=\"og:url\" content=\"https:\/\/trevotech.com\/fr\/produto\/solutions-de-concassage-electrique\/\" \/>\n<meta property=\"og:site_name\" content=\"Trevotech Group\" \/>\n<meta property=\"article:modified_time\" content=\"2026-02-27T09:26:12+00:00\" \/>\n<meta property=\"og:image\" content=\"https:\/\/trevotech.com\/wp-content\/uploads\/2026\/02\/Rubble_Master_Products-06-scaled.webp\" \/>\n\t<meta property=\"og:image:width\" content=\"2560\" \/>\n\t<meta property=\"og:image:height\" content=\"2560\" \/>\n\t<meta property=\"og:image:type\" content=\"image\/webp\" \/>\n<meta name=\"twitter:card\" content=\"summary_large_image\" \/>\n<meta name=\"twitter:label1\" content=\"Dur\u00e9e de lecture estim\u00e9e\" \/>\n\t<meta name=\"twitter:data1\" content=\"3 minutes\" \/>\n<script type=\"application\/ld+json\" class=\"yoast-schema-graph\">{\"@context\":\"https:\/\/schema.org\",\"@graph\":[{\"@type\":\"WebPage\",\"@id\":\"https:\/\/trevotech.com\/fr\/produto\/solutions-de-concassage-electrique\/\",\"url\":\"https:\/\/trevotech.com\/fr\/produto\/solutions-de-concassage-electrique\/\",\"name\":\"Solutions de Concassage \u00c9lectrique - Trevotech Group\",\"isPartOf\":{\"@id\":\"https:\/\/trevotech.com\/fr\/#website\"},\"primaryImageOfPage\":{\"@id\":\"https:\/\/trevotech.com\/fr\/produto\/solutions-de-concassage-electrique\/#primaryimage\"},\"image\":{\"@id\":\"https:\/\/trevotech.com\/fr\/produto\/solutions-de-concassage-electrique\/#primaryimage\"},\"thumbnailUrl\":\"https:\/\/trevotech.com\/wp-content\/uploads\/2026\/02\/Rubble_Master_Products-06-scaled.webp\",\"datePublished\":\"2026-02-27T07:31:00+00:00\",\"dateModified\":\"2026-02-27T09:26:12+00:00\",\"description\":\"Les solutions de concassage \u00e9lectrique RUBBLE MASTER sont con\u00e7ues pour offrir des performances \u00e9lev\u00e9es de traitement des mat\u00e9riaux, tout en r\u00e9duisant...\",\"breadcrumb\":{\"@id\":\"https:\/\/trevotech.com\/fr\/produto\/solutions-de-concassage-electrique\/#breadcrumb\"},\"inLanguage\":\"fr-FR\",\"potentialAction\":[{\"@type\":\"ReadAction\",\"target\":[\"https:\/\/trevotech.com\/fr\/produto\/solutions-de-concassage-electrique\/\"]}]},{\"@type\":\"ImageObject\",\"inLanguage\":\"fr-FR\",\"@id\":\"https:\/\/trevotech.com\/fr\/produto\/solutions-de-concassage-electrique\/#primaryimage\",\"url\":\"https:\/\/trevotech.com\/wp-content\/uploads\/2026\/02\/Rubble_Master_Products-06-scaled.webp\",\"contentUrl\":\"https:\/\/trevotech.com\/wp-content\/uploads\/2026\/02\/Rubble_Master_Products-06-scaled.webp\",\"width\":2560,\"height\":2560,\"caption\":\"Solu\u00e7\u00f5es de Britagem El\u00e9trica\"},{\"@type\":\"BreadcrumbList\",\"@id\":\"https:\/\/trevotech.com\/fr\/produto\/solutions-de-concassage-electrique\/#breadcrumb\",\"itemListElement\":[{\"@type\":\"ListItem\",\"position\":1,\"name\":\"In\u00edcio\",\"item\":\"https:\/\/trevotech.com\/fr\/\"},{\"@type\":\"ListItem\",\"position\":2,\"name\":\"Produits\",\"item\":\"https:\/\/trevotech.com\/fr\/shop\/\"},{\"@type\":\"ListItem\",\"position\":3,\"name\":\"Solutions de Concassage \u00c9lectrique\"}]},{\"@type\":\"WebSite\",\"@id\":\"https:\/\/trevotech.com\/fr\/#website\",\"url\":\"https:\/\/trevotech.com\/fr\/\",\"name\":\"Trevotech Group\",\"description\":\"\",\"potentialAction\":[{\"@type\":\"SearchAction\",\"target\":{\"@type\":\"EntryPoint\",\"urlTemplate\":\"https:\/\/trevotech.com\/fr\/?s={search_term_string}\"},\"query-input\":{\"@type\":\"PropertyValueSpecification\",\"valueRequired\":true,\"valueName\":\"search_term_string\"}}],\"inLanguage\":\"fr-FR\"}]}<\/script>\n<!-- \/ Yoast SEO plugin. -->","yoast_head_json":{"title":"Solutions de Concassage \u00c9lectrique - Trevotech Group","description":"Les solutions de concassage \u00e9lectrique RUBBLE MASTER sont con\u00e7ues pour offrir des performances \u00e9lev\u00e9es de traitement des mat\u00e9riaux, tout en r\u00e9duisant...","robots":{"index":"index","follow":"follow","max-snippet":"max-snippet:-1","max-image-preview":"max-image-preview:large","max-video-preview":"max-video-preview:-1"},"canonical":"https:\/\/trevotech.com\/fr\/produto\/solutions-de-concassage-electrique\/","og_locale":"fr_FR","og_type":"article","og_title":"Solutions de Concassage \u00c9lectrique - Trevotech Group","og_description":"Les solutions de concassage \u00e9lectrique RUBBLE MASTER sont con\u00e7ues pour offrir des performances \u00e9lev\u00e9es de traitement des mat\u00e9riaux, tout en r\u00e9duisant...","og_url":"https:\/\/trevotech.com\/fr\/produto\/solutions-de-concassage-electrique\/","og_site_name":"Trevotech Group","article_modified_time":"2026-02-27T09:26:12+00:00","og_image":[{"width":2560,"height":2560,"url":"https:\/\/trevotech.com\/wp-content\/uploads\/2026\/02\/Rubble_Master_Products-06-scaled.webp","type":"image\/webp"}],"twitter_card":"summary_large_image","twitter_misc":{"Dur\u00e9e de lecture estim\u00e9e":"3 minutes"},"schema":{"@context":"https:\/\/schema.org","@graph":[{"@type":"WebPage","@id":"https:\/\/trevotech.com\/fr\/produto\/solutions-de-concassage-electrique\/","url":"https:\/\/trevotech.com\/fr\/produto\/solutions-de-concassage-electrique\/","name":"Solutions de Concassage \u00c9lectrique - Trevotech Group","isPartOf":{"@id":"https:\/\/trevotech.com\/fr\/#website"},"primaryImageOfPage":{"@id":"https:\/\/trevotech.com\/fr\/produto\/solutions-de-concassage-electrique\/#primaryimage"},"image":{"@id":"https:\/\/trevotech.com\/fr\/produto\/solutions-de-concassage-electrique\/#primaryimage"},"thumbnailUrl":"https:\/\/trevotech.com\/wp-content\/uploads\/2026\/02\/Rubble_Master_Products-06-scaled.webp","datePublished":"2026-02-27T07:31:00+00:00","dateModified":"2026-02-27T09:26:12+00:00","description":"Les solutions de concassage \u00e9lectrique RUBBLE MASTER sont con\u00e7ues pour offrir des performances \u00e9lev\u00e9es de traitement des mat\u00e9riaux, tout en r\u00e9duisant...","breadcrumb":{"@id":"https:\/\/trevotech.com\/fr\/produto\/solutions-de-concassage-electrique\/#breadcrumb"},"inLanguage":"fr-FR","potentialAction":[{"@type":"ReadAction","target":["https:\/\/trevotech.com\/fr\/produto\/solutions-de-concassage-electrique\/"]}]},{"@type":"ImageObject","inLanguage":"fr-FR","@id":"https:\/\/trevotech.com\/fr\/produto\/solutions-de-concassage-electrique\/#primaryimage","url":"https:\/\/trevotech.com\/wp-content\/uploads\/2026\/02\/Rubble_Master_Products-06-scaled.webp","contentUrl":"https:\/\/trevotech.com\/wp-content\/uploads\/2026\/02\/Rubble_Master_Products-06-scaled.webp","width":2560,"height":2560,"caption":"Solu\u00e7\u00f5es de Britagem El\u00e9trica"},{"@type":"BreadcrumbList","@id":"https:\/\/trevotech.com\/fr\/produto\/solutions-de-concassage-electrique\/#breadcrumb","itemListElement":[{"@type":"ListItem","position":1,"name":"In\u00edcio","item":"https:\/\/trevotech.com\/fr\/"},{"@type":"ListItem","position":2,"name":"Produits","item":"https:\/\/trevotech.com\/fr\/shop\/"},{"@type":"ListItem","position":3,"name":"Solutions de Concassage \u00c9lectrique"}]},{"@type":"WebSite","@id":"https:\/\/trevotech.com\/fr\/#website","url":"https:\/\/trevotech.com\/fr\/","name":"Trevotech Group","description":"","potentialAction":[{"@type":"SearchAction","target":{"@type":"EntryPoint","urlTemplate":"https:\/\/trevotech.com\/fr\/?s={search_term_string}"},"query-input":{"@type":"PropertyValueSpecification","valueRequired":true,"valueName":"search_term_string"}}],"inLanguage":"fr-FR"}]}},"_links":{"self":[{"href":"https:\/\/trevotech.com\/fr\/wp-json\/wp\/v2\/product\/4636","targetHints":{"allow":["GET"]}}],"collection":[{"href":"https:\/\/trevotech.com\/fr\/wp-json\/wp\/v2\/product"}],"about":[{"href":"https:\/\/trevotech.com\/fr\/wp-json\/wp\/v2\/types\/product"}],"replies":[{"embeddable":true,"href":"https:\/\/trevotech.com\/fr\/wp-json\/wp\/v2\/comments?post=4636"}],"wp:featuredmedia":[{"embeddable":true,"href":"https:\/\/trevotech.com\/fr\/wp-json\/wp\/v2\/media\/4633"}],"wp:attachment":[{"href":"https:\/\/trevotech.com\/fr\/wp-json\/wp\/v2\/media?parent=4636"}],"wp:term":[{"taxonomy":"product_brand","embeddable":true,"href":"https:\/\/trevotech.com\/fr\/wp-json\/wp\/v2\/product_brand?post=4636"},{"taxonomy":"product_cat","embeddable":true,"href":"https:\/\/trevotech.com\/fr\/wp-json\/wp\/v2\/product_cat?post=4636"},{"taxonomy":"product_tag","embeddable":true,"href":"https:\/\/trevotech.com\/fr\/wp-json\/wp\/v2\/product_tag?post=4636"}],"curies":[{"name":"wp","href":"https:\/\/api.w.org\/{rel}","templated":true}]}}