{"id":4643,"date":"2026-02-27T07:30:18","date_gmt":"2026-02-27T07:30:18","guid":{"rendered":"https:\/\/trevotech.com\/produto\/rubble-master-digital-solutions\/"},"modified":"2026-02-27T09:38:00","modified_gmt":"2026-02-27T09:38:00","slug":"solutions-digitales-rubble-master","status":"publish","type":"product","link":"https:\/\/trevotech.com\/fr\/produto\/solutions-digitales-rubble-master\/","title":{"rendered":"Solutions Digitales Rubble Master"},"content":{"rendered":"<p><span style=\"font-weight: 400;\">La t\u00e9l\u00e9m\u00e9trie RM XSMART de Solutions Digitales Rubble Master est une plateforme avanc\u00e9e de surveillance et d\u2019analyse des machines, con\u00e7ue pour optimiser les op\u00e9rations de concassage et de criblage gr\u00e2ce \u00e0 des donn\u00e9es en temps r\u00e9el et des informations exploitables. Int\u00e9gr\u00e9e \u00e0 certains mod\u00e8les RUBBLE MASTER, la solution XSMART permet le suivi en continu des indicateurs cl\u00e9s de performance, tels que la production, les heures de fonctionnement, la consommation de carburant, le d\u00e9bit de mat\u00e9riaux et l\u2019\u00e9tat des machines, via des tableaux de bord intuitifs accessibles sur ordinateur ou appareil mobile.<\/span><\/p>\n<p><span style=\"font-weight: 400;\">Destin\u00e9e aussi bien aux gestionnaires de flotte qu\u2019aux exploitations \u00e0 machine unique, la t\u00e9l\u00e9m\u00e9trie RM XSMART am\u00e9liore la disponibilit\u00e9 des \u00e9quipements gr\u00e2ce au diagnostic \u00e0 distance, aux alertes de maintenance et aux rapports historiques, facilitant la prise de d\u00e9cision et le contr\u00f4le des co\u00fbts. Qu\u2019il s\u2019agisse de comparer les performances de plusieurs unit\u00e9s ou d\u2019optimiser un concasseur ou un crible individuel, XSMART contribue \u00e0 r\u00e9duire les arr\u00eats non planifi\u00e9s, \u00e0 am\u00e9liorer l\u2019efficacit\u00e9 \u00e9nerg\u00e9tique et \u00e0 maximiser le retour sur investissement, devenant ainsi un outil essentiel pour des op\u00e9rations modernes de concassage et de criblage pilot\u00e9es par les donn\u00e9es.<\/span><\/p>\n<p><span style=\"font-weight: 400;\">La t\u00e9l\u00e9m\u00e9trie RM XSMART de Solutions Digitales Rubble Master est une plateforme avanc\u00e9e de surveillance et d\u2019analyse des machines, con\u00e7ue pour optimiser les op\u00e9rations de concassage et de criblage gr\u00e2ce \u00e0 des donn\u00e9es en temps r\u00e9el et des informations exploitables. Int\u00e9gr\u00e9e \u00e0 certains mod\u00e8les RUBBLE MASTER, la solution XSMART permet le suivi en continu des indicateurs cl\u00e9s de performance, tels que la production, les heures de fonctionnement, la consommation de carburant, le d\u00e9bit de mat\u00e9riaux et l\u2019\u00e9tat des machines, via des tableaux de bord intuitifs accessibles sur ordinateur ou appareil mobile.<\/span><\/p>\n<p><span style=\"font-weight: 400;\">Destin\u00e9e aussi bien aux gestionnaires de flotte qu\u2019aux exploitations \u00e0 machine unique, la t\u00e9l\u00e9m\u00e9trie RM XSMART am\u00e9liore la disponibilit\u00e9 des \u00e9quipements gr\u00e2ce au diagnostic \u00e0 distance, aux alertes de maintenance et aux rapports historiques, facilitant la prise de d\u00e9cision et le contr\u00f4le des co\u00fbts. Qu\u2019il s\u2019agisse de comparer les performances de plusieurs unit\u00e9s ou d\u2019optimiser un concasseur ou un crible individuel, XSMART contribue \u00e0 r\u00e9duire les arr\u00eats non planifi\u00e9s, \u00e0 am\u00e9liorer l\u2019efficacit\u00e9 \u00e9nerg\u00e9tique et \u00e0 maximiser le retour sur investissement, devenant ainsi un outil essentiel pour des op\u00e9rations modernes de concassage et de criblage pilot\u00e9es par les donn\u00e9es.<\/span><\/p>\n","protected":false},"excerpt":{"rendered":"<p><span style=\"font-weight: 400;\">La t\u00e9l\u00e9m\u00e9trie RM XSMART de RUBBLE MASTER est une plateforme avanc\u00e9e de surveillance et d\u2019analyse des machines, con\u00e7ue pour optimiser les op\u00e9rations de concassage et de criblage gr\u00e2ce \u00e0 des donn\u00e9es en temps r\u00e9el et des informations exploitables. Int\u00e9gr\u00e9e \u00e0 certains mod\u00e8les RUBBLE MASTER, la solution XSMART permet le suivi en continu des indicateurs cl\u00e9s de performance, tels que la production, les heures de fonctionnement, la consommation de carburant, le d\u00e9bit de mat\u00e9riaux et l\u2019\u00e9tat des machines, via des tableaux de bord intuitifs accessibles sur ordinateur ou appareil mobile.<\/span><\/p>\n<p><span style=\"font-weight: 400;\">Destin\u00e9e aussi bien aux gestionnaires de flotte qu\u2019aux exploitations \u00e0 machine unique, la t\u00e9l\u00e9m\u00e9trie RM XSMART am\u00e9liore la disponibilit\u00e9 des \u00e9quipements gr\u00e2ce au diagnostic \u00e0 distance, aux alertes de maintenance et aux rapports historiques, facilitant la prise de d\u00e9cision et le contr\u00f4le des co\u00fbts. Qu\u2019il s\u2019agisse de comparer les performances de plusieurs unit\u00e9s ou d\u2019optimiser un concasseur ou un crible individuel, XSMART contribue \u00e0 r\u00e9duire les arr\u00eats non planifi\u00e9s, \u00e0 am\u00e9liorer l\u2019efficacit\u00e9 \u00e9nerg\u00e9tique et \u00e0 maximiser le retour sur investissement, devenant ainsi un outil essentiel pour des op\u00e9rations modernes de concassage et de criblage pilot\u00e9es par les donn\u00e9es.<\/span><\/p>\n","protected":false},"featured_media":4659,"comment_status":"closed","ping_status":"closed","template":"","meta":{"_acf_changed":false},"product_brand":[],"product_cat":[458],"product_tag":[],"class_list":{"0":"post-4643","1":"product","2":"type-product","3":"status-publish","4":"has-post-thumbnail","6":"product_cat-sem-categoria-fr","7":"setores-construction-et-mines","8":"marcas-rubble-master-fr","9":"tipo_produto-solutions-numeriques","11":"first","12":"instock","13":"shipping-taxable","14":"product-type-simple"},"acf":[],"yoast_head":"<!-- This site is optimized with the Yoast SEO plugin v25.2 - https:\/\/yoast.com\/wordpress\/plugins\/seo\/ -->\n<title>Solutions Digitales Rubble Master - Trevotech Group<\/title>\n<meta name=\"description\" content=\"La t\u00e9l\u00e9m\u00e9trie RM XSMART de Solutions Digitales Rubble Master est une plateforme avanc\u00e9e de surveillance et d\u2019analyse des machines, con\u00e7ue pour optimiser...\" \/>\n<meta name=\"robots\" content=\"index, follow, max-snippet:-1, max-image-preview:large, max-video-preview:-1\" \/>\n<link rel=\"canonical\" href=\"https:\/\/trevotech.com\/fr\/produto\/solutions-digitales-rubble-master\/\" \/>\n<meta property=\"og:locale\" content=\"fr_FR\" \/>\n<meta property=\"og:type\" content=\"article\" \/>\n<meta property=\"og:title\" content=\"Solutions Digitales Rubble Master - Trevotech Group\" \/>\n<meta property=\"og:description\" content=\"La t\u00e9l\u00e9m\u00e9trie RM XSMART de Solutions Digitales Rubble Master est une plateforme avanc\u00e9e de surveillance et d\u2019analyse des machines, con\u00e7ue pour optimiser...\" \/>\n<meta property=\"og:url\" content=\"https:\/\/trevotech.com\/fr\/produto\/solutions-digitales-rubble-master\/\" \/>\n<meta property=\"og:site_name\" content=\"Trevotech Group\" \/>\n<meta property=\"article:modified_time\" content=\"2026-02-27T09:38:00+00:00\" \/>\n<meta property=\"og:image\" content=\"https:\/\/trevotech.com\/wp-content\/uploads\/2026\/02\/Rubble_Master_Products-07-scaled.webp\" \/>\n\t<meta property=\"og:image:width\" content=\"2560\" \/>\n\t<meta property=\"og:image:height\" content=\"2560\" \/>\n\t<meta property=\"og:image:type\" content=\"image\/webp\" \/>\n<meta name=\"twitter:card\" content=\"summary_large_image\" \/>\n<meta name=\"twitter:label1\" content=\"Dur\u00e9e de lecture estim\u00e9e\" \/>\n\t<meta name=\"twitter:data1\" content=\"3 minutes\" \/>\n<script type=\"application\/ld+json\" class=\"yoast-schema-graph\">{\"@context\":\"https:\/\/schema.org\",\"@graph\":[{\"@type\":\"WebPage\",\"@id\":\"https:\/\/trevotech.com\/fr\/produto\/solutions-digitales-rubble-master\/\",\"url\":\"https:\/\/trevotech.com\/fr\/produto\/solutions-digitales-rubble-master\/\",\"name\":\"Solutions Digitales Rubble Master - Trevotech Group\",\"isPartOf\":{\"@id\":\"https:\/\/trevotech.com\/fr\/#website\"},\"primaryImageOfPage\":{\"@id\":\"https:\/\/trevotech.com\/fr\/produto\/solutions-digitales-rubble-master\/#primaryimage\"},\"image\":{\"@id\":\"https:\/\/trevotech.com\/fr\/produto\/solutions-digitales-rubble-master\/#primaryimage\"},\"thumbnailUrl\":\"https:\/\/trevotech.com\/wp-content\/uploads\/2026\/02\/Rubble_Master_Products-071-scaled.webp\",\"datePublished\":\"2026-02-27T07:30:18+00:00\",\"dateModified\":\"2026-02-27T09:38:00+00:00\",\"description\":\"La t\u00e9l\u00e9m\u00e9trie RM XSMART de Solutions Digitales Rubble Master est une plateforme avanc\u00e9e de surveillance et d\u2019analyse des machines, con\u00e7ue pour optimiser...\",\"breadcrumb\":{\"@id\":\"https:\/\/trevotech.com\/fr\/produto\/solutions-digitales-rubble-master\/#breadcrumb\"},\"inLanguage\":\"fr-FR\",\"potentialAction\":[{\"@type\":\"ReadAction\",\"target\":[\"https:\/\/trevotech.com\/fr\/produto\/solutions-digitales-rubble-master\/\"]}]},{\"@type\":\"ImageObject\",\"inLanguage\":\"fr-FR\",\"@id\":\"https:\/\/trevotech.com\/fr\/produto\/solutions-digitales-rubble-master\/#primaryimage\",\"url\":\"https:\/\/trevotech.com\/wp-content\/uploads\/2026\/02\/Rubble_Master_Products-071-scaled.webp\",\"contentUrl\":\"https:\/\/trevotech.com\/wp-content\/uploads\/2026\/02\/Rubble_Master_Products-071-scaled.webp\",\"width\":2560,\"height\":2560,\"caption\":\"Solu\u00e7\u00f5es Digitais Rubble Master\"},{\"@type\":\"BreadcrumbList\",\"@id\":\"https:\/\/trevotech.com\/fr\/produto\/solutions-digitales-rubble-master\/#breadcrumb\",\"itemListElement\":[{\"@type\":\"ListItem\",\"position\":1,\"name\":\"In\u00edcio\",\"item\":\"https:\/\/trevotech.com\/fr\/\"},{\"@type\":\"ListItem\",\"position\":2,\"name\":\"Produits\",\"item\":\"https:\/\/trevotech.com\/fr\/shop\/\"},{\"@type\":\"ListItem\",\"position\":3,\"name\":\"Solutions Digitales Rubble Master\"}]},{\"@type\":\"WebSite\",\"@id\":\"https:\/\/trevotech.com\/fr\/#website\",\"url\":\"https:\/\/trevotech.com\/fr\/\",\"name\":\"Trevotech Group\",\"description\":\"\",\"potentialAction\":[{\"@type\":\"SearchAction\",\"target\":{\"@type\":\"EntryPoint\",\"urlTemplate\":\"https:\/\/trevotech.com\/fr\/?s={search_term_string}\"},\"query-input\":{\"@type\":\"PropertyValueSpecification\",\"valueRequired\":true,\"valueName\":\"search_term_string\"}}],\"inLanguage\":\"fr-FR\"}]}<\/script>\n<!-- \/ Yoast SEO plugin. -->","yoast_head_json":{"title":"Solutions Digitales Rubble Master - Trevotech Group","description":"La t\u00e9l\u00e9m\u00e9trie RM XSMART de Solutions Digitales Rubble Master est une plateforme avanc\u00e9e de surveillance et d\u2019analyse des machines, con\u00e7ue pour optimiser...","robots":{"index":"index","follow":"follow","max-snippet":"max-snippet:-1","max-image-preview":"max-image-preview:large","max-video-preview":"max-video-preview:-1"},"canonical":"https:\/\/trevotech.com\/fr\/produto\/solutions-digitales-rubble-master\/","og_locale":"fr_FR","og_type":"article","og_title":"Solutions Digitales Rubble Master - Trevotech Group","og_description":"La t\u00e9l\u00e9m\u00e9trie RM XSMART de Solutions Digitales Rubble Master est une plateforme avanc\u00e9e de surveillance et d\u2019analyse des machines, con\u00e7ue pour optimiser...","og_url":"https:\/\/trevotech.com\/fr\/produto\/solutions-digitales-rubble-master\/","og_site_name":"Trevotech Group","article_modified_time":"2026-02-27T09:38:00+00:00","og_image":[{"width":2560,"height":2560,"url":"https:\/\/trevotech.com\/wp-content\/uploads\/2026\/02\/Rubble_Master_Products-07-scaled.webp","type":"image\/webp"}],"twitter_card":"summary_large_image","twitter_misc":{"Dur\u00e9e de lecture estim\u00e9e":"3 minutes"},"schema":{"@context":"https:\/\/schema.org","@graph":[{"@type":"WebPage","@id":"https:\/\/trevotech.com\/fr\/produto\/solutions-digitales-rubble-master\/","url":"https:\/\/trevotech.com\/fr\/produto\/solutions-digitales-rubble-master\/","name":"Solutions Digitales Rubble Master - Trevotech Group","isPartOf":{"@id":"https:\/\/trevotech.com\/fr\/#website"},"primaryImageOfPage":{"@id":"https:\/\/trevotech.com\/fr\/produto\/solutions-digitales-rubble-master\/#primaryimage"},"image":{"@id":"https:\/\/trevotech.com\/fr\/produto\/solutions-digitales-rubble-master\/#primaryimage"},"thumbnailUrl":"https:\/\/trevotech.com\/wp-content\/uploads\/2026\/02\/Rubble_Master_Products-071-scaled.webp","datePublished":"2026-02-27T07:30:18+00:00","dateModified":"2026-02-27T09:38:00+00:00","description":"La t\u00e9l\u00e9m\u00e9trie RM XSMART de Solutions Digitales Rubble Master est une plateforme avanc\u00e9e de surveillance et d\u2019analyse des machines, con\u00e7ue pour optimiser...","breadcrumb":{"@id":"https:\/\/trevotech.com\/fr\/produto\/solutions-digitales-rubble-master\/#breadcrumb"},"inLanguage":"fr-FR","potentialAction":[{"@type":"ReadAction","target":["https:\/\/trevotech.com\/fr\/produto\/solutions-digitales-rubble-master\/"]}]},{"@type":"ImageObject","inLanguage":"fr-FR","@id":"https:\/\/trevotech.com\/fr\/produto\/solutions-digitales-rubble-master\/#primaryimage","url":"https:\/\/trevotech.com\/wp-content\/uploads\/2026\/02\/Rubble_Master_Products-071-scaled.webp","contentUrl":"https:\/\/trevotech.com\/wp-content\/uploads\/2026\/02\/Rubble_Master_Products-071-scaled.webp","width":2560,"height":2560,"caption":"Solu\u00e7\u00f5es Digitais Rubble Master"},{"@type":"BreadcrumbList","@id":"https:\/\/trevotech.com\/fr\/produto\/solutions-digitales-rubble-master\/#breadcrumb","itemListElement":[{"@type":"ListItem","position":1,"name":"In\u00edcio","item":"https:\/\/trevotech.com\/fr\/"},{"@type":"ListItem","position":2,"name":"Produits","item":"https:\/\/trevotech.com\/fr\/shop\/"},{"@type":"ListItem","position":3,"name":"Solutions Digitales Rubble Master"}]},{"@type":"WebSite","@id":"https:\/\/trevotech.com\/fr\/#website","url":"https:\/\/trevotech.com\/fr\/","name":"Trevotech Group","description":"","potentialAction":[{"@type":"SearchAction","target":{"@type":"EntryPoint","urlTemplate":"https:\/\/trevotech.com\/fr\/?s={search_term_string}"},"query-input":{"@type":"PropertyValueSpecification","valueRequired":true,"valueName":"search_term_string"}}],"inLanguage":"fr-FR"}]}},"_links":{"self":[{"href":"https:\/\/trevotech.com\/fr\/wp-json\/wp\/v2\/product\/4643","targetHints":{"allow":["GET"]}}],"collection":[{"href":"https:\/\/trevotech.com\/fr\/wp-json\/wp\/v2\/product"}],"about":[{"href":"https:\/\/trevotech.com\/fr\/wp-json\/wp\/v2\/types\/product"}],"replies":[{"embeddable":true,"href":"https:\/\/trevotech.com\/fr\/wp-json\/wp\/v2\/comments?post=4643"}],"wp:featuredmedia":[{"embeddable":true,"href":"https:\/\/trevotech.com\/fr\/wp-json\/wp\/v2\/media\/4659"}],"wp:attachment":[{"href":"https:\/\/trevotech.com\/fr\/wp-json\/wp\/v2\/media?parent=4643"}],"wp:term":[{"taxonomy":"product_brand","embeddable":true,"href":"https:\/\/trevotech.com\/fr\/wp-json\/wp\/v2\/product_brand?post=4643"},{"taxonomy":"product_cat","embeddable":true,"href":"https:\/\/trevotech.com\/fr\/wp-json\/wp\/v2\/product_cat?post=4643"},{"taxonomy":"product_tag","embeddable":true,"href":"https:\/\/trevotech.com\/fr\/wp-json\/wp\/v2\/product_tag?post=4643"}],"curies":[{"name":"wp","href":"https:\/\/api.w.org\/{rel}","templated":true}]}}