{"id":4679,"date":"2026-02-27T14:43:53","date_gmt":"2026-02-27T14:43:53","guid":{"rendered":"https:\/\/trevotech.com\/produto\/ud-croner\/"},"modified":"2026-02-27T14:50:12","modified_gmt":"2026-02-27T14:50:12","slug":"ud-croner","status":"publish","type":"product","link":"https:\/\/trevotech.com\/fr\/produto\/ud-croner\/","title":{"rendered":"UD Croner"},"content":{"rendered":"<p><span style=\"font-weight: 400;\">Le UD Croner est une solution medium-duty con\u00e7ue pour les entreprises recherchant une productivit\u00e9 \u00e9lev\u00e9e, une grande polyvalence et une efficacit\u00e9 op\u00e9rationnelle optimale dans le transport de marchandises. Cette gamme propose un large choix de configurations de poids total autoris\u00e9 en charge (PTAC) et d\u2019empattements, avec jusqu\u2019\u00e0 21 combinaisons de base, permettant d\u2019adapter le v\u00e9hicule \u00e0 des applications sp\u00e9cifiques, de la distribution urbaine aux op\u00e9rations r\u00e9gionales plus exigeantes. Les moteurs GH5E et GH8E offrent une fiabilit\u00e9 \u00e9prouv\u00e9e et un couple optimis\u00e9 \u00e0 bas r\u00e9gime, associ\u00e9s \u00e0 des transmissions manuelles et automatiques robustes pour une conduite fluide r\u00e9pondant aux exigences du conducteur comme de l\u2019exploitation.<\/span><\/p>\n<p><span style=\"font-weight: 400;\">Le Croner se distingue \u00e9galement par son excellente efficacit\u00e9 \u00e9nerg\u00e9tique, gr\u00e2ce \u00e0 une technologie avanc\u00e9e d\u2019injection \u00e9lectronique, des fonctions de <\/span><i><span style=\"font-weight: 400;\">fuel coaching<\/span><\/i><span style=\"font-weight: 400;\"> et des options de transmissions automatiques qui contribuent \u00e0 r\u00e9duire le co\u00fbt par kilom\u00e8tre et \u00e0 augmenter l\u2019autonomie lors des op\u00e9rations quotidiennes. Sa cabine ergonomique et spacieuse est con\u00e7ue pour limiter la fatigue du conducteur, avec des commandes intuitives, des si\u00e8ges r\u00e9glables et un confort de conduite qui am\u00e9liore la productivit\u00e9 au quotidien. En mati\u00e8re de s\u00e9curit\u00e9 et de disponibilit\u00e9, le Croner int\u00e8gre des syst\u00e8mes de freinage complets et un ch\u00e2ssis haute r\u00e9sistance con\u00e7u pour la durabilit\u00e9, ainsi que des intervalles d\u2019entretien prolong\u00e9s et un acc\u00e8s facilit\u00e9 aux points de service \u2014 maximisant la disponibilit\u00e9 du v\u00e9hicule sur la route tout en minimisant les arr\u00eats impr\u00e9vus.<\/span><\/p>\n<p><span style=\"font-weight: 400;\">Le UD Croner est une solution medium-duty con\u00e7ue pour les entreprises recherchant une productivit\u00e9 \u00e9lev\u00e9e, une grande polyvalence et une efficacit\u00e9 op\u00e9rationnelle optimale dans le transport de marchandises. Cette gamme propose un large choix de configurations de poids total autoris\u00e9 en charge (PTAC) et d\u2019empattements, avec jusqu\u2019\u00e0 21 combinaisons de base, permettant d\u2019adapter le v\u00e9hicule \u00e0 des applications sp\u00e9cifiques, de la distribution urbaine aux op\u00e9rations r\u00e9gionales plus exigeantes. Les moteurs GH5E et GH8E offrent une fiabilit\u00e9 \u00e9prouv\u00e9e et un couple optimis\u00e9 \u00e0 bas r\u00e9gime, associ\u00e9s \u00e0 des transmissions manuelles et automatiques robustes pour une conduite fluide r\u00e9pondant aux exigences du conducteur comme de l\u2019exploitation.<\/span><\/p>\n<p>&nbsp;<\/p>\n","protected":false},"excerpt":{"rendered":"<p><span style=\"font-weight: 400;\">Le UD Croner est une solution medium-duty con\u00e7ue pour les entreprises recherchant une productivit\u00e9 \u00e9lev\u00e9e, une grande polyvalence et une efficacit\u00e9 op\u00e9rationnelle optimale dans le transport de marchandises. Cette gamme propose un large choix de configurations de poids total autoris\u00e9 en charge (PTAC) et d\u2019empattements, avec jusqu\u2019\u00e0 21 combinaisons de base, permettant d\u2019adapter le v\u00e9hicule \u00e0 des applications sp\u00e9cifiques, de la distribution urbaine aux op\u00e9rations r\u00e9gionales plus exigeantes. Les moteurs GH5E et GH8E offrent une fiabilit\u00e9 \u00e9prouv\u00e9e et un couple optimis\u00e9 \u00e0 bas r\u00e9gime, associ\u00e9s \u00e0 des transmissions manuelles et automatiques robustes pour une conduite fluide r\u00e9pondant aux exigences du conducteur comme de l\u2019exploitation.<\/span><\/p>\n<p><span style=\"font-weight: 400;\">Le Croner se distingue \u00e9galement par son excellente efficacit\u00e9 \u00e9nerg\u00e9tique, gr\u00e2ce \u00e0 une technologie avanc\u00e9e d\u2019injection \u00e9lectronique, des fonctions de <\/span><i><span style=\"font-weight: 400;\">fuel coaching<\/span><\/i><span style=\"font-weight: 400;\"> et des options de transmissions automatiques qui contribuent \u00e0 r\u00e9duire le co\u00fbt par kilom\u00e8tre et \u00e0 augmenter l\u2019autonomie lors des op\u00e9rations quotidiennes. Sa cabine ergonomique et spacieuse est con\u00e7ue pour limiter la fatigue du conducteur, avec des commandes intuitives, des si\u00e8ges r\u00e9glables et un confort de conduite qui am\u00e9liore la productivit\u00e9 au quotidien. En mati\u00e8re de s\u00e9curit\u00e9 et de disponibilit\u00e9, le Croner int\u00e8gre des syst\u00e8mes de freinage complets et un ch\u00e2ssis haute r\u00e9sistance con\u00e7u pour la durabilit\u00e9, ainsi que des intervalles d\u2019entretien prolong\u00e9s et un acc\u00e8s facilit\u00e9 aux points de service \u2014 maximisant la disponibilit\u00e9 du v\u00e9hicule sur la route tout en minimisant les arr\u00eats impr\u00e9vus.<\/span><\/p>\n","protected":false},"featured_media":4673,"comment_status":"closed","ping_status":"closed","template":"","meta":{"_acf_changed":false},"product_brand":[],"product_cat":[458],"product_tag":[],"class_list":{"0":"post-4679","1":"product","2":"type-product","3":"status-publish","4":"has-post-thumbnail","6":"product_cat-sem-categoria-fr","7":"setores-construction-et-mines","8":"marcas-ud-trucks-fr","9":"tipo_produto-ud-croner-fr","11":"first","12":"instock","13":"shipping-taxable","14":"product-type-simple"},"acf":[],"yoast_head":"<!-- This site is optimized with the Yoast SEO plugin v25.2 - https:\/\/yoast.com\/wordpress\/plugins\/seo\/ -->\n<title>UD Croner - Trevotech Group<\/title>\n<meta name=\"description\" content=\"UD Croner est une solution medium-duty con\u00e7ue pour les entreprises recherchant une productivit\u00e9 \u00e9lev\u00e9e, une grande polyvalence et une efficacit\u00e9...\" \/>\n<meta name=\"robots\" content=\"index, follow, max-snippet:-1, max-image-preview:large, max-video-preview:-1\" \/>\n<link rel=\"canonical\" href=\"https:\/\/trevotech.com\/fr\/produto\/ud-croner\/\" \/>\n<meta property=\"og:locale\" content=\"fr_FR\" \/>\n<meta property=\"og:type\" content=\"article\" \/>\n<meta property=\"og:title\" content=\"UD Croner - Trevotech Group\" \/>\n<meta property=\"og:description\" content=\"UD Croner est une solution medium-duty con\u00e7ue pour les entreprises recherchant une productivit\u00e9 \u00e9lev\u00e9e, une grande polyvalence et une efficacit\u00e9...\" \/>\n<meta property=\"og:url\" content=\"https:\/\/trevotech.com\/fr\/produto\/ud-croner\/\" \/>\n<meta property=\"og:site_name\" content=\"Trevotech Group\" \/>\n<meta property=\"article:modified_time\" content=\"2026-02-27T14:50:12+00:00\" \/>\n<meta property=\"og:image\" content=\"https:\/\/trevotech.com\/wp-content\/uploads\/2026\/02\/UD_Trucks_Products-01-scaled.webp\" \/>\n\t<meta property=\"og:image:width\" content=\"2560\" \/>\n\t<meta property=\"og:image:height\" content=\"2560\" \/>\n\t<meta property=\"og:image:type\" content=\"image\/webp\" \/>\n<meta name=\"twitter:card\" content=\"summary_large_image\" \/>\n<meta name=\"twitter:label1\" content=\"Dur\u00e9e de lecture estim\u00e9e\" \/>\n\t<meta name=\"twitter:data1\" content=\"3 minutes\" \/>\n<script type=\"application\/ld+json\" class=\"yoast-schema-graph\">{\"@context\":\"https:\/\/schema.org\",\"@graph\":[{\"@type\":\"WebPage\",\"@id\":\"https:\/\/trevotech.com\/fr\/produto\/ud-croner\/\",\"url\":\"https:\/\/trevotech.com\/fr\/produto\/ud-croner\/\",\"name\":\"UD Croner - Trevotech Group\",\"isPartOf\":{\"@id\":\"https:\/\/trevotech.com\/fr\/#website\"},\"primaryImageOfPage\":{\"@id\":\"https:\/\/trevotech.com\/fr\/produto\/ud-croner\/#primaryimage\"},\"image\":{\"@id\":\"https:\/\/trevotech.com\/fr\/produto\/ud-croner\/#primaryimage\"},\"thumbnailUrl\":\"https:\/\/trevotech.com\/wp-content\/uploads\/2026\/02\/UD_Trucks_Products-01-scaled.webp\",\"datePublished\":\"2026-02-27T14:43:53+00:00\",\"dateModified\":\"2026-02-27T14:50:12+00:00\",\"description\":\"UD Croner est une solution medium-duty con\u00e7ue pour les entreprises recherchant une productivit\u00e9 \u00e9lev\u00e9e, une grande polyvalence et une efficacit\u00e9...\",\"breadcrumb\":{\"@id\":\"https:\/\/trevotech.com\/fr\/produto\/ud-croner\/#breadcrumb\"},\"inLanguage\":\"fr-FR\",\"potentialAction\":[{\"@type\":\"ReadAction\",\"target\":[\"https:\/\/trevotech.com\/fr\/produto\/ud-croner\/\"]}]},{\"@type\":\"ImageObject\",\"inLanguage\":\"fr-FR\",\"@id\":\"https:\/\/trevotech.com\/fr\/produto\/ud-croner\/#primaryimage\",\"url\":\"https:\/\/trevotech.com\/wp-content\/uploads\/2026\/02\/UD_Trucks_Products-01-scaled.webp\",\"contentUrl\":\"https:\/\/trevotech.com\/wp-content\/uploads\/2026\/02\/UD_Trucks_Products-01-scaled.webp\",\"width\":2560,\"height\":2560,\"caption\":\"UD Croner\"},{\"@type\":\"BreadcrumbList\",\"@id\":\"https:\/\/trevotech.com\/fr\/produto\/ud-croner\/#breadcrumb\",\"itemListElement\":[{\"@type\":\"ListItem\",\"position\":1,\"name\":\"In\u00edcio\",\"item\":\"https:\/\/trevotech.com\/fr\/\"},{\"@type\":\"ListItem\",\"position\":2,\"name\":\"Produits\",\"item\":\"https:\/\/trevotech.com\/fr\/shop\/\"},{\"@type\":\"ListItem\",\"position\":3,\"name\":\"UD Croner\"}]},{\"@type\":\"WebSite\",\"@id\":\"https:\/\/trevotech.com\/fr\/#website\",\"url\":\"https:\/\/trevotech.com\/fr\/\",\"name\":\"Trevotech Group\",\"description\":\"\",\"potentialAction\":[{\"@type\":\"SearchAction\",\"target\":{\"@type\":\"EntryPoint\",\"urlTemplate\":\"https:\/\/trevotech.com\/fr\/?s={search_term_string}\"},\"query-input\":{\"@type\":\"PropertyValueSpecification\",\"valueRequired\":true,\"valueName\":\"search_term_string\"}}],\"inLanguage\":\"fr-FR\"}]}<\/script>\n<!-- \/ Yoast SEO plugin. -->","yoast_head_json":{"title":"UD Croner - Trevotech Group","description":"UD Croner est une solution medium-duty con\u00e7ue pour les entreprises recherchant une productivit\u00e9 \u00e9lev\u00e9e, une grande polyvalence et une efficacit\u00e9...","robots":{"index":"index","follow":"follow","max-snippet":"max-snippet:-1","max-image-preview":"max-image-preview:large","max-video-preview":"max-video-preview:-1"},"canonical":"https:\/\/trevotech.com\/fr\/produto\/ud-croner\/","og_locale":"fr_FR","og_type":"article","og_title":"UD Croner - Trevotech Group","og_description":"UD Croner est une solution medium-duty con\u00e7ue pour les entreprises recherchant une productivit\u00e9 \u00e9lev\u00e9e, une grande polyvalence et une efficacit\u00e9...","og_url":"https:\/\/trevotech.com\/fr\/produto\/ud-croner\/","og_site_name":"Trevotech Group","article_modified_time":"2026-02-27T14:50:12+00:00","og_image":[{"width":2560,"height":2560,"url":"https:\/\/trevotech.com\/wp-content\/uploads\/2026\/02\/UD_Trucks_Products-01-scaled.webp","type":"image\/webp"}],"twitter_card":"summary_large_image","twitter_misc":{"Dur\u00e9e de lecture estim\u00e9e":"3 minutes"},"schema":{"@context":"https:\/\/schema.org","@graph":[{"@type":"WebPage","@id":"https:\/\/trevotech.com\/fr\/produto\/ud-croner\/","url":"https:\/\/trevotech.com\/fr\/produto\/ud-croner\/","name":"UD Croner - Trevotech Group","isPartOf":{"@id":"https:\/\/trevotech.com\/fr\/#website"},"primaryImageOfPage":{"@id":"https:\/\/trevotech.com\/fr\/produto\/ud-croner\/#primaryimage"},"image":{"@id":"https:\/\/trevotech.com\/fr\/produto\/ud-croner\/#primaryimage"},"thumbnailUrl":"https:\/\/trevotech.com\/wp-content\/uploads\/2026\/02\/UD_Trucks_Products-01-scaled.webp","datePublished":"2026-02-27T14:43:53+00:00","dateModified":"2026-02-27T14:50:12+00:00","description":"UD Croner est une solution medium-duty con\u00e7ue pour les entreprises recherchant une productivit\u00e9 \u00e9lev\u00e9e, une grande polyvalence et une efficacit\u00e9...","breadcrumb":{"@id":"https:\/\/trevotech.com\/fr\/produto\/ud-croner\/#breadcrumb"},"inLanguage":"fr-FR","potentialAction":[{"@type":"ReadAction","target":["https:\/\/trevotech.com\/fr\/produto\/ud-croner\/"]}]},{"@type":"ImageObject","inLanguage":"fr-FR","@id":"https:\/\/trevotech.com\/fr\/produto\/ud-croner\/#primaryimage","url":"https:\/\/trevotech.com\/wp-content\/uploads\/2026\/02\/UD_Trucks_Products-01-scaled.webp","contentUrl":"https:\/\/trevotech.com\/wp-content\/uploads\/2026\/02\/UD_Trucks_Products-01-scaled.webp","width":2560,"height":2560,"caption":"UD Croner"},{"@type":"BreadcrumbList","@id":"https:\/\/trevotech.com\/fr\/produto\/ud-croner\/#breadcrumb","itemListElement":[{"@type":"ListItem","position":1,"name":"In\u00edcio","item":"https:\/\/trevotech.com\/fr\/"},{"@type":"ListItem","position":2,"name":"Produits","item":"https:\/\/trevotech.com\/fr\/shop\/"},{"@type":"ListItem","position":3,"name":"UD Croner"}]},{"@type":"WebSite","@id":"https:\/\/trevotech.com\/fr\/#website","url":"https:\/\/trevotech.com\/fr\/","name":"Trevotech Group","description":"","potentialAction":[{"@type":"SearchAction","target":{"@type":"EntryPoint","urlTemplate":"https:\/\/trevotech.com\/fr\/?s={search_term_string}"},"query-input":{"@type":"PropertyValueSpecification","valueRequired":true,"valueName":"search_term_string"}}],"inLanguage":"fr-FR"}]}},"_links":{"self":[{"href":"https:\/\/trevotech.com\/fr\/wp-json\/wp\/v2\/product\/4679","targetHints":{"allow":["GET"]}}],"collection":[{"href":"https:\/\/trevotech.com\/fr\/wp-json\/wp\/v2\/product"}],"about":[{"href":"https:\/\/trevotech.com\/fr\/wp-json\/wp\/v2\/types\/product"}],"replies":[{"embeddable":true,"href":"https:\/\/trevotech.com\/fr\/wp-json\/wp\/v2\/comments?post=4679"}],"wp:featuredmedia":[{"embeddable":true,"href":"https:\/\/trevotech.com\/fr\/wp-json\/wp\/v2\/media\/4673"}],"wp:attachment":[{"href":"https:\/\/trevotech.com\/fr\/wp-json\/wp\/v2\/media?parent=4679"}],"wp:term":[{"taxonomy":"product_brand","embeddable":true,"href":"https:\/\/trevotech.com\/fr\/wp-json\/wp\/v2\/product_brand?post=4679"},{"taxonomy":"product_cat","embeddable":true,"href":"https:\/\/trevotech.com\/fr\/wp-json\/wp\/v2\/product_cat?post=4679"},{"taxonomy":"product_tag","embeddable":true,"href":"https:\/\/trevotech.com\/fr\/wp-json\/wp\/v2\/product_tag?post=4679"}],"curies":[{"name":"wp","href":"https:\/\/api.w.org\/{rel}","templated":true}]}}