{"id":4684,"date":"2026-02-27T14:53:59","date_gmt":"2026-02-27T14:53:59","guid":{"rendered":"https:\/\/trevotech.com\/produto\/ud-quester\/"},"modified":"2026-02-27T14:58:17","modified_gmt":"2026-02-27T14:58:17","slug":"ud-quester","status":"publish","type":"product","link":"https:\/\/trevotech.com\/fr\/produto\/ud-quester\/","title":{"rendered":"UD Quester"},"content":{"rendered":"<p><span style=\"font-weight: 400;\">Le UD Quester est la gamme heavy-duty de UD Trucks, con\u00e7ue pour les op\u00e9rations exigeantes de transport de marchandises, de logistique, de construction et de longue distance, o\u00f9 robustesse, puissance et efficacit\u00e9 sont essentielles \u00e0 la r\u00e9ussite op\u00e9rationnelle. Disponible dans plusieurs configurations d\u2019essieux et de poids total autoris\u00e9 en charge (PTAC) (4\u00d72, 6\u00d72, 6\u00d74 et 8\u00d74), avec des puissances moteur allant d\u2019environ 250 \u00e0 460 ch, le Quester est adapt\u00e9 aux exigences sp\u00e9cifiques de chaque client, offrant une capacit\u00e9 de charge \u00e9lev\u00e9e et des performances constantes, m\u00eame sous des charges lourdes.<\/span><\/p>\n<p><span style=\"font-weight: 400;\">Au c\u0153ur du Quester se trouvent les moteurs GH8E et GH11E, con\u00e7us pour associer couple \u00e9lev\u00e9, efficacit\u00e9 \u00e9nerg\u00e9tique et fiabilit\u00e9 \u00e9prouv\u00e9e, avec un choix de transmissions manuelles, automatis\u00e9es (AMT\/ESCOT) ou automatiques afin d\u2019optimiser la consommation de carburant, de r\u00e9duire la fatigue du conducteur et de diminuer les co\u00fbts d\u2019exploitation par kilom\u00e8tre. La gamme int\u00e8gre \u00e9galement un ch\u00e2ssis renforc\u00e9, des syst\u00e8mes de freinage avanc\u00e9s et une cabine ergonomique con\u00e7ue pour le confort sur longues distances, ainsi qu\u2019une technologie de r\u00e9duction des \u00e9missions SCR avec AdBlue, garantissant s\u00e9curit\u00e9, durabilit\u00e9 et une disponibilit\u00e9 prolong\u00e9e entre les intervalles d\u2019entretien \u2014 des crit\u00e8res essentiels pour les flottes professionnelles exigeant performance et durabilit\u00e9 sur la route.<\/span><\/p>\n<p><span style=\"font-weight: 400;\">Le UD Quester est la gamme heavy-duty de UD Trucks, con\u00e7ue pour les op\u00e9rations exigeantes de transport de marchandises, de logistique, de construction et de longue distance, o\u00f9 robustesse, puissance et efficacit\u00e9 sont essentielles \u00e0 la r\u00e9ussite op\u00e9rationnelle. Disponible dans plusieurs configurations d\u2019essieux et de poids total autoris\u00e9 en charge (PTAC) (4\u00d72, 6\u00d72, 6\u00d74 et 8\u00d74), avec des puissances moteur allant d\u2019environ 250 \u00e0 460 ch, le Quester est adapt\u00e9 aux exigences sp\u00e9cifiques de chaque client, offrant une capacit\u00e9 de charge \u00e9lev\u00e9e et des performances constantes, m\u00eame sous des charges lourdes.<\/span><\/p>\n<p><span style=\"font-weight: 400;\">Au c\u0153ur du Quester se trouvent les moteurs GH8E et GH11E, con\u00e7us pour associer couple \u00e9lev\u00e9, efficacit\u00e9 \u00e9nerg\u00e9tique et fiabilit\u00e9 \u00e9prouv\u00e9e, avec un choix de transmissions manuelles, automatis\u00e9es (AMT\/ESCOT) ou automatiques afin d\u2019optimiser la consommation de carburant, de r\u00e9duire la fatigue du conducteur et de diminuer les co\u00fbts d\u2019exploitation par kilom\u00e8tre. La gamme int\u00e8gre \u00e9galement un ch\u00e2ssis renforc\u00e9, des syst\u00e8mes de freinage avanc\u00e9s et une cabine ergonomique con\u00e7ue pour le confort sur longues distances, ainsi qu\u2019une technologie de r\u00e9duction des \u00e9missions SCR avec AdBlue, garantissant s\u00e9curit\u00e9, durabilit\u00e9 et une disponibilit\u00e9 prolong\u00e9e entre les intervalles d\u2019entretien \u2014 des crit\u00e8res essentiels pour les flottes professionnelles exigeant performance et durabilit\u00e9 sur la route.<\/span><\/p>\n","protected":false},"excerpt":{"rendered":"<p><span style=\"font-weight: 400;\">Le UD Quester est la gamme heavy-duty de UD Trucks, con\u00e7ue pour les op\u00e9rations exigeantes de transport de marchandises, de logistique, de construction et de longue distance, o\u00f9 robustesse, puissance et efficacit\u00e9 sont essentielles \u00e0 la r\u00e9ussite op\u00e9rationnelle. Disponible dans plusieurs configurations d\u2019essieux et de poids total autoris\u00e9 en charge (PTAC) (4\u00d72, 6\u00d72, 6\u00d74 et 8\u00d74), avec des puissances moteur allant d\u2019environ 250 \u00e0 460 ch, le Quester est adapt\u00e9 aux exigences sp\u00e9cifiques de chaque client, offrant une capacit\u00e9 de charge \u00e9lev\u00e9e et des performances constantes, m\u00eame sous des charges lourdes.<\/span><\/p>\n<p><span style=\"font-weight: 400;\">Au c\u0153ur du Quester se trouvent les moteurs GH8E et GH11E, con\u00e7us pour associer couple \u00e9lev\u00e9, efficacit\u00e9 \u00e9nerg\u00e9tique et fiabilit\u00e9 \u00e9prouv\u00e9e, avec un choix de transmissions manuelles, automatis\u00e9es (AMT\/ESCOT) ou automatiques afin d\u2019optimiser la consommation de carburant, de r\u00e9duire la fatigue du conducteur et de diminuer les co\u00fbts d\u2019exploitation par kilom\u00e8tre. La gamme int\u00e8gre \u00e9galement un ch\u00e2ssis renforc\u00e9, des syst\u00e8mes de freinage avanc\u00e9s et une cabine ergonomique con\u00e7ue pour le confort sur longues distances, ainsi qu\u2019une technologie de r\u00e9duction des \u00e9missions SCR avec AdBlue, garantissant s\u00e9curit\u00e9, durabilit\u00e9 et une disponibilit\u00e9 prolong\u00e9e entre les intervalles d\u2019entretien \u2014 des crit\u00e8res essentiels pour les flottes professionnelles exigeant performance et durabilit\u00e9 sur la route.<\/span><\/p>\n","protected":false},"featured_media":4676,"comment_status":"closed","ping_status":"closed","template":"","meta":{"_acf_changed":false},"product_brand":[],"product_cat":[458],"product_tag":[],"class_list":{"0":"post-4684","1":"product","2":"type-product","3":"status-publish","4":"has-post-thumbnail","6":"product_cat-sem-categoria-fr","7":"setores-construction-et-mines","8":"marcas-ud-trucks-fr","9":"tipo_produto-ud-quester-fr","11":"first","12":"instock","13":"shipping-taxable","14":"product-type-simple"},"acf":[],"yoast_head":"<!-- This site is optimized with the Yoast SEO plugin v25.2 - https:\/\/yoast.com\/wordpress\/plugins\/seo\/ -->\n<title>UD Quester - Trevotech Group<\/title>\n<meta name=\"description\" content=\"UD Quester est la gamme heavy-duty de UD Trucks, con\u00e7ue pour les op\u00e9rations exigeantes de transport de marchandises, de logistique...\" \/>\n<meta name=\"robots\" content=\"index, follow, max-snippet:-1, max-image-preview:large, max-video-preview:-1\" \/>\n<link rel=\"canonical\" href=\"https:\/\/trevotech.com\/fr\/produto\/ud-quester\/\" \/>\n<meta property=\"og:locale\" content=\"fr_FR\" \/>\n<meta property=\"og:type\" content=\"article\" \/>\n<meta property=\"og:title\" content=\"UD Quester - Trevotech Group\" \/>\n<meta property=\"og:description\" content=\"UD Quester est la gamme heavy-duty de UD Trucks, con\u00e7ue pour les op\u00e9rations exigeantes de transport de marchandises, de logistique...\" \/>\n<meta property=\"og:url\" content=\"https:\/\/trevotech.com\/fr\/produto\/ud-quester\/\" \/>\n<meta property=\"og:site_name\" content=\"Trevotech Group\" \/>\n<meta property=\"article:modified_time\" content=\"2026-02-27T14:58:17+00:00\" \/>\n<meta property=\"og:image\" content=\"https:\/\/trevotech.com\/wp-content\/uploads\/2026\/02\/UD_Trucks_Products-02-scaled.webp\" \/>\n\t<meta property=\"og:image:width\" content=\"2560\" \/>\n\t<meta property=\"og:image:height\" content=\"2560\" \/>\n\t<meta property=\"og:image:type\" content=\"image\/webp\" \/>\n<meta name=\"twitter:card\" content=\"summary_large_image\" \/>\n<meta name=\"twitter:label1\" content=\"Dur\u00e9e de lecture estim\u00e9e\" \/>\n\t<meta name=\"twitter:data1\" content=\"3 minutes\" \/>\n<script type=\"application\/ld+json\" class=\"yoast-schema-graph\">{\"@context\":\"https:\/\/schema.org\",\"@graph\":[{\"@type\":\"WebPage\",\"@id\":\"https:\/\/trevotech.com\/fr\/produto\/ud-quester\/\",\"url\":\"https:\/\/trevotech.com\/fr\/produto\/ud-quester\/\",\"name\":\"UD Quester - Trevotech Group\",\"isPartOf\":{\"@id\":\"https:\/\/trevotech.com\/fr\/#website\"},\"primaryImageOfPage\":{\"@id\":\"https:\/\/trevotech.com\/fr\/produto\/ud-quester\/#primaryimage\"},\"image\":{\"@id\":\"https:\/\/trevotech.com\/fr\/produto\/ud-quester\/#primaryimage\"},\"thumbnailUrl\":\"https:\/\/trevotech.com\/wp-content\/uploads\/2026\/02\/UD_Trucks_Products-02-scaled.webp\",\"datePublished\":\"2026-02-27T14:53:59+00:00\",\"dateModified\":\"2026-02-27T14:58:17+00:00\",\"description\":\"UD Quester est la gamme heavy-duty de UD Trucks, con\u00e7ue pour les op\u00e9rations exigeantes de transport de marchandises, de logistique...\",\"breadcrumb\":{\"@id\":\"https:\/\/trevotech.com\/fr\/produto\/ud-quester\/#breadcrumb\"},\"inLanguage\":\"fr-FR\",\"potentialAction\":[{\"@type\":\"ReadAction\",\"target\":[\"https:\/\/trevotech.com\/fr\/produto\/ud-quester\/\"]}]},{\"@type\":\"ImageObject\",\"inLanguage\":\"fr-FR\",\"@id\":\"https:\/\/trevotech.com\/fr\/produto\/ud-quester\/#primaryimage\",\"url\":\"https:\/\/trevotech.com\/wp-content\/uploads\/2026\/02\/UD_Trucks_Products-02-scaled.webp\",\"contentUrl\":\"https:\/\/trevotech.com\/wp-content\/uploads\/2026\/02\/UD_Trucks_Products-02-scaled.webp\",\"width\":2560,\"height\":2560,\"caption\":\"UD Quester\"},{\"@type\":\"BreadcrumbList\",\"@id\":\"https:\/\/trevotech.com\/fr\/produto\/ud-quester\/#breadcrumb\",\"itemListElement\":[{\"@type\":\"ListItem\",\"position\":1,\"name\":\"In\u00edcio\",\"item\":\"https:\/\/trevotech.com\/fr\/\"},{\"@type\":\"ListItem\",\"position\":2,\"name\":\"Produits\",\"item\":\"https:\/\/trevotech.com\/fr\/shop\/\"},{\"@type\":\"ListItem\",\"position\":3,\"name\":\"UD Quester\"}]},{\"@type\":\"WebSite\",\"@id\":\"https:\/\/trevotech.com\/fr\/#website\",\"url\":\"https:\/\/trevotech.com\/fr\/\",\"name\":\"Trevotech Group\",\"description\":\"\",\"potentialAction\":[{\"@type\":\"SearchAction\",\"target\":{\"@type\":\"EntryPoint\",\"urlTemplate\":\"https:\/\/trevotech.com\/fr\/?s={search_term_string}\"},\"query-input\":{\"@type\":\"PropertyValueSpecification\",\"valueRequired\":true,\"valueName\":\"search_term_string\"}}],\"inLanguage\":\"fr-FR\"}]}<\/script>\n<!-- \/ Yoast SEO plugin. -->","yoast_head_json":{"title":"UD Quester - Trevotech Group","description":"UD Quester est la gamme heavy-duty de UD Trucks, con\u00e7ue pour les op\u00e9rations exigeantes de transport de marchandises, de logistique...","robots":{"index":"index","follow":"follow","max-snippet":"max-snippet:-1","max-image-preview":"max-image-preview:large","max-video-preview":"max-video-preview:-1"},"canonical":"https:\/\/trevotech.com\/fr\/produto\/ud-quester\/","og_locale":"fr_FR","og_type":"article","og_title":"UD Quester - Trevotech Group","og_description":"UD Quester est la gamme heavy-duty de UD Trucks, con\u00e7ue pour les op\u00e9rations exigeantes de transport de marchandises, de logistique...","og_url":"https:\/\/trevotech.com\/fr\/produto\/ud-quester\/","og_site_name":"Trevotech Group","article_modified_time":"2026-02-27T14:58:17+00:00","og_image":[{"width":2560,"height":2560,"url":"https:\/\/trevotech.com\/wp-content\/uploads\/2026\/02\/UD_Trucks_Products-02-scaled.webp","type":"image\/webp"}],"twitter_card":"summary_large_image","twitter_misc":{"Dur\u00e9e de lecture estim\u00e9e":"3 minutes"},"schema":{"@context":"https:\/\/schema.org","@graph":[{"@type":"WebPage","@id":"https:\/\/trevotech.com\/fr\/produto\/ud-quester\/","url":"https:\/\/trevotech.com\/fr\/produto\/ud-quester\/","name":"UD Quester - Trevotech Group","isPartOf":{"@id":"https:\/\/trevotech.com\/fr\/#website"},"primaryImageOfPage":{"@id":"https:\/\/trevotech.com\/fr\/produto\/ud-quester\/#primaryimage"},"image":{"@id":"https:\/\/trevotech.com\/fr\/produto\/ud-quester\/#primaryimage"},"thumbnailUrl":"https:\/\/trevotech.com\/wp-content\/uploads\/2026\/02\/UD_Trucks_Products-02-scaled.webp","datePublished":"2026-02-27T14:53:59+00:00","dateModified":"2026-02-27T14:58:17+00:00","description":"UD Quester est la gamme heavy-duty de UD Trucks, con\u00e7ue pour les op\u00e9rations exigeantes de transport de marchandises, de logistique...","breadcrumb":{"@id":"https:\/\/trevotech.com\/fr\/produto\/ud-quester\/#breadcrumb"},"inLanguage":"fr-FR","potentialAction":[{"@type":"ReadAction","target":["https:\/\/trevotech.com\/fr\/produto\/ud-quester\/"]}]},{"@type":"ImageObject","inLanguage":"fr-FR","@id":"https:\/\/trevotech.com\/fr\/produto\/ud-quester\/#primaryimage","url":"https:\/\/trevotech.com\/wp-content\/uploads\/2026\/02\/UD_Trucks_Products-02-scaled.webp","contentUrl":"https:\/\/trevotech.com\/wp-content\/uploads\/2026\/02\/UD_Trucks_Products-02-scaled.webp","width":2560,"height":2560,"caption":"UD Quester"},{"@type":"BreadcrumbList","@id":"https:\/\/trevotech.com\/fr\/produto\/ud-quester\/#breadcrumb","itemListElement":[{"@type":"ListItem","position":1,"name":"In\u00edcio","item":"https:\/\/trevotech.com\/fr\/"},{"@type":"ListItem","position":2,"name":"Produits","item":"https:\/\/trevotech.com\/fr\/shop\/"},{"@type":"ListItem","position":3,"name":"UD Quester"}]},{"@type":"WebSite","@id":"https:\/\/trevotech.com\/fr\/#website","url":"https:\/\/trevotech.com\/fr\/","name":"Trevotech Group","description":"","potentialAction":[{"@type":"SearchAction","target":{"@type":"EntryPoint","urlTemplate":"https:\/\/trevotech.com\/fr\/?s={search_term_string}"},"query-input":{"@type":"PropertyValueSpecification","valueRequired":true,"valueName":"search_term_string"}}],"inLanguage":"fr-FR"}]}},"_links":{"self":[{"href":"https:\/\/trevotech.com\/fr\/wp-json\/wp\/v2\/product\/4684","targetHints":{"allow":["GET"]}}],"collection":[{"href":"https:\/\/trevotech.com\/fr\/wp-json\/wp\/v2\/product"}],"about":[{"href":"https:\/\/trevotech.com\/fr\/wp-json\/wp\/v2\/types\/product"}],"replies":[{"embeddable":true,"href":"https:\/\/trevotech.com\/fr\/wp-json\/wp\/v2\/comments?post=4684"}],"wp:featuredmedia":[{"embeddable":true,"href":"https:\/\/trevotech.com\/fr\/wp-json\/wp\/v2\/media\/4676"}],"wp:attachment":[{"href":"https:\/\/trevotech.com\/fr\/wp-json\/wp\/v2\/media?parent=4684"}],"wp:term":[{"taxonomy":"product_brand","embeddable":true,"href":"https:\/\/trevotech.com\/fr\/wp-json\/wp\/v2\/product_brand?post=4684"},{"taxonomy":"product_cat","embeddable":true,"href":"https:\/\/trevotech.com\/fr\/wp-json\/wp\/v2\/product_cat?post=4684"},{"taxonomy":"product_tag","embeddable":true,"href":"https:\/\/trevotech.com\/fr\/wp-json\/wp\/v2\/product_tag?post=4684"}],"curies":[{"name":"wp","href":"https:\/\/api.w.org\/{rel}","templated":true}]}}