{"id":4759,"date":"2026-03-11T08:54:00","date_gmt":"2026-03-11T08:54:00","guid":{"rendered":"https:\/\/trevotech.com\/produto\/ambulancias\/"},"modified":"2026-03-11T09:09:58","modified_gmt":"2026-03-11T09:09:58","slug":"ambulances","status":"publish","type":"product","link":"https:\/\/trevotech.com\/fr\/produto\/ambulances\/","title":{"rendered":"Ambulances"},"content":{"rendered":"<p><span style=\"font-weight: 400;\">Les ambulances Ashok Leyland offrent une solution efficace pour les services m\u00e9dicaux d\u2019urgence, alliant robustesse m\u00e9canique et compartiment clinique enti\u00e8rement \u00e9quip\u00e9. Con\u00e7ues sur les plateformes \u00e9prouv\u00e9es de la marque, ces unit\u00e9s sont pens\u00e9es pour garantir un transport s\u00e9curis\u00e9 des patients et des conditions de travail optimales pour les \u00e9quipes m\u00e9dicales. L\u2019int\u00e9rieur comprend un syst\u00e8me de climatisation, des armoires de rangement pour \u00e9quipements m\u00e9dicaux, des si\u00e8ges pour le m\u00e9decin et l\u2019assistant, une civi\u00e8re pliable, des \u00e9quipements d\u2019immobilisation tels qu\u2019une civi\u00e8re scoop et une planche dorsale, ainsi que des solutions d\u2019alimentation \u00e9lectrique et de r\u00e9frig\u00e9ration pour les fournitures m\u00e9dicales. Adapt\u00e9es aux environnements op\u00e9rationnels exigeants, les ambulances Ashok Leyland offrent durabilit\u00e9, s\u00e9curit\u00e9 et performance pour les h\u00f4pitaux, les cliniques, les services d\u2019urgence et les institutions gouvernementales.<\/span><\/p>\n<p><span style=\"font-weight: 400;\">Les ambulances Ashok Leyland offrent une solution efficace pour les services m\u00e9dicaux d\u2019urgence, alliant robustesse m\u00e9canique et compartiment clinique enti\u00e8rement \u00e9quip\u00e9. Con\u00e7ues sur les plateformes \u00e9prouv\u00e9es de la marque, ces unit\u00e9s sont pens\u00e9es pour garantir un transport s\u00e9curis\u00e9 des patients et des conditions de travail optimales pour les \u00e9quipes m\u00e9dicales. L\u2019int\u00e9rieur comprend un syst\u00e8me de climatisation, des armoires de rangement pour \u00e9quipements m\u00e9dicaux, des si\u00e8ges pour le m\u00e9decin et l\u2019assistant, une civi\u00e8re pliable, des \u00e9quipements d\u2019immobilisation tels qu\u2019une civi\u00e8re scoop et une planche dorsale, ainsi que des solutions d\u2019alimentation \u00e9lectrique et de r\u00e9frig\u00e9ration pour les fournitures m\u00e9dicales. Adapt\u00e9es aux environnements op\u00e9rationnels exigeants, les ambulances Ashok Leyland offrent durabilit\u00e9, s\u00e9curit\u00e9 et performance pour les h\u00f4pitaux, les cliniques, les services d\u2019urgence et les institutions gouvernementales.<\/span><\/p>\n<p><span style=\"font-weight: 400;\">Les ambulances Ashok Leyland offrent une solution efficace pour les services m\u00e9dicaux d\u2019urgence, alliant robustesse m\u00e9canique et compartiment clinique enti\u00e8rement \u00e9quip\u00e9. Con\u00e7ues sur les plateformes \u00e9prouv\u00e9es de la marque, ces unit\u00e9s sont pens\u00e9es pour garantir un transport s\u00e9curis\u00e9 des patients et des conditions de travail optimales pour les \u00e9quipes m\u00e9dicales. L\u2019int\u00e9rieur comprend un syst\u00e8me de climatisation, des armoires de rangement pour \u00e9quipements m\u00e9dicaux, des si\u00e8ges pour le m\u00e9decin et l\u2019assistant, une civi\u00e8re pliable, des \u00e9quipements d\u2019immobilisation tels qu\u2019une civi\u00e8re scoop et une planche dorsale, ainsi que des solutions d\u2019alimentation \u00e9lectrique et de r\u00e9frig\u00e9ration pour les fournitures m\u00e9dicales. Adapt\u00e9es aux environnements op\u00e9rationnels exigeants, les ambulances Ashok Leyland offrent durabilit\u00e9, s\u00e9curit\u00e9 et performance pour les h\u00f4pitaux, les cliniques, les services d\u2019urgence et les institutions gouvernementales.<\/span><\/p>\n","protected":false},"excerpt":{"rendered":"<p><span style=\"font-weight: 400;\">Les ambulances Ashok Leyland offrent une solution efficace pour les services m\u00e9dicaux d\u2019urgence, alliant robustesse m\u00e9canique et compartiment clinique enti\u00e8rement \u00e9quip\u00e9. Con\u00e7ues sur les plateformes \u00e9prouv\u00e9es de la marque, ces unit\u00e9s sont pens\u00e9es pour garantir un transport s\u00e9curis\u00e9 des patients et des conditions de travail optimales pour les \u00e9quipes m\u00e9dicales. L\u2019int\u00e9rieur comprend un syst\u00e8me de climatisation, des armoires de rangement pour \u00e9quipements m\u00e9dicaux, des si\u00e8ges pour le m\u00e9decin et l\u2019assistant, une civi\u00e8re pliable, des \u00e9quipements d\u2019immobilisation tels qu\u2019une civi\u00e8re scoop et une planche dorsale, ainsi que des solutions d\u2019alimentation \u00e9lectrique et de r\u00e9frig\u00e9ration pour les fournitures m\u00e9dicales. Adapt\u00e9es aux environnements op\u00e9rationnels exigeants, les ambulances Ashok Leyland offrent durabilit\u00e9, s\u00e9curit\u00e9 et performance pour les h\u00f4pitaux, les cliniques, les services d\u2019urgence et les institutions gouvernementales.<\/span><\/p>\n","protected":false},"featured_media":4757,"comment_status":"closed","ping_status":"closed","template":"","meta":{"_acf_changed":false},"product_brand":[],"product_cat":[458],"product_tag":[],"class_list":{"0":"post-4759","1":"product","2":"type-product","3":"status-publish","4":"has-post-thumbnail","6":"product_cat-sem-categoria-fr","7":"marcas-ashok-leyland","8":"tipo_produto-ambulances-fr","10":"first","11":"instock","12":"shipping-taxable","13":"product-type-simple"},"acf":[],"yoast_head":"<!-- This site is optimized with the Yoast SEO plugin v25.2 - https:\/\/yoast.com\/wordpress\/plugins\/seo\/ -->\n<title>Ambulances - Trevotech Group<\/title>\n<meta name=\"description\" content=\"Les ambulances Ashok Leyland offrent une solution efficace pour les services m\u00e9dicaux d\u2019urgence, alliant robustesse m\u00e9canique et compartiment...\" \/>\n<meta name=\"robots\" content=\"index, follow, max-snippet:-1, max-image-preview:large, max-video-preview:-1\" \/>\n<link rel=\"canonical\" href=\"https:\/\/trevotech.com\/fr\/produto\/ambulances\/\" \/>\n<meta property=\"og:locale\" content=\"fr_FR\" \/>\n<meta property=\"og:type\" content=\"article\" \/>\n<meta property=\"og:title\" content=\"Ambulances - Trevotech Group\" \/>\n<meta property=\"og:description\" content=\"Les ambulances Ashok Leyland offrent une solution efficace pour les services m\u00e9dicaux d\u2019urgence, alliant robustesse m\u00e9canique et compartiment...\" \/>\n<meta property=\"og:url\" content=\"https:\/\/trevotech.com\/fr\/produto\/ambulances\/\" \/>\n<meta property=\"og:site_name\" content=\"Trevotech Group\" \/>\n<meta property=\"article:modified_time\" content=\"2026-03-11T09:09:58+00:00\" \/>\n<meta property=\"og:image\" content=\"https:\/\/trevotech.com\/wp-content\/uploads\/2026\/03\/Gemini_Generated_Image_wj5suswj5suswj5s-e1773220192380.webp\" \/>\n\t<meta property=\"og:image:width\" content=\"945\" \/>\n\t<meta property=\"og:image:height\" content=\"937\" \/>\n\t<meta property=\"og:image:type\" content=\"image\/webp\" \/>\n<meta name=\"twitter:card\" content=\"summary_large_image\" \/>\n<meta name=\"twitter:label1\" content=\"Dur\u00e9e de lecture estim\u00e9e\" \/>\n\t<meta name=\"twitter:data1\" content=\"3 minutes\" \/>\n<script type=\"application\/ld+json\" class=\"yoast-schema-graph\">{\"@context\":\"https:\/\/schema.org\",\"@graph\":[{\"@type\":\"WebPage\",\"@id\":\"https:\/\/trevotech.com\/fr\/produto\/ambulances\/\",\"url\":\"https:\/\/trevotech.com\/fr\/produto\/ambulances\/\",\"name\":\"Ambulances - Trevotech Group\",\"isPartOf\":{\"@id\":\"https:\/\/trevotech.com\/fr\/#website\"},\"primaryImageOfPage\":{\"@id\":\"https:\/\/trevotech.com\/fr\/produto\/ambulances\/#primaryimage\"},\"image\":{\"@id\":\"https:\/\/trevotech.com\/fr\/produto\/ambulances\/#primaryimage\"},\"thumbnailUrl\":\"https:\/\/trevotech.com\/wp-content\/uploads\/2026\/03\/Gemini_Generated_Image_wj5suswj5suswj5s-e1773220192380.webp\",\"datePublished\":\"2026-03-11T08:54:00+00:00\",\"dateModified\":\"2026-03-11T09:09:58+00:00\",\"description\":\"Les ambulances Ashok Leyland offrent une solution efficace pour les services m\u00e9dicaux d\u2019urgence, alliant robustesse m\u00e9canique et compartiment...\",\"breadcrumb\":{\"@id\":\"https:\/\/trevotech.com\/fr\/produto\/ambulances\/#breadcrumb\"},\"inLanguage\":\"fr-FR\",\"potentialAction\":[{\"@type\":\"ReadAction\",\"target\":[\"https:\/\/trevotech.com\/fr\/produto\/ambulances\/\"]}]},{\"@type\":\"ImageObject\",\"inLanguage\":\"fr-FR\",\"@id\":\"https:\/\/trevotech.com\/fr\/produto\/ambulances\/#primaryimage\",\"url\":\"https:\/\/trevotech.com\/wp-content\/uploads\/2026\/03\/Gemini_Generated_Image_wj5suswj5suswj5s-e1773220192380.webp\",\"contentUrl\":\"https:\/\/trevotech.com\/wp-content\/uploads\/2026\/03\/Gemini_Generated_Image_wj5suswj5suswj5s-e1773220192380.webp\",\"width\":945,\"height\":937,\"caption\":\"Ambulancias\"},{\"@type\":\"BreadcrumbList\",\"@id\":\"https:\/\/trevotech.com\/fr\/produto\/ambulances\/#breadcrumb\",\"itemListElement\":[{\"@type\":\"ListItem\",\"position\":1,\"name\":\"In\u00edcio\",\"item\":\"https:\/\/trevotech.com\/fr\/\"},{\"@type\":\"ListItem\",\"position\":2,\"name\":\"Produits\",\"item\":\"https:\/\/trevotech.com\/fr\/shop\/\"},{\"@type\":\"ListItem\",\"position\":3,\"name\":\"Ambulances\"}]},{\"@type\":\"WebSite\",\"@id\":\"https:\/\/trevotech.com\/fr\/#website\",\"url\":\"https:\/\/trevotech.com\/fr\/\",\"name\":\"Trevotech Group\",\"description\":\"\",\"potentialAction\":[{\"@type\":\"SearchAction\",\"target\":{\"@type\":\"EntryPoint\",\"urlTemplate\":\"https:\/\/trevotech.com\/fr\/?s={search_term_string}\"},\"query-input\":{\"@type\":\"PropertyValueSpecification\",\"valueRequired\":true,\"valueName\":\"search_term_string\"}}],\"inLanguage\":\"fr-FR\"}]}<\/script>\n<!-- \/ Yoast SEO plugin. -->","yoast_head_json":{"title":"Ambulances - Trevotech Group","description":"Les ambulances Ashok Leyland offrent une solution efficace pour les services m\u00e9dicaux d\u2019urgence, alliant robustesse m\u00e9canique et compartiment...","robots":{"index":"index","follow":"follow","max-snippet":"max-snippet:-1","max-image-preview":"max-image-preview:large","max-video-preview":"max-video-preview:-1"},"canonical":"https:\/\/trevotech.com\/fr\/produto\/ambulances\/","og_locale":"fr_FR","og_type":"article","og_title":"Ambulances - Trevotech Group","og_description":"Les ambulances Ashok Leyland offrent une solution efficace pour les services m\u00e9dicaux d\u2019urgence, alliant robustesse m\u00e9canique et compartiment...","og_url":"https:\/\/trevotech.com\/fr\/produto\/ambulances\/","og_site_name":"Trevotech Group","article_modified_time":"2026-03-11T09:09:58+00:00","og_image":[{"width":945,"height":937,"url":"https:\/\/trevotech.com\/wp-content\/uploads\/2026\/03\/Gemini_Generated_Image_wj5suswj5suswj5s-e1773220192380.webp","type":"image\/webp"}],"twitter_card":"summary_large_image","twitter_misc":{"Dur\u00e9e de lecture estim\u00e9e":"3 minutes"},"schema":{"@context":"https:\/\/schema.org","@graph":[{"@type":"WebPage","@id":"https:\/\/trevotech.com\/fr\/produto\/ambulances\/","url":"https:\/\/trevotech.com\/fr\/produto\/ambulances\/","name":"Ambulances - Trevotech Group","isPartOf":{"@id":"https:\/\/trevotech.com\/fr\/#website"},"primaryImageOfPage":{"@id":"https:\/\/trevotech.com\/fr\/produto\/ambulances\/#primaryimage"},"image":{"@id":"https:\/\/trevotech.com\/fr\/produto\/ambulances\/#primaryimage"},"thumbnailUrl":"https:\/\/trevotech.com\/wp-content\/uploads\/2026\/03\/Gemini_Generated_Image_wj5suswj5suswj5s-e1773220192380.webp","datePublished":"2026-03-11T08:54:00+00:00","dateModified":"2026-03-11T09:09:58+00:00","description":"Les ambulances Ashok Leyland offrent une solution efficace pour les services m\u00e9dicaux d\u2019urgence, alliant robustesse m\u00e9canique et compartiment...","breadcrumb":{"@id":"https:\/\/trevotech.com\/fr\/produto\/ambulances\/#breadcrumb"},"inLanguage":"fr-FR","potentialAction":[{"@type":"ReadAction","target":["https:\/\/trevotech.com\/fr\/produto\/ambulances\/"]}]},{"@type":"ImageObject","inLanguage":"fr-FR","@id":"https:\/\/trevotech.com\/fr\/produto\/ambulances\/#primaryimage","url":"https:\/\/trevotech.com\/wp-content\/uploads\/2026\/03\/Gemini_Generated_Image_wj5suswj5suswj5s-e1773220192380.webp","contentUrl":"https:\/\/trevotech.com\/wp-content\/uploads\/2026\/03\/Gemini_Generated_Image_wj5suswj5suswj5s-e1773220192380.webp","width":945,"height":937,"caption":"Ambulancias"},{"@type":"BreadcrumbList","@id":"https:\/\/trevotech.com\/fr\/produto\/ambulances\/#breadcrumb","itemListElement":[{"@type":"ListItem","position":1,"name":"In\u00edcio","item":"https:\/\/trevotech.com\/fr\/"},{"@type":"ListItem","position":2,"name":"Produits","item":"https:\/\/trevotech.com\/fr\/shop\/"},{"@type":"ListItem","position":3,"name":"Ambulances"}]},{"@type":"WebSite","@id":"https:\/\/trevotech.com\/fr\/#website","url":"https:\/\/trevotech.com\/fr\/","name":"Trevotech Group","description":"","potentialAction":[{"@type":"SearchAction","target":{"@type":"EntryPoint","urlTemplate":"https:\/\/trevotech.com\/fr\/?s={search_term_string}"},"query-input":{"@type":"PropertyValueSpecification","valueRequired":true,"valueName":"search_term_string"}}],"inLanguage":"fr-FR"}]}},"_links":{"self":[{"href":"https:\/\/trevotech.com\/fr\/wp-json\/wp\/v2\/product\/4759","targetHints":{"allow":["GET"]}}],"collection":[{"href":"https:\/\/trevotech.com\/fr\/wp-json\/wp\/v2\/product"}],"about":[{"href":"https:\/\/trevotech.com\/fr\/wp-json\/wp\/v2\/types\/product"}],"replies":[{"embeddable":true,"href":"https:\/\/trevotech.com\/fr\/wp-json\/wp\/v2\/comments?post=4759"}],"wp:featuredmedia":[{"embeddable":true,"href":"https:\/\/trevotech.com\/fr\/wp-json\/wp\/v2\/media\/4757"}],"wp:attachment":[{"href":"https:\/\/trevotech.com\/fr\/wp-json\/wp\/v2\/media?parent=4759"}],"wp:term":[{"taxonomy":"product_brand","embeddable":true,"href":"https:\/\/trevotech.com\/fr\/wp-json\/wp\/v2\/product_brand?post=4759"},{"taxonomy":"product_cat","embeddable":true,"href":"https:\/\/trevotech.com\/fr\/wp-json\/wp\/v2\/product_cat?post=4759"},{"taxonomy":"product_tag","embeddable":true,"href":"https:\/\/trevotech.com\/fr\/wp-json\/wp\/v2\/product_tag?post=4759"}],"curies":[{"name":"wp","href":"https:\/\/api.w.org\/{rel}","templated":true}]}}