{"id":4855,"date":"2026-03-24T10:38:45","date_gmt":"2026-03-24T10:38:45","guid":{"rendered":"https:\/\/trevotech.com\/produto\/starlet\/"},"modified":"2026-03-24T10:41:54","modified_gmt":"2026-03-24T10:41:54","slug":"starlet","status":"publish","type":"product","link":"https:\/\/trevotech.com\/fr\/produto\/starlet\/","title":{"rendered":"Starlet"},"content":{"rendered":"<p><span style=\"font-weight: 400;\">O <a href=\"https:\/\/trevotech.com\/fr\/?attachment_id=244\">Toyota<\/a> Starlet \u00e9 um hatchback moderno e eficiente concebido para oferecer excelente valor, fiabilidade e praticidade para a mobilidade di\u00e1ria. Desenvolvido com a reconhecida engenharia da Toyota e um design centrado no utilizador, o Starlet proporciona excelente efici\u00eancia de combust\u00edvel, desempenho \u00e1gil e uma experi\u00eancia de condu\u00e7\u00e3o confort\u00e1vel, tornando-se ideal para desloca\u00e7\u00f5es urbanas, frotas empresariais, servi\u00e7os de entrega e plataformas de transporte por aplica\u00e7\u00e3o. As suas dimens\u00f5es compactas garantem f\u00e1cil manobrabilidade em ambientes urbanos movimentados, enquanto o interior espa\u00e7oso, a tecnologia moderna e as avan\u00e7adas funcionalidades de seguran\u00e7a proporcionam conforto e confian\u00e7a em cada viagem. Com baixos custos de utiliza\u00e7\u00e3o, elevada durabilidade e o reconhecido servi\u00e7o p\u00f3s-venda da Toyota, o Starlet \u00e9 uma solu\u00e7\u00e3o inteligente para particulares e empresas que procuram um ve\u00edculo fi\u00e1vel e econ\u00f3mico para uso di\u00e1rio e profissional.<\/span><\/p>\n<p><span style=\"font-weight: 400;\">O Toyota Starlet \u00e9 um hatchback moderno e eficiente concebido para oferecer excelente valor, fiabilidade e praticidade para a mobilidade di\u00e1ria. Desenvolvido com a reconhecida engenharia da Toyota e um design centrado no utilizador, o Starlet proporciona excelente efici\u00eancia de combust\u00edvel, desempenho \u00e1gil e uma experi\u00eancia de condu\u00e7\u00e3o confort\u00e1vel, tornando-se ideal para desloca\u00e7\u00f5es urbanas, frotas empresariais, servi\u00e7os de entrega e plataformas de transporte por aplica\u00e7\u00e3o. As suas dimens\u00f5es compactas garantem f\u00e1cil manobrabilidade em ambientes urbanos movimentados, enquanto o interior espa\u00e7oso, a tecnologia moderna e as avan\u00e7adas funcionalidades de seguran\u00e7a proporcionam conforto e confian\u00e7a em cada viagem. Com baixos custos de utiliza\u00e7\u00e3o, elevada durabilidade e o reconhecido servi\u00e7o p\u00f3s-venda da Toyota, o Starlet \u00e9 uma solu\u00e7\u00e3o inteligente para particulares e empresas que procuram um ve\u00edculo fi\u00e1vel e econ\u00f3mico para uso di\u00e1rio e profissional.<\/span><\/p>\n<p><span style=\"font-weight: 400;\">O Toyota Starlet \u00e9 um hatchback moderno e eficiente concebido para oferecer excelente valor, fiabilidade e praticidade para a mobilidade di\u00e1ria. Desenvolvido com a reconhecida engenharia da Toyota e um design centrado no utilizador, o Starlet proporciona excelente efici\u00eancia de combust\u00edvel, desempenho \u00e1gil e uma experi\u00eancia de condu\u00e7\u00e3o confort\u00e1vel, tornando-se ideal para desloca\u00e7\u00f5es urbanas, frotas empresariais, servi\u00e7os de entrega e plataformas de transporte por aplica\u00e7\u00e3o. As suas dimens\u00f5es compactas garantem f\u00e1cil manobrabilidade em ambientes urbanos movimentados, enquanto o interior espa\u00e7oso, a tecnologia moderna e as avan\u00e7adas funcionalidades de seguran\u00e7a proporcionam conforto e confian\u00e7a em cada viagem. Com baixos custos de utiliza\u00e7\u00e3o, elevada durabilidade e o reconhecido servi\u00e7o p\u00f3s-venda da Toyota, o Starlet \u00e9 uma solu\u00e7\u00e3o inteligente para particulares e empresas que procuram um ve\u00edculo fi\u00e1vel e econ\u00f3mico para uso di\u00e1rio e profissional.<\/span><\/p>\n","protected":false},"excerpt":{"rendered":"<p><span style=\"font-weight: 400;\">La Toyota Starlet est une citadine moderne et efficace con\u00e7ue pour offrir un excellent rapport qualit\u00e9-prix, une grande fiabilit\u00e9 et une praticit\u00e9 optimale pour la mobilit\u00e9 quotidienne. D\u00e9velopp\u00e9e avec l\u2019ing\u00e9nierie reconnue de Toyota et un design centr\u00e9 sur l\u2019utilisateur, la Starlet offre une excellente efficacit\u00e9 \u00e9nerg\u00e9tique, des performances dynamiques et une exp\u00e9rience de conduite confortable, ce qui la rend id\u00e9ale pour les d\u00e9placements urbains, les flottes d\u2019entreprise, les services de livraison et les plateformes de transport via application. Ses dimensions compactes garantissent une grande facilit\u00e9 de man\u0153uvre en milieu urbain, tandis que l\u2019int\u00e9rieur spacieux, la technologie moderne et les syst\u00e8mes de s\u00e9curit\u00e9 avanc\u00e9s assurent confort et s\u00e9r\u00e9nit\u00e9 \u00e0 chaque trajet. Avec de faibles co\u00fbts d\u2019utilisation, une grande durabilit\u00e9 et le service apr\u00e8s-vente reconnu de Toyota, la Starlet repr\u00e9sente une solution intelligente pour les particuliers et les entreprises recherchant un v\u00e9hicule fiable et \u00e9conomique pour un usage quotidien et professionnel.<\/span><\/p>\n","protected":false},"featured_media":4853,"comment_status":"closed","ping_status":"closed","template":"","meta":{"_acf_changed":false},"product_brand":[],"product_cat":[458],"product_tag":[],"class_list":{"0":"post-4855","1":"product","2":"type-product","3":"status-publish","4":"has-post-thumbnail","6":"product_cat-sem-categoria-fr","7":"setores-automobile","8":"marcas-toyota","9":"tipo_produto-starlet-fr","11":"first","12":"instock","13":"shipping-taxable","14":"product-type-simple"},"acf":[],"yoast_head":"<!-- This site is optimized with the Yoast SEO plugin v25.2 - https:\/\/yoast.com\/wordpress\/plugins\/seo\/ -->\n<title>Starlet Toyota - Trevotech Group<\/title>\n<meta name=\"description\" content=\"La Toyota Starlet est une citadine moderne et efficace con\u00e7ue pour offrir un excellent rapport qualit\u00e9-prix, une grande fiabilit\u00e9 et une praticit\u00e9...\" \/>\n<meta name=\"robots\" content=\"index, follow, max-snippet:-1, max-image-preview:large, max-video-preview:-1\" \/>\n<link rel=\"canonical\" href=\"https:\/\/trevotech.com\/fr\/produto\/starlet\/\" \/>\n<meta property=\"og:locale\" content=\"fr_FR\" \/>\n<meta property=\"og:type\" content=\"article\" \/>\n<meta property=\"og:title\" content=\"Starlet Toyota - Trevotech Group\" \/>\n<meta property=\"og:description\" content=\"La Toyota Starlet est une citadine moderne et efficace con\u00e7ue pour offrir un excellent rapport qualit\u00e9-prix, une grande fiabilit\u00e9 et une praticit\u00e9...\" \/>\n<meta property=\"og:url\" content=\"https:\/\/trevotech.com\/fr\/produto\/starlet\/\" \/>\n<meta property=\"og:site_name\" content=\"Trevotech Group\" \/>\n<meta property=\"article:modified_time\" content=\"2026-03-24T10:41:54+00:00\" \/>\n<meta property=\"og:image\" content=\"https:\/\/trevotech.com\/wp-content\/uploads\/2026\/03\/Starlet-scaled.webp\" \/>\n\t<meta property=\"og:image:width\" content=\"2560\" \/>\n\t<meta property=\"og:image:height\" content=\"2560\" \/>\n\t<meta property=\"og:image:type\" content=\"image\/webp\" \/>\n<meta name=\"twitter:card\" content=\"summary_large_image\" \/>\n<meta name=\"twitter:label1\" content=\"Dur\u00e9e de lecture estim\u00e9e\" \/>\n\t<meta name=\"twitter:data1\" content=\"3 minutes\" \/>\n<script type=\"application\/ld+json\" class=\"yoast-schema-graph\">{\"@context\":\"https:\/\/schema.org\",\"@graph\":[{\"@type\":\"WebPage\",\"@id\":\"https:\/\/trevotech.com\/fr\/produto\/starlet\/\",\"url\":\"https:\/\/trevotech.com\/fr\/produto\/starlet\/\",\"name\":\"Starlet Toyota - Trevotech Group\",\"isPartOf\":{\"@id\":\"https:\/\/trevotech.com\/fr\/#website\"},\"primaryImageOfPage\":{\"@id\":\"https:\/\/trevotech.com\/fr\/produto\/starlet\/#primaryimage\"},\"image\":{\"@id\":\"https:\/\/trevotech.com\/fr\/produto\/starlet\/#primaryimage\"},\"thumbnailUrl\":\"https:\/\/trevotech.com\/wp-content\/uploads\/2026\/03\/Starlet-scaled.webp\",\"datePublished\":\"2026-03-24T10:38:45+00:00\",\"dateModified\":\"2026-03-24T10:41:54+00:00\",\"description\":\"La Toyota Starlet est une citadine moderne et efficace con\u00e7ue pour offrir un excellent rapport qualit\u00e9-prix, une grande fiabilit\u00e9 et une praticit\u00e9...\",\"breadcrumb\":{\"@id\":\"https:\/\/trevotech.com\/fr\/produto\/starlet\/#breadcrumb\"},\"inLanguage\":\"fr-FR\",\"potentialAction\":[{\"@type\":\"ReadAction\",\"target\":[\"https:\/\/trevotech.com\/fr\/produto\/starlet\/\"]}]},{\"@type\":\"ImageObject\",\"inLanguage\":\"fr-FR\",\"@id\":\"https:\/\/trevotech.com\/fr\/produto\/starlet\/#primaryimage\",\"url\":\"https:\/\/trevotech.com\/wp-content\/uploads\/2026\/03\/Starlet-scaled.webp\",\"contentUrl\":\"https:\/\/trevotech.com\/wp-content\/uploads\/2026\/03\/Starlet-scaled.webp\",\"width\":2560,\"height\":2560,\"caption\":\"Starlet\"},{\"@type\":\"BreadcrumbList\",\"@id\":\"https:\/\/trevotech.com\/fr\/produto\/starlet\/#breadcrumb\",\"itemListElement\":[{\"@type\":\"ListItem\",\"position\":1,\"name\":\"In\u00edcio\",\"item\":\"https:\/\/trevotech.com\/fr\/\"},{\"@type\":\"ListItem\",\"position\":2,\"name\":\"Produits\",\"item\":\"https:\/\/trevotech.com\/fr\/shop\/\"},{\"@type\":\"ListItem\",\"position\":3,\"name\":\"Starlet\"}]},{\"@type\":\"WebSite\",\"@id\":\"https:\/\/trevotech.com\/fr\/#website\",\"url\":\"https:\/\/trevotech.com\/fr\/\",\"name\":\"Trevotech Group\",\"description\":\"\",\"potentialAction\":[{\"@type\":\"SearchAction\",\"target\":{\"@type\":\"EntryPoint\",\"urlTemplate\":\"https:\/\/trevotech.com\/fr\/?s={search_term_string}\"},\"query-input\":{\"@type\":\"PropertyValueSpecification\",\"valueRequired\":true,\"valueName\":\"search_term_string\"}}],\"inLanguage\":\"fr-FR\"}]}<\/script>\n<!-- \/ Yoast SEO plugin. -->","yoast_head_json":{"title":"Starlet Toyota - Trevotech Group","description":"La Toyota Starlet est une citadine moderne et efficace con\u00e7ue pour offrir un excellent rapport qualit\u00e9-prix, une grande fiabilit\u00e9 et une praticit\u00e9...","robots":{"index":"index","follow":"follow","max-snippet":"max-snippet:-1","max-image-preview":"max-image-preview:large","max-video-preview":"max-video-preview:-1"},"canonical":"https:\/\/trevotech.com\/fr\/produto\/starlet\/","og_locale":"fr_FR","og_type":"article","og_title":"Starlet Toyota - Trevotech Group","og_description":"La Toyota Starlet est une citadine moderne et efficace con\u00e7ue pour offrir un excellent rapport qualit\u00e9-prix, une grande fiabilit\u00e9 et une praticit\u00e9...","og_url":"https:\/\/trevotech.com\/fr\/produto\/starlet\/","og_site_name":"Trevotech Group","article_modified_time":"2026-03-24T10:41:54+00:00","og_image":[{"width":2560,"height":2560,"url":"https:\/\/trevotech.com\/wp-content\/uploads\/2026\/03\/Starlet-scaled.webp","type":"image\/webp"}],"twitter_card":"summary_large_image","twitter_misc":{"Dur\u00e9e de lecture estim\u00e9e":"3 minutes"},"schema":{"@context":"https:\/\/schema.org","@graph":[{"@type":"WebPage","@id":"https:\/\/trevotech.com\/fr\/produto\/starlet\/","url":"https:\/\/trevotech.com\/fr\/produto\/starlet\/","name":"Starlet Toyota - Trevotech Group","isPartOf":{"@id":"https:\/\/trevotech.com\/fr\/#website"},"primaryImageOfPage":{"@id":"https:\/\/trevotech.com\/fr\/produto\/starlet\/#primaryimage"},"image":{"@id":"https:\/\/trevotech.com\/fr\/produto\/starlet\/#primaryimage"},"thumbnailUrl":"https:\/\/trevotech.com\/wp-content\/uploads\/2026\/03\/Starlet-scaled.webp","datePublished":"2026-03-24T10:38:45+00:00","dateModified":"2026-03-24T10:41:54+00:00","description":"La Toyota Starlet est une citadine moderne et efficace con\u00e7ue pour offrir un excellent rapport qualit\u00e9-prix, une grande fiabilit\u00e9 et une praticit\u00e9...","breadcrumb":{"@id":"https:\/\/trevotech.com\/fr\/produto\/starlet\/#breadcrumb"},"inLanguage":"fr-FR","potentialAction":[{"@type":"ReadAction","target":["https:\/\/trevotech.com\/fr\/produto\/starlet\/"]}]},{"@type":"ImageObject","inLanguage":"fr-FR","@id":"https:\/\/trevotech.com\/fr\/produto\/starlet\/#primaryimage","url":"https:\/\/trevotech.com\/wp-content\/uploads\/2026\/03\/Starlet-scaled.webp","contentUrl":"https:\/\/trevotech.com\/wp-content\/uploads\/2026\/03\/Starlet-scaled.webp","width":2560,"height":2560,"caption":"Starlet"},{"@type":"BreadcrumbList","@id":"https:\/\/trevotech.com\/fr\/produto\/starlet\/#breadcrumb","itemListElement":[{"@type":"ListItem","position":1,"name":"In\u00edcio","item":"https:\/\/trevotech.com\/fr\/"},{"@type":"ListItem","position":2,"name":"Produits","item":"https:\/\/trevotech.com\/fr\/shop\/"},{"@type":"ListItem","position":3,"name":"Starlet"}]},{"@type":"WebSite","@id":"https:\/\/trevotech.com\/fr\/#website","url":"https:\/\/trevotech.com\/fr\/","name":"Trevotech Group","description":"","potentialAction":[{"@type":"SearchAction","target":{"@type":"EntryPoint","urlTemplate":"https:\/\/trevotech.com\/fr\/?s={search_term_string}"},"query-input":{"@type":"PropertyValueSpecification","valueRequired":true,"valueName":"search_term_string"}}],"inLanguage":"fr-FR"}]}},"_links":{"self":[{"href":"https:\/\/trevotech.com\/fr\/wp-json\/wp\/v2\/product\/4855","targetHints":{"allow":["GET"]}}],"collection":[{"href":"https:\/\/trevotech.com\/fr\/wp-json\/wp\/v2\/product"}],"about":[{"href":"https:\/\/trevotech.com\/fr\/wp-json\/wp\/v2\/types\/product"}],"replies":[{"embeddable":true,"href":"https:\/\/trevotech.com\/fr\/wp-json\/wp\/v2\/comments?post=4855"}],"wp:featuredmedia":[{"embeddable":true,"href":"https:\/\/trevotech.com\/fr\/wp-json\/wp\/v2\/media\/4853"}],"wp:attachment":[{"href":"https:\/\/trevotech.com\/fr\/wp-json\/wp\/v2\/media?parent=4855"}],"wp:term":[{"taxonomy":"product_brand","embeddable":true,"href":"https:\/\/trevotech.com\/fr\/wp-json\/wp\/v2\/product_brand?post=4855"},{"taxonomy":"product_cat","embeddable":true,"href":"https:\/\/trevotech.com\/fr\/wp-json\/wp\/v2\/product_cat?post=4855"},{"taxonomy":"product_tag","embeddable":true,"href":"https:\/\/trevotech.com\/fr\/wp-json\/wp\/v2\/product_tag?post=4855"}],"curies":[{"name":"wp","href":"https:\/\/api.w.org\/{rel}","templated":true}]}}